{"id":3612,"date":"2024-05-02T13:07:29","date_gmt":"2024-05-02T13:07:29","guid":{"rendered":"http:\/\/puzzleparfum.com\/?post_type=product&#038;p=3612"},"modified":"2025-11-20T19:36:43","modified_gmt":"2025-11-20T19:36:43","slug":"puzzle-fibonacci-2-5ml","status":"publish","type":"product","link":"https:\/\/puzzleparfum.com\/en\/product\/puzzle-fibonacci-2-5ml\/","title":{"rendered":"Puzzle Fibonacci 2.5 ml"},"content":{"rendered":"","protected":false},"excerpt":{"rendered":"<p style=\"font-weight: 400;\">\u201cThe name means the golden ratio, that is, the unit to measure the proportion in living things. The golden ratio reminds me of the significant role of numbers in the formation of the universe. And this is the essence and sense the perfume offers.\u201d<\/p>\n<p style=\"font-weight: 400;\">Being derived from artist\u2019s own work with its numbered certificate and limited availability, the Puzzle Fibonacci bottle has been meticulously designed to maintain its existence as an artistic object.<\/p>\n<p style=\"font-weight: 400;\">Top Notes: Bergamot, clove bud, cinnamon, nutmeg and safroon<\/p>\n<p style=\"font-weight: 400;\">Middle Notes: Violet, jasmine and black orchid<\/p>\n<p style=\"font-weight: 400;\">Base Notes: Amber, vanilla, oud and patchouli<\/p>\n<p style=\"font-weight: 400;\">Product Code: 33081<\/p>\n<p>2.5 ml<\/p>","protected":false},"featured_media":159752,"template":"","meta":[],"product_brand":[],"product_cat":[15,83,228],"product_tag":[],"class_list":{"0":"post-3612","1":"product","2":"type-product","3":"status-publish","4":"has-post-thumbnail","6":"product_cat-all","7":"product_cat-discovery-tester","8":"product_cat-tester","10":"first","11":"instock","12":"shipping-taxable","13":"purchasable","14":"product-type-simple"},"yoast_head":"<!-- This site is optimized with the Yoast SEO plugin v27.3 - https:\/\/yoast.com\/product\/yoast-seo-wordpress\/ -->\n<title>Puzzle Fibonacci 2.5 ml - Puzzle Perfume<\/title>\n<meta name=\"robots\" content=\"index, follow, max-snippet:-1, max-image-preview:large, max-video-preview:-1\" \/>\n<link rel=\"canonical\" href=\"https:\/\/puzzleparfum.com\/en\/product\/puzzle-fibonacci-2-5ml\/\" \/>\n<meta property=\"og:locale\" content=\"en_US\" \/>\n<meta property=\"og:type\" content=\"article\" \/>\n<meta property=\"og:title\" content=\"Puzzle Fibonacci 2.5 ml - Puzzle Perfume\" \/>\n<meta property=\"og:description\" content=\"\u201cManas\u0131 alt\u0131n orand\u0131r yani canl\u0131lar\u0131n proporsiyon \u00f6l\u00e7\u00fc birimidir. Alt\u0131n oran, benim i\u00e7in evrenin olu\u015fumunda say\u0131lar\u0131n \u00e7ok \u00f6nemli bir rol oynad\u0131\u011f\u0131n\u0131 hat\u0131rlat\u0131r. Esans ve duyu olarak i\u00e7inde bunlar\u0131 bar\u0131nd\u0131rmaktad\u0131r.\u201d Sanat\u00e7\u0131n\u0131n kendi eserinden evrilen tasar\u0131m\u0131 ve \u00f6zel numaral\u0131 sertifikas\u0131yla gelen s\u0131n\u0131rl\u0131 say\u0131daki Puzzle Fibonacci \u015fi\u015fesi , sanatsal birer obje olarak varl\u0131klar\u0131n\u0131 s\u00fcrd\u00fcrmesi amac\u0131yla \u00f6zenle tasarlanm\u0131\u015ft\u0131r. \u00dcst Notalar: Bergamot, karanfil, tar\u00e7\u0131n, muskat ve safran Orta Notalar: Menek\u015fe, yasemin ve siyah orkide Alt Notalar: Amber, vanilya, ud ve pa\u00e7uli \u00dcr\u00fcn Kodu: 33081 2.5 ml\" \/>\n<meta property=\"og:url\" content=\"https:\/\/puzzleparfum.com\/en\/product\/puzzle-fibonacci-2-5ml\/\" \/>\n<meta property=\"og:site_name\" content=\"Puzzle Perfume\" \/>\n<meta property=\"article:modified_time\" content=\"2025-11-20T19:36:43+00:00\" \/>\n<meta property=\"og:image\" content=\"https:\/\/puzzleparfum.com\/wp-content\/uploads\/2024\/05\/fibonacci2.5.webp\" \/>\n\t<meta property=\"og:image:width\" content=\"1600\" \/>\n\t<meta property=\"og:image:height\" content=\"1800\" \/>\n\t<meta property=\"og:image:type\" content=\"image\/webp\" \/>\n<meta name=\"twitter:card\" content=\"summary_large_image\" \/>\n<script type=\"application\/ld+json\" class=\"yoast-schema-graph\">{\"@context\":\"https:\\\/\\\/schema.org\",\"@graph\":[{\"@type\":\"WebPage\",\"@id\":\"https:\\\/\\\/puzzleparfum.com\\\/product\\\/puzzle-fibonacci-2-5ml\\\/\",\"url\":\"https:\\\/\\\/puzzleparfum.com\\\/product\\\/puzzle-fibonacci-2-5ml\\\/\",\"name\":\"Puzzle Fibonacci 2.5 ml - Puzzle Perfume\",\"isPartOf\":{\"@id\":\"https:\\\/\\\/puzzleparfum.com\\\/#website\"},\"primaryImageOfPage\":{\"@id\":\"https:\\\/\\\/puzzleparfum.com\\\/product\\\/puzzle-fibonacci-2-5ml\\\/#primaryimage\"},\"image\":{\"@id\":\"https:\\\/\\\/puzzleparfum.com\\\/product\\\/puzzle-fibonacci-2-5ml\\\/#primaryimage\"},\"thumbnailUrl\":\"https:\\\/\\\/puzzleparfum.com\\\/wp-content\\\/uploads\\\/2024\\\/05\\\/fibonacci2.5.webp\",\"datePublished\":\"2024-05-02T13:07:29+00:00\",\"dateModified\":\"2025-11-20T19:36:43+00:00\",\"breadcrumb\":{\"@id\":\"https:\\\/\\\/puzzleparfum.com\\\/product\\\/puzzle-fibonacci-2-5ml\\\/#breadcrumb\"},\"inLanguage\":\"en-US\",\"potentialAction\":[{\"@type\":\"ReadAction\",\"target\":[\"https:\\\/\\\/puzzleparfum.com\\\/product\\\/puzzle-fibonacci-2-5ml\\\/\"]}]},{\"@type\":\"ImageObject\",\"inLanguage\":\"en-US\",\"@id\":\"https:\\\/\\\/puzzleparfum.com\\\/product\\\/puzzle-fibonacci-2-5ml\\\/#primaryimage\",\"url\":\"https:\\\/\\\/puzzleparfum.com\\\/wp-content\\\/uploads\\\/2024\\\/05\\\/fibonacci2.5.webp\",\"contentUrl\":\"https:\\\/\\\/puzzleparfum.com\\\/wp-content\\\/uploads\\\/2024\\\/05\\\/fibonacci2.5.webp\",\"width\":1600,\"height\":1800},{\"@type\":\"BreadcrumbList\",\"@id\":\"https:\\\/\\\/puzzleparfum.com\\\/product\\\/puzzle-fibonacci-2-5ml\\\/#breadcrumb\",\"itemListElement\":[{\"@type\":\"ListItem\",\"position\":1,\"name\":\"Home\",\"item\":\"https:\\\/\\\/puzzleparfum.com\\\/\"},{\"@type\":\"ListItem\",\"position\":2,\"name\":\"\u00dcr\u00fcnler\",\"item\":\"https:\\\/\\\/puzzleparfum.com\\\/shop-2\\\/\"},{\"@type\":\"ListItem\",\"position\":3,\"name\":\"Puzzle Fibonacci 2.5 ml\"}]},{\"@type\":\"WebSite\",\"@id\":\"https:\\\/\\\/puzzleparfum.com\\\/#website\",\"url\":\"https:\\\/\\\/puzzleparfum.com\\\/\",\"name\":\"Puzzle Perfume\",\"description\":\"\",\"publisher\":{\"@id\":\"https:\\\/\\\/puzzleparfum.com\\\/#organization\"},\"potentialAction\":[{\"@type\":\"SearchAction\",\"target\":{\"@type\":\"EntryPoint\",\"urlTemplate\":\"https:\\\/\\\/puzzleparfum.com\\\/?s={search_term_string}\"},\"query-input\":{\"@type\":\"PropertyValueSpecification\",\"valueRequired\":true,\"valueName\":\"search_term_string\"}}],\"inLanguage\":\"en-US\"},{\"@type\":\"Organization\",\"@id\":\"https:\\\/\\\/puzzleparfum.com\\\/#organization\",\"name\":\"Puzzle Perfume\",\"url\":\"https:\\\/\\\/puzzleparfum.com\\\/\",\"logo\":{\"@type\":\"ImageObject\",\"inLanguage\":\"en-US\",\"@id\":\"https:\\\/\\\/puzzleparfum.com\\\/#\\\/schema\\\/logo\\\/image\\\/\",\"url\":\"http:\\\/\\\/puzzleparfum.com\\\/wp-content\\\/uploads\\\/2023\\\/02\\\/PPlogo.png\",\"contentUrl\":\"http:\\\/\\\/puzzleparfum.com\\\/wp-content\\\/uploads\\\/2023\\\/02\\\/PPlogo.png\",\"width\":4496,\"height\":1272,\"caption\":\"Puzzle Perfume\"},\"image\":{\"@id\":\"https:\\\/\\\/puzzleparfum.com\\\/#\\\/schema\\\/logo\\\/image\\\/\"},\"sameAs\":[\"https:\\\/\\\/www.instagram.com\\\/puzzleparfum\\\/\"]}]}<\/script>\n<!-- \/ Yoast SEO plugin. -->","yoast_head_json":{"title":"Puzzle Fibonacci 2.5 ml - Puzzle Perfume","robots":{"index":"index","follow":"follow","max-snippet":"max-snippet:-1","max-image-preview":"max-image-preview:large","max-video-preview":"max-video-preview:-1"},"canonical":"https:\/\/puzzleparfum.com\/en\/product\/puzzle-fibonacci-2-5ml\/","og_locale":"en_US","og_type":"article","og_title":"Puzzle Fibonacci 2.5 ml - Puzzle Perfume","og_description":"\u201cManas\u0131 alt\u0131n orand\u0131r yani canl\u0131lar\u0131n proporsiyon \u00f6l\u00e7\u00fc birimidir. Alt\u0131n oran, benim i\u00e7in evrenin olu\u015fumunda say\u0131lar\u0131n \u00e7ok \u00f6nemli bir rol oynad\u0131\u011f\u0131n\u0131 hat\u0131rlat\u0131r. Esans ve duyu olarak i\u00e7inde bunlar\u0131 bar\u0131nd\u0131rmaktad\u0131r.\u201d Sanat\u00e7\u0131n\u0131n kendi eserinden evrilen tasar\u0131m\u0131 ve \u00f6zel numaral\u0131 sertifikas\u0131yla gelen s\u0131n\u0131rl\u0131 say\u0131daki Puzzle Fibonacci \u015fi\u015fesi , sanatsal birer obje olarak varl\u0131klar\u0131n\u0131 s\u00fcrd\u00fcrmesi amac\u0131yla \u00f6zenle tasarlanm\u0131\u015ft\u0131r. \u00dcst Notalar: Bergamot, karanfil, tar\u00e7\u0131n, muskat ve safran Orta Notalar: Menek\u015fe, yasemin ve siyah orkide Alt Notalar: Amber, vanilya, ud ve pa\u00e7uli \u00dcr\u00fcn Kodu: 33081 2.5 ml","og_url":"https:\/\/puzzleparfum.com\/en\/product\/puzzle-fibonacci-2-5ml\/","og_site_name":"Puzzle Perfume","article_modified_time":"2025-11-20T19:36:43+00:00","og_image":[{"width":1600,"height":1800,"url":"https:\/\/puzzleparfum.com\/wp-content\/uploads\/2024\/05\/fibonacci2.5.webp","type":"image\/webp"}],"twitter_card":"summary_large_image","schema":{"@context":"https:\/\/schema.org","@graph":[{"@type":"WebPage","@id":"https:\/\/puzzleparfum.com\/product\/puzzle-fibonacci-2-5ml\/","url":"https:\/\/puzzleparfum.com\/product\/puzzle-fibonacci-2-5ml\/","name":"Puzzle Fibonacci 2.5 ml - Puzzle Perfume","isPartOf":{"@id":"https:\/\/puzzleparfum.com\/#website"},"primaryImageOfPage":{"@id":"https:\/\/puzzleparfum.com\/product\/puzzle-fibonacci-2-5ml\/#primaryimage"},"image":{"@id":"https:\/\/puzzleparfum.com\/product\/puzzle-fibonacci-2-5ml\/#primaryimage"},"thumbnailUrl":"https:\/\/puzzleparfum.com\/wp-content\/uploads\/2024\/05\/fibonacci2.5.webp","datePublished":"2024-05-02T13:07:29+00:00","dateModified":"2025-11-20T19:36:43+00:00","breadcrumb":{"@id":"https:\/\/puzzleparfum.com\/product\/puzzle-fibonacci-2-5ml\/#breadcrumb"},"inLanguage":"en-US","potentialAction":[{"@type":"ReadAction","target":["https:\/\/puzzleparfum.com\/product\/puzzle-fibonacci-2-5ml\/"]}]},{"@type":"ImageObject","inLanguage":"en-US","@id":"https:\/\/puzzleparfum.com\/product\/puzzle-fibonacci-2-5ml\/#primaryimage","url":"https:\/\/puzzleparfum.com\/wp-content\/uploads\/2024\/05\/fibonacci2.5.webp","contentUrl":"https:\/\/puzzleparfum.com\/wp-content\/uploads\/2024\/05\/fibonacci2.5.webp","width":1600,"height":1800},{"@type":"BreadcrumbList","@id":"https:\/\/puzzleparfum.com\/product\/puzzle-fibonacci-2-5ml\/#breadcrumb","itemListElement":[{"@type":"ListItem","position":1,"name":"Home","item":"https:\/\/puzzleparfum.com\/"},{"@type":"ListItem","position":2,"name":"\u00dcr\u00fcnler","item":"https:\/\/puzzleparfum.com\/shop-2\/"},{"@type":"ListItem","position":3,"name":"Puzzle Fibonacci 2.5 ml"}]},{"@type":"WebSite","@id":"https:\/\/puzzleparfum.com\/#website","url":"https:\/\/puzzleparfum.com\/","name":"Puzzle Perfume","description":"","publisher":{"@id":"https:\/\/puzzleparfum.com\/#organization"},"potentialAction":[{"@type":"SearchAction","target":{"@type":"EntryPoint","urlTemplate":"https:\/\/puzzleparfum.com\/?s={search_term_string}"},"query-input":{"@type":"PropertyValueSpecification","valueRequired":true,"valueName":"search_term_string"}}],"inLanguage":"en-US"},{"@type":"Organization","@id":"https:\/\/puzzleparfum.com\/#organization","name":"Puzzle Perfume","url":"https:\/\/puzzleparfum.com\/","logo":{"@type":"ImageObject","inLanguage":"en-US","@id":"https:\/\/puzzleparfum.com\/#\/schema\/logo\/image\/","url":"http:\/\/puzzleparfum.com\/wp-content\/uploads\/2023\/02\/PPlogo.png","contentUrl":"http:\/\/puzzleparfum.com\/wp-content\/uploads\/2023\/02\/PPlogo.png","width":4496,"height":1272,"caption":"Puzzle Perfume"},"image":{"@id":"https:\/\/puzzleparfum.com\/#\/schema\/logo\/image\/"},"sameAs":["https:\/\/www.instagram.com\/puzzleparfum\/"]}]}},"_links":{"self":[{"href":"https:\/\/puzzleparfum.com\/en\/wp-json\/wp\/v2\/product\/3612","targetHints":{"allow":["GET"]}}],"collection":[{"href":"https:\/\/puzzleparfum.com\/en\/wp-json\/wp\/v2\/product"}],"about":[{"href":"https:\/\/puzzleparfum.com\/en\/wp-json\/wp\/v2\/types\/product"}],"wp:featuredmedia":[{"embeddable":true,"href":"https:\/\/puzzleparfum.com\/en\/wp-json\/wp\/v2\/media\/159752"}],"wp:attachment":[{"href":"https:\/\/puzzleparfum.com\/en\/wp-json\/wp\/v2\/media?parent=3612"}],"wp:term":[{"taxonomy":"product_brand","embeddable":true,"href":"https:\/\/puzzleparfum.com\/en\/wp-json\/wp\/v2\/product_brand?post=3612"},{"taxonomy":"product_cat","embeddable":true,"href":"https:\/\/puzzleparfum.com\/en\/wp-json\/wp\/v2\/product_cat?post=3612"},{"taxonomy":"product_tag","embeddable":true,"href":"https:\/\/puzzleparfum.com\/en\/wp-json\/wp\/v2\/product_tag?post=3612"}],"curies":[{"name":"wp","href":"https:\/\/api.w.org\/{rel}","templated":true}]}}