{"id":3319,"date":"2023-08-25T11:04:01","date_gmt":"2023-08-25T11:04:01","guid":{"rendered":"http:\/\/puzzleparfum.com\/?post_type=product&#038;p=3319"},"modified":"2026-01-10T21:08:55","modified_gmt":"2026-01-10T21:08:55","slug":"puzzle-daylight","status":"publish","type":"product","link":"https:\/\/puzzleparfum.com\/en\/product\/puzzle-daylight\/","title":{"rendered":"Puzzle Daylight"},"content":{"rendered":"","protected":false},"excerpt":{"rendered":"<p style=\"font-weight: 400;\">\u201cThe first feeling this one awakes in me may be described as a new beginning or even an awakening after recovery. We may even describe it as a feeling of starting a new day with a clean slate, with the opportunity of being enlightened and enlightening others. And this is the essence and sense the perfume offers.\u201d<\/p>\n<p style=\"font-weight: 400;\">Being derived from artist\u2019s own work with its numbered certificate and limited availability, the Puzzle Daylight bottle has been meticulously designed to maintain its existence as an artistic object.<\/p>\n<p style=\"font-weight: 400;\">Top Notes: Lemon<\/p>\n<p style=\"font-weight: 400;\">Middle Notes: Rose, clove, tonka bean and orange blossom<\/p>\n<p style=\"font-weight: 400;\">Base Notes: Amber, patchouli, caramel, vanilla and sandalwood<\/p>\n<p style=\"font-weight: 400;\">Product Code: 33050<\/p>\n<p>90 ml e 3.04 fl.oz.<\/p>","protected":false},"featured_media":159757,"template":"","meta":[],"product_brand":[],"product_cat":[15,84,226,230],"product_tag":[227],"class_list":{"0":"post-3319","1":"product","2":"type-product","3":"status-publish","4":"has-post-thumbnail","6":"product_cat-all","7":"product_cat-parfum-discovery","8":"product_cat-parfum","9":"product_cat-mesopotamia","10":"product_tag-parfum","11":"product_shipping_class-free-shipping","13":"first","14":"instock","15":"featured","16":"shipping-taxable","17":"purchasable","18":"product-type-simple"},"yoast_head":"<!-- This site is optimized with the Yoast SEO plugin v27.4 - https:\/\/yoast.com\/product\/yoast-seo-wordpress\/ -->\n<title>Puzzle Daylight - Puzzle Perfume<\/title>\n<meta name=\"robots\" content=\"index, follow, max-snippet:-1, max-image-preview:large, max-video-preview:-1\" \/>\n<link rel=\"canonical\" href=\"https:\/\/puzzleparfum.com\/en\/product\/puzzle-daylight\/\" \/>\n<meta property=\"og:locale\" content=\"en_US\" \/>\n<meta property=\"og:type\" content=\"article\" \/>\n<meta property=\"og:title\" content=\"Puzzle Daylight - Puzzle Perfume\" \/>\n<meta property=\"og:description\" content=\"\u201cManas\u0131 g\u00fcn\u0131\u015f\u0131\u011f\u0131d\u0131r. Bende yaratt\u0131\u011f\u0131 ilk hissiyat ise yeni bir ba\u015flang\u0131\u00e7 hatta iyile\u015fmeden sonraki uyan\u0131\u015f da denilebilir. Belki de yeni bir g\u00fcne tertemiz bir sayfa ile ba\u015flay\u0131p \u00f6nce ayd\u0131nlanmaya sonra da ayd\u0131nlatmaya y\u00f6nelik bir hissiyat gibi de diyebiliriz. Esans ve duyu olarak i\u00e7inde bunlar\u0131 bar\u0131nd\u0131rmaktad\u0131r.\u201d Sanat\u00e7\u0131n\u0131n kendi eserinden evrilen tasar\u0131m\u0131 ve \u00f6zel numaral\u0131 sertifikas\u0131yla gelen s\u0131n\u0131rl\u0131 say\u0131daki Puzzle Daylight \u015fi\u015fesi , sanatsal birer obje olarak varl\u0131klar\u0131n\u0131 s\u00fcrd\u00fcrmesi amac\u0131yla \u00f6zenle tasarlanm\u0131\u015ft\u0131r. \u00dcst Notalar: Limon Orta Notalar: G\u00fcl, karanfil, tonka tohumu ve portakal \u00e7i\u00e7e\u011fi Alt Notalar: Amber, pa\u00e7uli, karamel, vanilya ve sandala\u011fac\u0131 \u00dcr\u00fcn Kodu: 33050 90 ml e 3.04 fl.oz.\" \/>\n<meta property=\"og:url\" content=\"https:\/\/puzzleparfum.com\/en\/product\/puzzle-daylight\/\" \/>\n<meta property=\"og:site_name\" content=\"Puzzle Perfume\" \/>\n<meta property=\"article:modified_time\" content=\"2026-01-10T21:08:55+00:00\" \/>\n<meta property=\"og:image\" content=\"https:\/\/puzzleparfum.com\/wp-content\/uploads\/2023\/08\/daylight.webp\" \/>\n\t<meta property=\"og:image:width\" content=\"1600\" \/>\n\t<meta property=\"og:image:height\" content=\"1800\" \/>\n\t<meta property=\"og:image:type\" content=\"image\/webp\" \/>\n<meta name=\"twitter:card\" content=\"summary_large_image\" \/>\n<meta name=\"twitter:label1\" content=\"Est. reading time\" \/>\n\t<meta name=\"twitter:data1\" content=\"1 minute\" \/>\n<script type=\"application\/ld+json\" class=\"yoast-schema-graph\">{\"@context\":\"https:\\\/\\\/schema.org\",\"@graph\":[{\"@type\":\"WebPage\",\"@id\":\"https:\\\/\\\/puzzleparfum.com\\\/product\\\/puzzle-daylight\\\/\",\"url\":\"https:\\\/\\\/puzzleparfum.com\\\/product\\\/puzzle-daylight\\\/\",\"name\":\"Puzzle Daylight - Puzzle Perfume\",\"isPartOf\":{\"@id\":\"https:\\\/\\\/puzzleparfum.com\\\/#website\"},\"primaryImageOfPage\":{\"@id\":\"https:\\\/\\\/puzzleparfum.com\\\/product\\\/puzzle-daylight\\\/#primaryimage\"},\"image\":{\"@id\":\"https:\\\/\\\/puzzleparfum.com\\\/product\\\/puzzle-daylight\\\/#primaryimage\"},\"thumbnailUrl\":\"https:\\\/\\\/puzzleparfum.com\\\/wp-content\\\/uploads\\\/2023\\\/08\\\/daylight.webp\",\"datePublished\":\"2023-08-25T11:04:01+00:00\",\"dateModified\":\"2026-01-10T21:08:55+00:00\",\"breadcrumb\":{\"@id\":\"https:\\\/\\\/puzzleparfum.com\\\/product\\\/puzzle-daylight\\\/#breadcrumb\"},\"inLanguage\":\"en-US\",\"potentialAction\":[{\"@type\":\"ReadAction\",\"target\":[\"https:\\\/\\\/puzzleparfum.com\\\/product\\\/puzzle-daylight\\\/\"]}]},{\"@type\":\"ImageObject\",\"inLanguage\":\"en-US\",\"@id\":\"https:\\\/\\\/puzzleparfum.com\\\/product\\\/puzzle-daylight\\\/#primaryimage\",\"url\":\"https:\\\/\\\/puzzleparfum.com\\\/wp-content\\\/uploads\\\/2023\\\/08\\\/daylight.webp\",\"contentUrl\":\"https:\\\/\\\/puzzleparfum.com\\\/wp-content\\\/uploads\\\/2023\\\/08\\\/daylight.webp\",\"width\":1600,\"height\":1800},{\"@type\":\"BreadcrumbList\",\"@id\":\"https:\\\/\\\/puzzleparfum.com\\\/product\\\/puzzle-daylight\\\/#breadcrumb\",\"itemListElement\":[{\"@type\":\"ListItem\",\"position\":1,\"name\":\"Home\",\"item\":\"https:\\\/\\\/puzzleparfum.com\\\/\"},{\"@type\":\"ListItem\",\"position\":2,\"name\":\"\u00dcr\u00fcnler\",\"item\":\"https:\\\/\\\/puzzleparfum.com\\\/shop-2\\\/\"},{\"@type\":\"ListItem\",\"position\":3,\"name\":\"Puzzle Daylight\"}]},{\"@type\":\"WebSite\",\"@id\":\"https:\\\/\\\/puzzleparfum.com\\\/#website\",\"url\":\"https:\\\/\\\/puzzleparfum.com\\\/\",\"name\":\"Puzzle Perfume\",\"description\":\"\",\"publisher\":{\"@id\":\"https:\\\/\\\/puzzleparfum.com\\\/#organization\"},\"potentialAction\":[{\"@type\":\"SearchAction\",\"target\":{\"@type\":\"EntryPoint\",\"urlTemplate\":\"https:\\\/\\\/puzzleparfum.com\\\/?s={search_term_string}\"},\"query-input\":{\"@type\":\"PropertyValueSpecification\",\"valueRequired\":true,\"valueName\":\"search_term_string\"}}],\"inLanguage\":\"en-US\"},{\"@type\":\"Organization\",\"@id\":\"https:\\\/\\\/puzzleparfum.com\\\/#organization\",\"name\":\"Puzzle Perfume\",\"url\":\"https:\\\/\\\/puzzleparfum.com\\\/\",\"logo\":{\"@type\":\"ImageObject\",\"inLanguage\":\"en-US\",\"@id\":\"https:\\\/\\\/puzzleparfum.com\\\/#\\\/schema\\\/logo\\\/image\\\/\",\"url\":\"http:\\\/\\\/puzzleparfum.com\\\/wp-content\\\/uploads\\\/2023\\\/02\\\/PPlogo.png\",\"contentUrl\":\"http:\\\/\\\/puzzleparfum.com\\\/wp-content\\\/uploads\\\/2023\\\/02\\\/PPlogo.png\",\"width\":4496,\"height\":1272,\"caption\":\"Puzzle Perfume\"},\"image\":{\"@id\":\"https:\\\/\\\/puzzleparfum.com\\\/#\\\/schema\\\/logo\\\/image\\\/\"},\"sameAs\":[\"https:\\\/\\\/www.instagram.com\\\/puzzleparfum\\\/\"]}]}<\/script>\n<!-- \/ Yoast SEO plugin. -->","yoast_head_json":{"title":"Puzzle Daylight - Puzzle Perfume","robots":{"index":"index","follow":"follow","max-snippet":"max-snippet:-1","max-image-preview":"max-image-preview:large","max-video-preview":"max-video-preview:-1"},"canonical":"https:\/\/puzzleparfum.com\/en\/product\/puzzle-daylight\/","og_locale":"en_US","og_type":"article","og_title":"Puzzle Daylight - Puzzle Perfume","og_description":"\u201cManas\u0131 g\u00fcn\u0131\u015f\u0131\u011f\u0131d\u0131r. Bende yaratt\u0131\u011f\u0131 ilk hissiyat ise yeni bir ba\u015flang\u0131\u00e7 hatta iyile\u015fmeden sonraki uyan\u0131\u015f da denilebilir. Belki de yeni bir g\u00fcne tertemiz bir sayfa ile ba\u015flay\u0131p \u00f6nce ayd\u0131nlanmaya sonra da ayd\u0131nlatmaya y\u00f6nelik bir hissiyat gibi de diyebiliriz. Esans ve duyu olarak i\u00e7inde bunlar\u0131 bar\u0131nd\u0131rmaktad\u0131r.\u201d Sanat\u00e7\u0131n\u0131n kendi eserinden evrilen tasar\u0131m\u0131 ve \u00f6zel numaral\u0131 sertifikas\u0131yla gelen s\u0131n\u0131rl\u0131 say\u0131daki Puzzle Daylight \u015fi\u015fesi , sanatsal birer obje olarak varl\u0131klar\u0131n\u0131 s\u00fcrd\u00fcrmesi amac\u0131yla \u00f6zenle tasarlanm\u0131\u015ft\u0131r. \u00dcst Notalar: Limon Orta Notalar: G\u00fcl, karanfil, tonka tohumu ve portakal \u00e7i\u00e7e\u011fi Alt Notalar: Amber, pa\u00e7uli, karamel, vanilya ve sandala\u011fac\u0131 \u00dcr\u00fcn Kodu: 33050 90 ml e 3.04 fl.oz.","og_url":"https:\/\/puzzleparfum.com\/en\/product\/puzzle-daylight\/","og_site_name":"Puzzle Perfume","article_modified_time":"2026-01-10T21:08:55+00:00","og_image":[{"width":1600,"height":1800,"url":"https:\/\/puzzleparfum.com\/wp-content\/uploads\/2023\/08\/daylight.webp","type":"image\/webp"}],"twitter_card":"summary_large_image","twitter_misc":{"Est. reading time":"1 minute"},"schema":{"@context":"https:\/\/schema.org","@graph":[{"@type":"WebPage","@id":"https:\/\/puzzleparfum.com\/product\/puzzle-daylight\/","url":"https:\/\/puzzleparfum.com\/product\/puzzle-daylight\/","name":"Puzzle Daylight - Puzzle Perfume","isPartOf":{"@id":"https:\/\/puzzleparfum.com\/#website"},"primaryImageOfPage":{"@id":"https:\/\/puzzleparfum.com\/product\/puzzle-daylight\/#primaryimage"},"image":{"@id":"https:\/\/puzzleparfum.com\/product\/puzzle-daylight\/#primaryimage"},"thumbnailUrl":"https:\/\/puzzleparfum.com\/wp-content\/uploads\/2023\/08\/daylight.webp","datePublished":"2023-08-25T11:04:01+00:00","dateModified":"2026-01-10T21:08:55+00:00","breadcrumb":{"@id":"https:\/\/puzzleparfum.com\/product\/puzzle-daylight\/#breadcrumb"},"inLanguage":"en-US","potentialAction":[{"@type":"ReadAction","target":["https:\/\/puzzleparfum.com\/product\/puzzle-daylight\/"]}]},{"@type":"ImageObject","inLanguage":"en-US","@id":"https:\/\/puzzleparfum.com\/product\/puzzle-daylight\/#primaryimage","url":"https:\/\/puzzleparfum.com\/wp-content\/uploads\/2023\/08\/daylight.webp","contentUrl":"https:\/\/puzzleparfum.com\/wp-content\/uploads\/2023\/08\/daylight.webp","width":1600,"height":1800},{"@type":"BreadcrumbList","@id":"https:\/\/puzzleparfum.com\/product\/puzzle-daylight\/#breadcrumb","itemListElement":[{"@type":"ListItem","position":1,"name":"Home","item":"https:\/\/puzzleparfum.com\/"},{"@type":"ListItem","position":2,"name":"\u00dcr\u00fcnler","item":"https:\/\/puzzleparfum.com\/shop-2\/"},{"@type":"ListItem","position":3,"name":"Puzzle Daylight"}]},{"@type":"WebSite","@id":"https:\/\/puzzleparfum.com\/#website","url":"https:\/\/puzzleparfum.com\/","name":"Puzzle Perfume","description":"","publisher":{"@id":"https:\/\/puzzleparfum.com\/#organization"},"potentialAction":[{"@type":"SearchAction","target":{"@type":"EntryPoint","urlTemplate":"https:\/\/puzzleparfum.com\/?s={search_term_string}"},"query-input":{"@type":"PropertyValueSpecification","valueRequired":true,"valueName":"search_term_string"}}],"inLanguage":"en-US"},{"@type":"Organization","@id":"https:\/\/puzzleparfum.com\/#organization","name":"Puzzle Perfume","url":"https:\/\/puzzleparfum.com\/","logo":{"@type":"ImageObject","inLanguage":"en-US","@id":"https:\/\/puzzleparfum.com\/#\/schema\/logo\/image\/","url":"http:\/\/puzzleparfum.com\/wp-content\/uploads\/2023\/02\/PPlogo.png","contentUrl":"http:\/\/puzzleparfum.com\/wp-content\/uploads\/2023\/02\/PPlogo.png","width":4496,"height":1272,"caption":"Puzzle Perfume"},"image":{"@id":"https:\/\/puzzleparfum.com\/#\/schema\/logo\/image\/"},"sameAs":["https:\/\/www.instagram.com\/puzzleparfum\/"]}]}},"_links":{"self":[{"href":"https:\/\/puzzleparfum.com\/en\/wp-json\/wp\/v2\/product\/3319","targetHints":{"allow":["GET"]}}],"collection":[{"href":"https:\/\/puzzleparfum.com\/en\/wp-json\/wp\/v2\/product"}],"about":[{"href":"https:\/\/puzzleparfum.com\/en\/wp-json\/wp\/v2\/types\/product"}],"wp:featuredmedia":[{"embeddable":true,"href":"https:\/\/puzzleparfum.com\/en\/wp-json\/wp\/v2\/media\/159757"}],"wp:attachment":[{"href":"https:\/\/puzzleparfum.com\/en\/wp-json\/wp\/v2\/media?parent=3319"}],"wp:term":[{"taxonomy":"product_brand","embeddable":true,"href":"https:\/\/puzzleparfum.com\/en\/wp-json\/wp\/v2\/product_brand?post=3319"},{"taxonomy":"product_cat","embeddable":true,"href":"https:\/\/puzzleparfum.com\/en\/wp-json\/wp\/v2\/product_cat?post=3319"},{"taxonomy":"product_tag","embeddable":true,"href":"https:\/\/puzzleparfum.com\/en\/wp-json\/wp\/v2\/product_tag?post=3319"}],"curies":[{"name":"wp","href":"https:\/\/api.w.org\/{rel}","templated":true}]}}