{"id":3107,"date":"2023-02-27T13:55:35","date_gmt":"2023-02-27T13:55:35","guid":{"rendered":"https:\/\/puzzleperfume.com\/?post_type=product&#038;p=3107"},"modified":"2026-01-10T21:10:55","modified_gmt":"2026-01-10T21:10:55","slug":"puzzle-purgatory","status":"publish","type":"product","link":"https:\/\/puzzleparfum.com\/en\/product\/puzzle-purgatory\/","title":{"rendered":"Puzzle Purgatory"},"content":{"rendered":"","protected":false},"excerpt":{"rendered":"<p style=\"font-weight: 400;\">\u201cPurgatory has always been the stable and safe space between the worldliness and the spirituality for me and this is the essence and sense the perfume offers.\u201d<\/p>\n<p style=\"font-weight: 400;\">Being derived from artist\u2019s own work with its numbered certificate and limited availability, the Puzzle Purgatory bottle has been meticulously designed to maintain its existence as an artistic object.<\/p>\n<p style=\"font-weight: 400;\"><strong>\u00a0<\/strong><\/p>\n<p style=\"font-weight: 400;\">Top Notes: Saffron, orange and plum<\/p>\n<p style=\"font-weight: 400;\">Middle Notes: Patchouli, orris root and rose<\/p>\n<p style=\"font-weight: 400;\">Base Notes: Vetiver, agarwood, musk, amber and honey<\/p>\n<p style=\"font-weight: 400;\">Product Code: 33029<\/p>\n<p>90 ml e 3.04 fl.oz.<\/p>","protected":false},"featured_media":3521,"template":"","meta":[],"product_brand":[],"product_cat":[15,84,226,230],"product_tag":[],"class_list":{"0":"post-3107","1":"product","2":"type-product","3":"status-publish","4":"has-post-thumbnail","6":"product_cat-all","7":"product_cat-parfum-discovery","8":"product_cat-parfum","9":"product_cat-mesopotamia","10":"product_shipping_class-free-shipping","12":"first","13":"instock","14":"shipping-taxable","15":"purchasable","16":"product-type-simple"},"yoast_head":"<!-- This site is optimized with the Yoast SEO plugin v27.4 - https:\/\/yoast.com\/product\/yoast-seo-wordpress\/ -->\n<title>Puzzle Purgatory - Puzzle Perfume<\/title>\n<meta name=\"robots\" content=\"index, follow, max-snippet:-1, max-image-preview:large, max-video-preview:-1\" \/>\n<link rel=\"canonical\" href=\"https:\/\/puzzleparfum.com\/en\/product\/puzzle-purgatory\/\" \/>\n<meta property=\"og:locale\" content=\"en_US\" \/>\n<meta property=\"og:type\" content=\"article\" \/>\n<meta property=\"og:title\" content=\"Puzzle Purgatory - Puzzle Perfume\" \/>\n<meta property=\"og:description\" content=\"\u201cManas\u0131 Araf\u2019t\u0131r. Araf benim i\u00e7in her zaman d\u00fcnyevilik ile ruhanilik aras\u0131ndaki stabil ve g\u00fcvenli aland\u0131r. Esans ve duyu olarak i\u00e7inde bunlar\u0131 bar\u0131nd\u0131rmaktad\u0131r.\u201d Sanat\u00e7\u0131n\u0131n kendi eserinden evrilen tasar\u0131m\u0131 ve \u00f6zel numaral\u0131 sertifikas\u0131yla gelen s\u0131n\u0131rl\u0131 say\u0131daki Puzzle Purgatory \u015fi\u015fesi , sanatsal birer obje olarak varl\u0131klar\u0131n\u0131 s\u00fcrd\u00fcrmesi amac\u0131yla \u00f6zenle tasarlanm\u0131\u015ft\u0131r. \u00a0 \u00dcst Notalar: Safran, portakal ve erik Orta Notalar: Pa\u00e7uli, s\u00fcsen k\u00f6k\u00fc ve g\u00fcl Alt Notalar: Vetiver, \u00f6d a\u011fac\u0131, misk, amber ve bal \u00dcr\u00fcn Kodu: 33029 90 ml e 3.04 fl.oz.\" \/>\n<meta property=\"og:url\" content=\"https:\/\/puzzleparfum.com\/en\/product\/puzzle-purgatory\/\" \/>\n<meta property=\"og:site_name\" content=\"Puzzle Perfume\" \/>\n<meta property=\"article:modified_time\" content=\"2026-01-10T21:10:55+00:00\" \/>\n<meta property=\"og:image\" content=\"https:\/\/puzzleparfum.com\/wp-content\/uploads\/2023\/02\/SHT09681.jpg\" \/>\n\t<meta property=\"og:image:width\" content=\"2019\" \/>\n\t<meta property=\"og:image:height\" content=\"2301\" \/>\n\t<meta property=\"og:image:type\" content=\"image\/jpeg\" \/>\n<meta name=\"twitter:card\" content=\"summary_large_image\" \/>\n<meta name=\"twitter:label1\" content=\"Est. reading time\" \/>\n\t<meta name=\"twitter:data1\" content=\"1 minute\" \/>\n<script type=\"application\/ld+json\" class=\"yoast-schema-graph\">{\"@context\":\"https:\\\/\\\/schema.org\",\"@graph\":[{\"@type\":\"WebPage\",\"@id\":\"https:\\\/\\\/puzzleparfum.com\\\/product\\\/puzzle-purgatory\\\/\",\"url\":\"https:\\\/\\\/puzzleparfum.com\\\/product\\\/puzzle-purgatory\\\/\",\"name\":\"Puzzle Purgatory - Puzzle Perfume\",\"isPartOf\":{\"@id\":\"https:\\\/\\\/puzzleparfum.com\\\/#website\"},\"primaryImageOfPage\":{\"@id\":\"https:\\\/\\\/puzzleparfum.com\\\/product\\\/puzzle-purgatory\\\/#primaryimage\"},\"image\":{\"@id\":\"https:\\\/\\\/puzzleparfum.com\\\/product\\\/puzzle-purgatory\\\/#primaryimage\"},\"thumbnailUrl\":\"https:\\\/\\\/puzzleparfum.com\\\/wp-content\\\/uploads\\\/2023\\\/02\\\/SHT09681.jpg\",\"datePublished\":\"2023-02-27T13:55:35+00:00\",\"dateModified\":\"2026-01-10T21:10:55+00:00\",\"breadcrumb\":{\"@id\":\"https:\\\/\\\/puzzleparfum.com\\\/product\\\/puzzle-purgatory\\\/#breadcrumb\"},\"inLanguage\":\"en-US\",\"potentialAction\":[{\"@type\":\"ReadAction\",\"target\":[\"https:\\\/\\\/puzzleparfum.com\\\/product\\\/puzzle-purgatory\\\/\"]}]},{\"@type\":\"ImageObject\",\"inLanguage\":\"en-US\",\"@id\":\"https:\\\/\\\/puzzleparfum.com\\\/product\\\/puzzle-purgatory\\\/#primaryimage\",\"url\":\"https:\\\/\\\/puzzleparfum.com\\\/wp-content\\\/uploads\\\/2023\\\/02\\\/SHT09681.jpg\",\"contentUrl\":\"https:\\\/\\\/puzzleparfum.com\\\/wp-content\\\/uploads\\\/2023\\\/02\\\/SHT09681.jpg\",\"width\":2019,\"height\":2301},{\"@type\":\"BreadcrumbList\",\"@id\":\"https:\\\/\\\/puzzleparfum.com\\\/product\\\/puzzle-purgatory\\\/#breadcrumb\",\"itemListElement\":[{\"@type\":\"ListItem\",\"position\":1,\"name\":\"Home\",\"item\":\"https:\\\/\\\/puzzleparfum.com\\\/\"},{\"@type\":\"ListItem\",\"position\":2,\"name\":\"\u00dcr\u00fcnler\",\"item\":\"https:\\\/\\\/puzzleparfum.com\\\/shop-2\\\/\"},{\"@type\":\"ListItem\",\"position\":3,\"name\":\"Puzzle Purgatory\"}]},{\"@type\":\"WebSite\",\"@id\":\"https:\\\/\\\/puzzleparfum.com\\\/#website\",\"url\":\"https:\\\/\\\/puzzleparfum.com\\\/\",\"name\":\"Puzzle Perfume\",\"description\":\"\",\"publisher\":{\"@id\":\"https:\\\/\\\/puzzleparfum.com\\\/#organization\"},\"potentialAction\":[{\"@type\":\"SearchAction\",\"target\":{\"@type\":\"EntryPoint\",\"urlTemplate\":\"https:\\\/\\\/puzzleparfum.com\\\/?s={search_term_string}\"},\"query-input\":{\"@type\":\"PropertyValueSpecification\",\"valueRequired\":true,\"valueName\":\"search_term_string\"}}],\"inLanguage\":\"en-US\"},{\"@type\":\"Organization\",\"@id\":\"https:\\\/\\\/puzzleparfum.com\\\/#organization\",\"name\":\"Puzzle Perfume\",\"url\":\"https:\\\/\\\/puzzleparfum.com\\\/\",\"logo\":{\"@type\":\"ImageObject\",\"inLanguage\":\"en-US\",\"@id\":\"https:\\\/\\\/puzzleparfum.com\\\/#\\\/schema\\\/logo\\\/image\\\/\",\"url\":\"http:\\\/\\\/puzzleparfum.com\\\/wp-content\\\/uploads\\\/2023\\\/02\\\/PPlogo.png\",\"contentUrl\":\"http:\\\/\\\/puzzleparfum.com\\\/wp-content\\\/uploads\\\/2023\\\/02\\\/PPlogo.png\",\"width\":4496,\"height\":1272,\"caption\":\"Puzzle Perfume\"},\"image\":{\"@id\":\"https:\\\/\\\/puzzleparfum.com\\\/#\\\/schema\\\/logo\\\/image\\\/\"},\"sameAs\":[\"https:\\\/\\\/www.instagram.com\\\/puzzleparfum\\\/\"]}]}<\/script>\n<!-- \/ Yoast SEO plugin. -->","yoast_head_json":{"title":"Puzzle Purgatory - Puzzle Perfume","robots":{"index":"index","follow":"follow","max-snippet":"max-snippet:-1","max-image-preview":"max-image-preview:large","max-video-preview":"max-video-preview:-1"},"canonical":"https:\/\/puzzleparfum.com\/en\/product\/puzzle-purgatory\/","og_locale":"en_US","og_type":"article","og_title":"Puzzle Purgatory - Puzzle Perfume","og_description":"\u201cManas\u0131 Araf\u2019t\u0131r. Araf benim i\u00e7in her zaman d\u00fcnyevilik ile ruhanilik aras\u0131ndaki stabil ve g\u00fcvenli aland\u0131r. Esans ve duyu olarak i\u00e7inde bunlar\u0131 bar\u0131nd\u0131rmaktad\u0131r.\u201d Sanat\u00e7\u0131n\u0131n kendi eserinden evrilen tasar\u0131m\u0131 ve \u00f6zel numaral\u0131 sertifikas\u0131yla gelen s\u0131n\u0131rl\u0131 say\u0131daki Puzzle Purgatory \u015fi\u015fesi , sanatsal birer obje olarak varl\u0131klar\u0131n\u0131 s\u00fcrd\u00fcrmesi amac\u0131yla \u00f6zenle tasarlanm\u0131\u015ft\u0131r. \u00a0 \u00dcst Notalar: Safran, portakal ve erik Orta Notalar: Pa\u00e7uli, s\u00fcsen k\u00f6k\u00fc ve g\u00fcl Alt Notalar: Vetiver, \u00f6d a\u011fac\u0131, misk, amber ve bal \u00dcr\u00fcn Kodu: 33029 90 ml e 3.04 fl.oz.","og_url":"https:\/\/puzzleparfum.com\/en\/product\/puzzle-purgatory\/","og_site_name":"Puzzle Perfume","article_modified_time":"2026-01-10T21:10:55+00:00","og_image":[{"width":2019,"height":2301,"url":"https:\/\/puzzleparfum.com\/wp-content\/uploads\/2023\/02\/SHT09681.jpg","type":"image\/jpeg"}],"twitter_card":"summary_large_image","twitter_misc":{"Est. reading time":"1 minute"},"schema":{"@context":"https:\/\/schema.org","@graph":[{"@type":"WebPage","@id":"https:\/\/puzzleparfum.com\/product\/puzzle-purgatory\/","url":"https:\/\/puzzleparfum.com\/product\/puzzle-purgatory\/","name":"Puzzle Purgatory - Puzzle Perfume","isPartOf":{"@id":"https:\/\/puzzleparfum.com\/#website"},"primaryImageOfPage":{"@id":"https:\/\/puzzleparfum.com\/product\/puzzle-purgatory\/#primaryimage"},"image":{"@id":"https:\/\/puzzleparfum.com\/product\/puzzle-purgatory\/#primaryimage"},"thumbnailUrl":"https:\/\/puzzleparfum.com\/wp-content\/uploads\/2023\/02\/SHT09681.jpg","datePublished":"2023-02-27T13:55:35+00:00","dateModified":"2026-01-10T21:10:55+00:00","breadcrumb":{"@id":"https:\/\/puzzleparfum.com\/product\/puzzle-purgatory\/#breadcrumb"},"inLanguage":"en-US","potentialAction":[{"@type":"ReadAction","target":["https:\/\/puzzleparfum.com\/product\/puzzle-purgatory\/"]}]},{"@type":"ImageObject","inLanguage":"en-US","@id":"https:\/\/puzzleparfum.com\/product\/puzzle-purgatory\/#primaryimage","url":"https:\/\/puzzleparfum.com\/wp-content\/uploads\/2023\/02\/SHT09681.jpg","contentUrl":"https:\/\/puzzleparfum.com\/wp-content\/uploads\/2023\/02\/SHT09681.jpg","width":2019,"height":2301},{"@type":"BreadcrumbList","@id":"https:\/\/puzzleparfum.com\/product\/puzzle-purgatory\/#breadcrumb","itemListElement":[{"@type":"ListItem","position":1,"name":"Home","item":"https:\/\/puzzleparfum.com\/"},{"@type":"ListItem","position":2,"name":"\u00dcr\u00fcnler","item":"https:\/\/puzzleparfum.com\/shop-2\/"},{"@type":"ListItem","position":3,"name":"Puzzle Purgatory"}]},{"@type":"WebSite","@id":"https:\/\/puzzleparfum.com\/#website","url":"https:\/\/puzzleparfum.com\/","name":"Puzzle Perfume","description":"","publisher":{"@id":"https:\/\/puzzleparfum.com\/#organization"},"potentialAction":[{"@type":"SearchAction","target":{"@type":"EntryPoint","urlTemplate":"https:\/\/puzzleparfum.com\/?s={search_term_string}"},"query-input":{"@type":"PropertyValueSpecification","valueRequired":true,"valueName":"search_term_string"}}],"inLanguage":"en-US"},{"@type":"Organization","@id":"https:\/\/puzzleparfum.com\/#organization","name":"Puzzle Perfume","url":"https:\/\/puzzleparfum.com\/","logo":{"@type":"ImageObject","inLanguage":"en-US","@id":"https:\/\/puzzleparfum.com\/#\/schema\/logo\/image\/","url":"http:\/\/puzzleparfum.com\/wp-content\/uploads\/2023\/02\/PPlogo.png","contentUrl":"http:\/\/puzzleparfum.com\/wp-content\/uploads\/2023\/02\/PPlogo.png","width":4496,"height":1272,"caption":"Puzzle Perfume"},"image":{"@id":"https:\/\/puzzleparfum.com\/#\/schema\/logo\/image\/"},"sameAs":["https:\/\/www.instagram.com\/puzzleparfum\/"]}]}},"_links":{"self":[{"href":"https:\/\/puzzleparfum.com\/en\/wp-json\/wp\/v2\/product\/3107","targetHints":{"allow":["GET"]}}],"collection":[{"href":"https:\/\/puzzleparfum.com\/en\/wp-json\/wp\/v2\/product"}],"about":[{"href":"https:\/\/puzzleparfum.com\/en\/wp-json\/wp\/v2\/types\/product"}],"wp:featuredmedia":[{"embeddable":true,"href":"https:\/\/puzzleparfum.com\/en\/wp-json\/wp\/v2\/media\/3521"}],"wp:attachment":[{"href":"https:\/\/puzzleparfum.com\/en\/wp-json\/wp\/v2\/media?parent=3107"}],"wp:term":[{"taxonomy":"product_brand","embeddable":true,"href":"https:\/\/puzzleparfum.com\/en\/wp-json\/wp\/v2\/product_brand?post=3107"},{"taxonomy":"product_cat","embeddable":true,"href":"https:\/\/puzzleparfum.com\/en\/wp-json\/wp\/v2\/product_cat?post=3107"},{"taxonomy":"product_tag","embeddable":true,"href":"https:\/\/puzzleparfum.com\/en\/wp-json\/wp\/v2\/product_tag?post=3107"}],"curies":[{"name":"wp","href":"https:\/\/api.w.org\/{rel}","templated":true}]}}