{"id":159554,"date":"2025-11-17T09:18:08","date_gmt":"2025-11-17T09:18:08","guid":{"rendered":"https:\/\/puzzleparfum.com\/?post_type=product&#038;p=159554"},"modified":"2026-01-10T21:47:37","modified_gmt":"2026-01-10T21:47:37","slug":"nagamani-solid","status":"publish","type":"product","link":"https:\/\/puzzleparfum.com\/en\/product\/nagamani-solid\/","title":{"rendered":"Nagamani Solid"},"content":{"rendered":"","protected":false},"excerpt":{"rendered":"<p class=\"p1\">Meaning \u201cthe serpent\u2019s sacred stone.\u201d In mythology, it appears only to those with pure energy it symbolizes inner awakening and wisdom. Top notes of bergamot lemon, and orange blossom bring a cleansing opening. Middle notes of muguet and rose represent spiritual elevation and serenity. Base notes of amber guaiacwood, and musk create a sense of balance and wholeness. In its creamy vegan solid jar form, the parfum becomes a ritualistic journey. Nagamani is more than a scent it\u2019s a reminder of completeness.<\/p>\n<p>Top Notes: Bergamot, Lemon, Orange Blossom<\/p>\n<p>Middle Notes: Lily of the Valley, Rose<\/p>\n<p>Base Notes: Amber, Guaiac Wood, Musk<\/p>\n<p style=\"font-weight: 400;\">Product Code: 33227<\/p>\n<p>15 ml<\/p>","protected":false},"featured_media":159556,"template":"","meta":[],"product_brand":[],"product_cat":[15,231],"product_tag":[],"class_list":{"0":"post-159554","1":"product","2":"type-product","3":"status-publish","4":"has-post-thumbnail","6":"product_cat-all","7":"product_cat-solid","8":"product_shipping_class-free-shipping","10":"first","11":"instock","12":"shipping-taxable","13":"purchasable","14":"product-type-simple"},"yoast_head":"<!-- This site is optimized with the Yoast SEO plugin v27.4 - https:\/\/yoast.com\/product\/yoast-seo-wordpress\/ -->\n<title>Nagamani Solid - Puzzle Perfume<\/title>\n<meta name=\"robots\" content=\"index, follow, max-snippet:-1, max-image-preview:large, max-video-preview:-1\" \/>\n<link rel=\"canonical\" href=\"https:\/\/puzzleparfum.com\/en\/product\/nagamani-solid\/\" \/>\n<meta property=\"og:locale\" content=\"en_US\" \/>\n<meta property=\"og:type\" content=\"article\" \/>\n<meta property=\"og:title\" content=\"Nagamani Solid - Puzzle Perfume\" \/>\n<meta property=\"og:description\" content=\"Manas\u0131 \u201cy\u0131lan\u0131n kutsal ta\u015f\u0131\u201dd\u0131r. Mitolojide yaln\u0131zca en saf enerjilere sahip ki\u015filere g\u00f6r\u00fcn\u00fcr; i\u00e7sel uyan\u0131\u015f ve bilgelik sembol\u00fcd\u00fcr. \u00dcst notalar\u0131nda bergamot, limon ve portakal \u00e7i\u00e7e\u011fiyle ar\u0131nd\u0131r\u0131c\u0131 bir ba\u015flang\u0131\u00e7 yapar. Orta notalarda m\u00fcge \u00e7i\u00e7e\u011fi ve g\u00fcl, ruhsal y\u00fckseli\u015fi ve huzuru temsil eder. Alt notalarda amber, gvayak a\u011fac\u0131 ve misk, enerjiyi dengeleyerek b\u00fct\u00fcnl\u00fck hissi uyand\u0131r\u0131r. Alkols\u00fcz, vegan solid jar krem yap\u0131s\u0131yla tenle birle\u015fti\u011finde rit\u00fcelvari bir yolculu\u011fa d\u00f6n\u00fc\u015f\u00fcr. Nagamani, yaln\u0131zca bir koku de\u011fil; b\u00fct\u00fcnl\u00fc\u011fe bir hat\u0131rlatmad\u0131r. Solid jar format\u0131ndaki puzzle parf\u00fcmler klasik sprey de\u011fildir. Solid k\u0131vam\u0131nda olup, derin, kal\u0131c\u0131 ve hassas ciltlere uygun kullan\u0131m i\u00e7in ideal \u00fcr\u00fcnlerdir. Alkols\u00fcz ve vegan yap\u0131lar\u0131 sayesinde bedeninizde, zihninizde ve ruhunuzda uzun s\u00fcreli bir etki b\u0131rak\u0131r. \u00dcst Notalar: Bergamot, limon ve portakal \u00e7i\u00e7e\u011fi  Orta Notalar: M\u00fcge \u00e7i\u00e7e\u011fi ve g\u00fcl  Alt Notalar: Amber, gvayak a\u011fac\u0131 ve misk \u00dcr\u00fcn Kodu: 33227 15 ml\" \/>\n<meta property=\"og:url\" content=\"https:\/\/puzzleparfum.com\/en\/product\/nagamani-solid\/\" \/>\n<meta property=\"og:site_name\" content=\"Puzzle Perfume\" \/>\n<meta property=\"article:modified_time\" content=\"2026-01-10T21:47:37+00:00\" \/>\n<meta property=\"og:image\" content=\"https:\/\/puzzleparfum.com\/wp-content\/uploads\/2025\/11\/nagamanisolid.webp\" \/>\n\t<meta property=\"og:image:width\" content=\"1600\" \/>\n\t<meta property=\"og:image:height\" content=\"1800\" \/>\n\t<meta property=\"og:image:type\" content=\"image\/webp\" \/>\n<meta name=\"twitter:card\" content=\"summary_large_image\" \/>\n<meta name=\"twitter:label1\" content=\"Est. reading time\" \/>\n\t<meta name=\"twitter:data1\" content=\"1 minute\" \/>\n<script type=\"application\/ld+json\" class=\"yoast-schema-graph\">{\"@context\":\"https:\\\/\\\/schema.org\",\"@graph\":[{\"@type\":\"WebPage\",\"@id\":\"https:\\\/\\\/puzzleparfum.com\\\/product\\\/nagamani-solid\\\/\",\"url\":\"https:\\\/\\\/puzzleparfum.com\\\/product\\\/nagamani-solid\\\/\",\"name\":\"Nagamani Solid - Puzzle Perfume\",\"isPartOf\":{\"@id\":\"https:\\\/\\\/puzzleparfum.com\\\/#website\"},\"primaryImageOfPage\":{\"@id\":\"https:\\\/\\\/puzzleparfum.com\\\/product\\\/nagamani-solid\\\/#primaryimage\"},\"image\":{\"@id\":\"https:\\\/\\\/puzzleparfum.com\\\/product\\\/nagamani-solid\\\/#primaryimage\"},\"thumbnailUrl\":\"https:\\\/\\\/puzzleparfum.com\\\/wp-content\\\/uploads\\\/2025\\\/11\\\/nagamanisolid.webp\",\"datePublished\":\"2025-11-17T09:18:08+00:00\",\"dateModified\":\"2026-01-10T21:47:37+00:00\",\"breadcrumb\":{\"@id\":\"https:\\\/\\\/puzzleparfum.com\\\/product\\\/nagamani-solid\\\/#breadcrumb\"},\"inLanguage\":\"en-US\",\"potentialAction\":[{\"@type\":\"ReadAction\",\"target\":[\"https:\\\/\\\/puzzleparfum.com\\\/product\\\/nagamani-solid\\\/\"]}]},{\"@type\":\"ImageObject\",\"inLanguage\":\"en-US\",\"@id\":\"https:\\\/\\\/puzzleparfum.com\\\/product\\\/nagamani-solid\\\/#primaryimage\",\"url\":\"https:\\\/\\\/puzzleparfum.com\\\/wp-content\\\/uploads\\\/2025\\\/11\\\/nagamanisolid.webp\",\"contentUrl\":\"https:\\\/\\\/puzzleparfum.com\\\/wp-content\\\/uploads\\\/2025\\\/11\\\/nagamanisolid.webp\",\"width\":1600,\"height\":1800},{\"@type\":\"BreadcrumbList\",\"@id\":\"https:\\\/\\\/puzzleparfum.com\\\/product\\\/nagamani-solid\\\/#breadcrumb\",\"itemListElement\":[{\"@type\":\"ListItem\",\"position\":1,\"name\":\"Home\",\"item\":\"https:\\\/\\\/puzzleparfum.com\\\/\"},{\"@type\":\"ListItem\",\"position\":2,\"name\":\"\u00dcr\u00fcnler\",\"item\":\"https:\\\/\\\/puzzleparfum.com\\\/shop-2\\\/\"},{\"@type\":\"ListItem\",\"position\":3,\"name\":\"Nagamani Solid\"}]},{\"@type\":\"WebSite\",\"@id\":\"https:\\\/\\\/puzzleparfum.com\\\/#website\",\"url\":\"https:\\\/\\\/puzzleparfum.com\\\/\",\"name\":\"Puzzle Perfume\",\"description\":\"\",\"publisher\":{\"@id\":\"https:\\\/\\\/puzzleparfum.com\\\/#organization\"},\"potentialAction\":[{\"@type\":\"SearchAction\",\"target\":{\"@type\":\"EntryPoint\",\"urlTemplate\":\"https:\\\/\\\/puzzleparfum.com\\\/?s={search_term_string}\"},\"query-input\":{\"@type\":\"PropertyValueSpecification\",\"valueRequired\":true,\"valueName\":\"search_term_string\"}}],\"inLanguage\":\"en-US\"},{\"@type\":\"Organization\",\"@id\":\"https:\\\/\\\/puzzleparfum.com\\\/#organization\",\"name\":\"Puzzle Perfume\",\"url\":\"https:\\\/\\\/puzzleparfum.com\\\/\",\"logo\":{\"@type\":\"ImageObject\",\"inLanguage\":\"en-US\",\"@id\":\"https:\\\/\\\/puzzleparfum.com\\\/#\\\/schema\\\/logo\\\/image\\\/\",\"url\":\"http:\\\/\\\/puzzleparfum.com\\\/wp-content\\\/uploads\\\/2023\\\/02\\\/PPlogo.png\",\"contentUrl\":\"http:\\\/\\\/puzzleparfum.com\\\/wp-content\\\/uploads\\\/2023\\\/02\\\/PPlogo.png\",\"width\":4496,\"height\":1272,\"caption\":\"Puzzle Perfume\"},\"image\":{\"@id\":\"https:\\\/\\\/puzzleparfum.com\\\/#\\\/schema\\\/logo\\\/image\\\/\"},\"sameAs\":[\"https:\\\/\\\/www.instagram.com\\\/puzzleparfum\\\/\"]}]}<\/script>\n<!-- \/ Yoast SEO plugin. -->","yoast_head_json":{"title":"Nagamani Solid - Puzzle Perfume","robots":{"index":"index","follow":"follow","max-snippet":"max-snippet:-1","max-image-preview":"max-image-preview:large","max-video-preview":"max-video-preview:-1"},"canonical":"https:\/\/puzzleparfum.com\/en\/product\/nagamani-solid\/","og_locale":"en_US","og_type":"article","og_title":"Nagamani Solid - Puzzle Perfume","og_description":"Manas\u0131 \u201cy\u0131lan\u0131n kutsal ta\u015f\u0131\u201dd\u0131r. Mitolojide yaln\u0131zca en saf enerjilere sahip ki\u015filere g\u00f6r\u00fcn\u00fcr; i\u00e7sel uyan\u0131\u015f ve bilgelik sembol\u00fcd\u00fcr. \u00dcst notalar\u0131nda bergamot, limon ve portakal \u00e7i\u00e7e\u011fiyle ar\u0131nd\u0131r\u0131c\u0131 bir ba\u015flang\u0131\u00e7 yapar. Orta notalarda m\u00fcge \u00e7i\u00e7e\u011fi ve g\u00fcl, ruhsal y\u00fckseli\u015fi ve huzuru temsil eder. Alt notalarda amber, gvayak a\u011fac\u0131 ve misk, enerjiyi dengeleyerek b\u00fct\u00fcnl\u00fck hissi uyand\u0131r\u0131r. Alkols\u00fcz, vegan solid jar krem yap\u0131s\u0131yla tenle birle\u015fti\u011finde rit\u00fcelvari bir yolculu\u011fa d\u00f6n\u00fc\u015f\u00fcr. Nagamani, yaln\u0131zca bir koku de\u011fil; b\u00fct\u00fcnl\u00fc\u011fe bir hat\u0131rlatmad\u0131r. Solid jar format\u0131ndaki puzzle parf\u00fcmler klasik sprey de\u011fildir. Solid k\u0131vam\u0131nda olup, derin, kal\u0131c\u0131 ve hassas ciltlere uygun kullan\u0131m i\u00e7in ideal \u00fcr\u00fcnlerdir. Alkols\u00fcz ve vegan yap\u0131lar\u0131 sayesinde bedeninizde, zihninizde ve ruhunuzda uzun s\u00fcreli bir etki b\u0131rak\u0131r. \u00dcst Notalar: Bergamot, limon ve portakal \u00e7i\u00e7e\u011fi  Orta Notalar: M\u00fcge \u00e7i\u00e7e\u011fi ve g\u00fcl  Alt Notalar: Amber, gvayak a\u011fac\u0131 ve misk \u00dcr\u00fcn Kodu: 33227 15 ml","og_url":"https:\/\/puzzleparfum.com\/en\/product\/nagamani-solid\/","og_site_name":"Puzzle Perfume","article_modified_time":"2026-01-10T21:47:37+00:00","og_image":[{"width":1600,"height":1800,"url":"https:\/\/puzzleparfum.com\/wp-content\/uploads\/2025\/11\/nagamanisolid.webp","type":"image\/webp"}],"twitter_card":"summary_large_image","twitter_misc":{"Est. reading time":"1 minute"},"schema":{"@context":"https:\/\/schema.org","@graph":[{"@type":"WebPage","@id":"https:\/\/puzzleparfum.com\/product\/nagamani-solid\/","url":"https:\/\/puzzleparfum.com\/product\/nagamani-solid\/","name":"Nagamani Solid - Puzzle Perfume","isPartOf":{"@id":"https:\/\/puzzleparfum.com\/#website"},"primaryImageOfPage":{"@id":"https:\/\/puzzleparfum.com\/product\/nagamani-solid\/#primaryimage"},"image":{"@id":"https:\/\/puzzleparfum.com\/product\/nagamani-solid\/#primaryimage"},"thumbnailUrl":"https:\/\/puzzleparfum.com\/wp-content\/uploads\/2025\/11\/nagamanisolid.webp","datePublished":"2025-11-17T09:18:08+00:00","dateModified":"2026-01-10T21:47:37+00:00","breadcrumb":{"@id":"https:\/\/puzzleparfum.com\/product\/nagamani-solid\/#breadcrumb"},"inLanguage":"en-US","potentialAction":[{"@type":"ReadAction","target":["https:\/\/puzzleparfum.com\/product\/nagamani-solid\/"]}]},{"@type":"ImageObject","inLanguage":"en-US","@id":"https:\/\/puzzleparfum.com\/product\/nagamani-solid\/#primaryimage","url":"https:\/\/puzzleparfum.com\/wp-content\/uploads\/2025\/11\/nagamanisolid.webp","contentUrl":"https:\/\/puzzleparfum.com\/wp-content\/uploads\/2025\/11\/nagamanisolid.webp","width":1600,"height":1800},{"@type":"BreadcrumbList","@id":"https:\/\/puzzleparfum.com\/product\/nagamani-solid\/#breadcrumb","itemListElement":[{"@type":"ListItem","position":1,"name":"Home","item":"https:\/\/puzzleparfum.com\/"},{"@type":"ListItem","position":2,"name":"\u00dcr\u00fcnler","item":"https:\/\/puzzleparfum.com\/shop-2\/"},{"@type":"ListItem","position":3,"name":"Nagamani Solid"}]},{"@type":"WebSite","@id":"https:\/\/puzzleparfum.com\/#website","url":"https:\/\/puzzleparfum.com\/","name":"Puzzle Perfume","description":"","publisher":{"@id":"https:\/\/puzzleparfum.com\/#organization"},"potentialAction":[{"@type":"SearchAction","target":{"@type":"EntryPoint","urlTemplate":"https:\/\/puzzleparfum.com\/?s={search_term_string}"},"query-input":{"@type":"PropertyValueSpecification","valueRequired":true,"valueName":"search_term_string"}}],"inLanguage":"en-US"},{"@type":"Organization","@id":"https:\/\/puzzleparfum.com\/#organization","name":"Puzzle Perfume","url":"https:\/\/puzzleparfum.com\/","logo":{"@type":"ImageObject","inLanguage":"en-US","@id":"https:\/\/puzzleparfum.com\/#\/schema\/logo\/image\/","url":"http:\/\/puzzleparfum.com\/wp-content\/uploads\/2023\/02\/PPlogo.png","contentUrl":"http:\/\/puzzleparfum.com\/wp-content\/uploads\/2023\/02\/PPlogo.png","width":4496,"height":1272,"caption":"Puzzle Perfume"},"image":{"@id":"https:\/\/puzzleparfum.com\/#\/schema\/logo\/image\/"},"sameAs":["https:\/\/www.instagram.com\/puzzleparfum\/"]}]}},"_links":{"self":[{"href":"https:\/\/puzzleparfum.com\/en\/wp-json\/wp\/v2\/product\/159554","targetHints":{"allow":["GET"]}}],"collection":[{"href":"https:\/\/puzzleparfum.com\/en\/wp-json\/wp\/v2\/product"}],"about":[{"href":"https:\/\/puzzleparfum.com\/en\/wp-json\/wp\/v2\/types\/product"}],"wp:featuredmedia":[{"embeddable":true,"href":"https:\/\/puzzleparfum.com\/en\/wp-json\/wp\/v2\/media\/159556"}],"wp:attachment":[{"href":"https:\/\/puzzleparfum.com\/en\/wp-json\/wp\/v2\/media?parent=159554"}],"wp:term":[{"taxonomy":"product_brand","embeddable":true,"href":"https:\/\/puzzleparfum.com\/en\/wp-json\/wp\/v2\/product_brand?post=159554"},{"taxonomy":"product_cat","embeddable":true,"href":"https:\/\/puzzleparfum.com\/en\/wp-json\/wp\/v2\/product_cat?post=159554"},{"taxonomy":"product_tag","embeddable":true,"href":"https:\/\/puzzleparfum.com\/en\/wp-json\/wp\/v2\/product_tag?post=159554"}],"curies":[{"name":"wp","href":"https:\/\/api.w.org\/{rel}","templated":true}]}}