{"id":159552,"date":"2025-11-17T09:14:53","date_gmt":"2025-11-17T09:14:53","guid":{"rendered":"https:\/\/puzzleparfum.com\/?post_type=product&#038;p=159552"},"modified":"2026-01-10T21:45:28","modified_gmt":"2026-01-10T21:45:28","slug":"gece-solid","status":"publish","type":"product","link":"https:\/\/puzzleparfum.com\/en\/product\/gece-solid\/","title":{"rendered":"Gece Solid"},"content":{"rendered":"","protected":false},"excerpt":{"rendered":"<p class=\"p1\">Meaning \u201cthe deepest echoes of the soul. Nightsilences noise and opens a path toward truth. Top notes of bergamot, eucalyptus, and pepper create a mystical opening. Middle notes of lilac, muguet, and rose reveal the balance between darkness and light. Base notes of cedarwood, musk, and vanilla awaken an ancient memory with their depth. . As a vegan, alcohol-free solid jar parfum, it becomes a meditative ritual when applied. Puzzle Gece represents the scent of inner exploration and spiritual awakening.<\/p>\n<p>Top Notes: Bergamot, Eucalyptus, Pepper<\/p>\n<p>Middle Notes: Heart Notes: Lilac, Lily of the Valley, Rose<\/p>\n<p>Base Notes: Cedarwood, Musk, Vanilla<\/p>\n<p style=\"font-weight: 400;\">Product Code: 33210<\/p>\n<p>15 ml<\/p>","protected":false},"featured_media":159553,"template":"","meta":[],"product_brand":[],"product_cat":[15,231],"product_tag":[],"class_list":{"0":"post-159552","1":"product","2":"type-product","3":"status-publish","4":"has-post-thumbnail","6":"product_cat-all","7":"product_cat-solid","8":"product_shipping_class-free-shipping","10":"first","11":"instock","12":"shipping-taxable","13":"purchasable","14":"product-type-simple"},"yoast_head":"<!-- This site is optimized with the Yoast SEO plugin v27.4 - https:\/\/yoast.com\/product\/yoast-seo-wordpress\/ -->\n<title>Gece Solid - Puzzle Perfume<\/title>\n<meta name=\"robots\" content=\"index, follow, max-snippet:-1, max-image-preview:large, max-video-preview:-1\" \/>\n<link rel=\"canonical\" href=\"https:\/\/puzzleparfum.com\/en\/product\/gece-solid\/\" \/>\n<meta property=\"og:locale\" content=\"en_US\" \/>\n<meta property=\"og:type\" content=\"article\" \/>\n<meta property=\"og:title\" content=\"Gece Solid - Puzzle Perfume\" \/>\n<meta property=\"og:description\" content=\"Manas\u0131 \u201druhun en sessiz derinliklerinin yank\u0131land\u0131\u011f\u0131 an\u201dd\u0131r. Gece, g\u00fcr\u00fclt\u00fcy\u00fc susturup ger\u00e7e\u011fin \u00f6z\u00fcne yakla\u015fmam\u0131z\u0131 sa\u011flayan gizemli bo\u015fluktur. Bu parf\u00fcm, gecenin gizemiyle spirit\u00fcel fark\u0131ndal\u0131\u011f\u0131 bir araya getirir.\u00dcst notalarda portakal, portakal \u00e7i\u00e7e\u011fi ve menek\u015fe yapra\u011f\u0131yla nostaljik bir s\u0131cakl\u0131k sunar. Orta notalarda m\u00fcge \u00e7i\u00e7e\u011fi ve s\u00fcmb\u00fclteber zarafetle duygusal derinli\u011fi yans\u0131t\u0131rken; alt notalarda amber, misk ve sedir a\u011fac\u0131 aidiyet hissini m\u00fch\u00fcrler. Alkols\u00fcz, vegan solid jar yap\u0131s\u0131yla krem dokusu tenle birle\u015fti\u011finde meditatif bir rit\u00fcel ba\u015flat\u0131r. Puzzle Gece, i\u00e7sel ke\u015fif ve bilgelik yolculu\u011funun kokusal ifadesidir. \u00dcst Notalar: Bergamot, okalipt\u00fcs ve biber  Orta Notalar: Leylak, m\u00fcge \u00e7i\u00e7e\u011fi ve g\u00fcl  Alt Notalar: Sedir a\u011fac\u0131, misk ve vanilya \u00dcr\u00fcn Kodu: 33210 15 ml\" \/>\n<meta property=\"og:url\" content=\"https:\/\/puzzleparfum.com\/en\/product\/gece-solid\/\" \/>\n<meta property=\"og:site_name\" content=\"Puzzle Perfume\" \/>\n<meta property=\"article:modified_time\" content=\"2026-01-10T21:45:28+00:00\" \/>\n<meta property=\"og:image\" content=\"https:\/\/puzzleparfum.com\/wp-content\/uploads\/2025\/11\/gecesolid.webp\" \/>\n\t<meta property=\"og:image:width\" content=\"1600\" \/>\n\t<meta property=\"og:image:height\" content=\"1800\" \/>\n\t<meta property=\"og:image:type\" content=\"image\/webp\" \/>\n<meta name=\"twitter:card\" content=\"summary_large_image\" \/>\n<meta name=\"twitter:label1\" content=\"Est. reading time\" \/>\n\t<meta name=\"twitter:data1\" content=\"1 minute\" \/>\n<script type=\"application\/ld+json\" class=\"yoast-schema-graph\">{\"@context\":\"https:\\\/\\\/schema.org\",\"@graph\":[{\"@type\":\"WebPage\",\"@id\":\"https:\\\/\\\/puzzleparfum.com\\\/product\\\/gece-solid\\\/\",\"url\":\"https:\\\/\\\/puzzleparfum.com\\\/product\\\/gece-solid\\\/\",\"name\":\"Gece Solid - Puzzle Perfume\",\"isPartOf\":{\"@id\":\"https:\\\/\\\/puzzleparfum.com\\\/#website\"},\"primaryImageOfPage\":{\"@id\":\"https:\\\/\\\/puzzleparfum.com\\\/product\\\/gece-solid\\\/#primaryimage\"},\"image\":{\"@id\":\"https:\\\/\\\/puzzleparfum.com\\\/product\\\/gece-solid\\\/#primaryimage\"},\"thumbnailUrl\":\"https:\\\/\\\/puzzleparfum.com\\\/wp-content\\\/uploads\\\/2025\\\/11\\\/gecesolid.webp\",\"datePublished\":\"2025-11-17T09:14:53+00:00\",\"dateModified\":\"2026-01-10T21:45:28+00:00\",\"breadcrumb\":{\"@id\":\"https:\\\/\\\/puzzleparfum.com\\\/product\\\/gece-solid\\\/#breadcrumb\"},\"inLanguage\":\"en-US\",\"potentialAction\":[{\"@type\":\"ReadAction\",\"target\":[\"https:\\\/\\\/puzzleparfum.com\\\/product\\\/gece-solid\\\/\"]}]},{\"@type\":\"ImageObject\",\"inLanguage\":\"en-US\",\"@id\":\"https:\\\/\\\/puzzleparfum.com\\\/product\\\/gece-solid\\\/#primaryimage\",\"url\":\"https:\\\/\\\/puzzleparfum.com\\\/wp-content\\\/uploads\\\/2025\\\/11\\\/gecesolid.webp\",\"contentUrl\":\"https:\\\/\\\/puzzleparfum.com\\\/wp-content\\\/uploads\\\/2025\\\/11\\\/gecesolid.webp\",\"width\":1600,\"height\":1800},{\"@type\":\"BreadcrumbList\",\"@id\":\"https:\\\/\\\/puzzleparfum.com\\\/product\\\/gece-solid\\\/#breadcrumb\",\"itemListElement\":[{\"@type\":\"ListItem\",\"position\":1,\"name\":\"Home\",\"item\":\"https:\\\/\\\/puzzleparfum.com\\\/\"},{\"@type\":\"ListItem\",\"position\":2,\"name\":\"\u00dcr\u00fcnler\",\"item\":\"https:\\\/\\\/puzzleparfum.com\\\/shop-2\\\/\"},{\"@type\":\"ListItem\",\"position\":3,\"name\":\"Gece Solid\"}]},{\"@type\":\"WebSite\",\"@id\":\"https:\\\/\\\/puzzleparfum.com\\\/#website\",\"url\":\"https:\\\/\\\/puzzleparfum.com\\\/\",\"name\":\"Puzzle Perfume\",\"description\":\"\",\"publisher\":{\"@id\":\"https:\\\/\\\/puzzleparfum.com\\\/#organization\"},\"potentialAction\":[{\"@type\":\"SearchAction\",\"target\":{\"@type\":\"EntryPoint\",\"urlTemplate\":\"https:\\\/\\\/puzzleparfum.com\\\/?s={search_term_string}\"},\"query-input\":{\"@type\":\"PropertyValueSpecification\",\"valueRequired\":true,\"valueName\":\"search_term_string\"}}],\"inLanguage\":\"en-US\"},{\"@type\":\"Organization\",\"@id\":\"https:\\\/\\\/puzzleparfum.com\\\/#organization\",\"name\":\"Puzzle Perfume\",\"url\":\"https:\\\/\\\/puzzleparfum.com\\\/\",\"logo\":{\"@type\":\"ImageObject\",\"inLanguage\":\"en-US\",\"@id\":\"https:\\\/\\\/puzzleparfum.com\\\/#\\\/schema\\\/logo\\\/image\\\/\",\"url\":\"http:\\\/\\\/puzzleparfum.com\\\/wp-content\\\/uploads\\\/2023\\\/02\\\/PPlogo.png\",\"contentUrl\":\"http:\\\/\\\/puzzleparfum.com\\\/wp-content\\\/uploads\\\/2023\\\/02\\\/PPlogo.png\",\"width\":4496,\"height\":1272,\"caption\":\"Puzzle Perfume\"},\"image\":{\"@id\":\"https:\\\/\\\/puzzleparfum.com\\\/#\\\/schema\\\/logo\\\/image\\\/\"},\"sameAs\":[\"https:\\\/\\\/www.instagram.com\\\/puzzleparfum\\\/\"]}]}<\/script>\n<!-- \/ Yoast SEO plugin. -->","yoast_head_json":{"title":"Gece Solid - Puzzle Perfume","robots":{"index":"index","follow":"follow","max-snippet":"max-snippet:-1","max-image-preview":"max-image-preview:large","max-video-preview":"max-video-preview:-1"},"canonical":"https:\/\/puzzleparfum.com\/en\/product\/gece-solid\/","og_locale":"en_US","og_type":"article","og_title":"Gece Solid - Puzzle Perfume","og_description":"Manas\u0131 \u201druhun en sessiz derinliklerinin yank\u0131land\u0131\u011f\u0131 an\u201dd\u0131r. Gece, g\u00fcr\u00fclt\u00fcy\u00fc susturup ger\u00e7e\u011fin \u00f6z\u00fcne yakla\u015fmam\u0131z\u0131 sa\u011flayan gizemli bo\u015fluktur. Bu parf\u00fcm, gecenin gizemiyle spirit\u00fcel fark\u0131ndal\u0131\u011f\u0131 bir araya getirir.\u00dcst notalarda portakal, portakal \u00e7i\u00e7e\u011fi ve menek\u015fe yapra\u011f\u0131yla nostaljik bir s\u0131cakl\u0131k sunar. Orta notalarda m\u00fcge \u00e7i\u00e7e\u011fi ve s\u00fcmb\u00fclteber zarafetle duygusal derinli\u011fi yans\u0131t\u0131rken; alt notalarda amber, misk ve sedir a\u011fac\u0131 aidiyet hissini m\u00fch\u00fcrler. Alkols\u00fcz, vegan solid jar yap\u0131s\u0131yla krem dokusu tenle birle\u015fti\u011finde meditatif bir rit\u00fcel ba\u015flat\u0131r. Puzzle Gece, i\u00e7sel ke\u015fif ve bilgelik yolculu\u011funun kokusal ifadesidir. \u00dcst Notalar: Bergamot, okalipt\u00fcs ve biber  Orta Notalar: Leylak, m\u00fcge \u00e7i\u00e7e\u011fi ve g\u00fcl  Alt Notalar: Sedir a\u011fac\u0131, misk ve vanilya \u00dcr\u00fcn Kodu: 33210 15 ml","og_url":"https:\/\/puzzleparfum.com\/en\/product\/gece-solid\/","og_site_name":"Puzzle Perfume","article_modified_time":"2026-01-10T21:45:28+00:00","og_image":[{"width":1600,"height":1800,"url":"https:\/\/puzzleparfum.com\/wp-content\/uploads\/2025\/11\/gecesolid.webp","type":"image\/webp"}],"twitter_card":"summary_large_image","twitter_misc":{"Est. reading time":"1 minute"},"schema":{"@context":"https:\/\/schema.org","@graph":[{"@type":"WebPage","@id":"https:\/\/puzzleparfum.com\/product\/gece-solid\/","url":"https:\/\/puzzleparfum.com\/product\/gece-solid\/","name":"Gece Solid - Puzzle Perfume","isPartOf":{"@id":"https:\/\/puzzleparfum.com\/#website"},"primaryImageOfPage":{"@id":"https:\/\/puzzleparfum.com\/product\/gece-solid\/#primaryimage"},"image":{"@id":"https:\/\/puzzleparfum.com\/product\/gece-solid\/#primaryimage"},"thumbnailUrl":"https:\/\/puzzleparfum.com\/wp-content\/uploads\/2025\/11\/gecesolid.webp","datePublished":"2025-11-17T09:14:53+00:00","dateModified":"2026-01-10T21:45:28+00:00","breadcrumb":{"@id":"https:\/\/puzzleparfum.com\/product\/gece-solid\/#breadcrumb"},"inLanguage":"en-US","potentialAction":[{"@type":"ReadAction","target":["https:\/\/puzzleparfum.com\/product\/gece-solid\/"]}]},{"@type":"ImageObject","inLanguage":"en-US","@id":"https:\/\/puzzleparfum.com\/product\/gece-solid\/#primaryimage","url":"https:\/\/puzzleparfum.com\/wp-content\/uploads\/2025\/11\/gecesolid.webp","contentUrl":"https:\/\/puzzleparfum.com\/wp-content\/uploads\/2025\/11\/gecesolid.webp","width":1600,"height":1800},{"@type":"BreadcrumbList","@id":"https:\/\/puzzleparfum.com\/product\/gece-solid\/#breadcrumb","itemListElement":[{"@type":"ListItem","position":1,"name":"Home","item":"https:\/\/puzzleparfum.com\/"},{"@type":"ListItem","position":2,"name":"\u00dcr\u00fcnler","item":"https:\/\/puzzleparfum.com\/shop-2\/"},{"@type":"ListItem","position":3,"name":"Gece Solid"}]},{"@type":"WebSite","@id":"https:\/\/puzzleparfum.com\/#website","url":"https:\/\/puzzleparfum.com\/","name":"Puzzle Perfume","description":"","publisher":{"@id":"https:\/\/puzzleparfum.com\/#organization"},"potentialAction":[{"@type":"SearchAction","target":{"@type":"EntryPoint","urlTemplate":"https:\/\/puzzleparfum.com\/?s={search_term_string}"},"query-input":{"@type":"PropertyValueSpecification","valueRequired":true,"valueName":"search_term_string"}}],"inLanguage":"en-US"},{"@type":"Organization","@id":"https:\/\/puzzleparfum.com\/#organization","name":"Puzzle Perfume","url":"https:\/\/puzzleparfum.com\/","logo":{"@type":"ImageObject","inLanguage":"en-US","@id":"https:\/\/puzzleparfum.com\/#\/schema\/logo\/image\/","url":"http:\/\/puzzleparfum.com\/wp-content\/uploads\/2023\/02\/PPlogo.png","contentUrl":"http:\/\/puzzleparfum.com\/wp-content\/uploads\/2023\/02\/PPlogo.png","width":4496,"height":1272,"caption":"Puzzle Perfume"},"image":{"@id":"https:\/\/puzzleparfum.com\/#\/schema\/logo\/image\/"},"sameAs":["https:\/\/www.instagram.com\/puzzleparfum\/"]}]}},"_links":{"self":[{"href":"https:\/\/puzzleparfum.com\/en\/wp-json\/wp\/v2\/product\/159552","targetHints":{"allow":["GET"]}}],"collection":[{"href":"https:\/\/puzzleparfum.com\/en\/wp-json\/wp\/v2\/product"}],"about":[{"href":"https:\/\/puzzleparfum.com\/en\/wp-json\/wp\/v2\/types\/product"}],"wp:featuredmedia":[{"embeddable":true,"href":"https:\/\/puzzleparfum.com\/en\/wp-json\/wp\/v2\/media\/159553"}],"wp:attachment":[{"href":"https:\/\/puzzleparfum.com\/en\/wp-json\/wp\/v2\/media?parent=159552"}],"wp:term":[{"taxonomy":"product_brand","embeddable":true,"href":"https:\/\/puzzleparfum.com\/en\/wp-json\/wp\/v2\/product_brand?post=159552"},{"taxonomy":"product_cat","embeddable":true,"href":"https:\/\/puzzleparfum.com\/en\/wp-json\/wp\/v2\/product_cat?post=159552"},{"taxonomy":"product_tag","embeddable":true,"href":"https:\/\/puzzleparfum.com\/en\/wp-json\/wp\/v2\/product_tag?post=159552"}],"curies":[{"name":"wp","href":"https:\/\/api.w.org\/{rel}","templated":true}]}}