{"id":159550,"date":"2025-11-17T09:06:44","date_gmt":"2025-11-17T09:06:44","guid":{"rendered":"https:\/\/puzzleparfum.com\/?post_type=product&#038;p=159550"},"modified":"2026-04-13T13:40:33","modified_gmt":"2026-04-13T13:40:33","slug":"rayiha-solid","status":"publish","type":"product","link":"https:\/\/puzzleparfum.com\/en\/product\/rayiha-solid\/","title":{"rendered":"Rayiha Solid"},"content":{"rendered":"","protected":false},"excerpt":{"rendered":"<p class=\"p1\">Meaning \u201ca gentle whisper from the past that touches today\u201d. A timeless bridge flowing heart to heart. Top notes of orange, orange blossom, and violet leaf offer a nostalgic warmth. Middle notes of muguet and tuberose reflect emotional depth with elegance. Base notes of amber, musk, and cedarwood seal a sense of belonging. In a creamy vegan solid jar form, Rayiha leaves a nostalgic yet powerful mark. Rayiha is not just a scent it\u2019s a soulful plea.<\/p>\n<p>Top Notes: Orange, Orange Blossom, Violet Leaf<\/p>\n<p>Middle Notes: Lily of the Valley, Tuberose<\/p>\n<p>Base Notes: Amber, Musk, Cedarwood<\/p>\n<p style=\"font-weight: 400;\">Product Code: 33234<\/p>\n<p>15 ml<\/p>","protected":false},"featured_media":159551,"template":"","meta":[],"product_brand":[],"product_cat":[15,231],"product_tag":[],"class_list":{"0":"post-159550","1":"product","2":"type-product","3":"status-publish","4":"has-post-thumbnail","6":"product_cat-all","7":"product_cat-solid","8":"product_shipping_class-free-shipping","10":"first","11":"instock","12":"shipping-taxable","13":"purchasable","14":"product-type-simple"},"yoast_head":"<!-- This site is optimized with the Yoast SEO plugin v27.4 - https:\/\/yoast.com\/product\/yoast-seo-wordpress\/ -->\n<title>Rayiha Solid - Puzzle Perfume<\/title>\n<meta name=\"robots\" content=\"index, follow, max-snippet:-1, max-image-preview:large, max-video-preview:-1\" \/>\n<link rel=\"canonical\" href=\"https:\/\/puzzleparfum.com\/en\/product\/rayiha-solid\/\" \/>\n<meta property=\"og:locale\" content=\"en_US\" \/>\n<meta property=\"og:type\" content=\"article\" \/>\n<meta property=\"og:title\" content=\"Rayiha Solid - Puzzle Perfume\" \/>\n<meta property=\"og:description\" content=\"Manas\u0131 \u201cge\u00e7mi\u015fin ince esintilerle bug\u00fcne dokunu\u015fu\u201ddur. Zamans\u0131z bir k\u00f6pr\u00fc gibi kalpten kalbe akar. Rezene, tar\u00e7\u0131n ve turun\u00e7 altl\u0131\u011f\u0131 nostaljik, orta notalarda \u015fakay\u0131k, zambak ve g\u00fcl duygusal yo\u011funlu\u011fu simgeler; amber, oud, vanilya ve misk aidiyet ve kal\u0131c\u0131l\u0131\u011f\u0131 derinle\u015ftirir. Alkols\u00fcz, vegan solid jar krem yap\u0131s\u0131yla tenle birle\u015fti\u011finde nostaljik ama g\u00fc\u00e7l\u00fc bir iz b\u0131rak\u0131r. Rayiha, duyularla ruhu dengeleyen bir hat\u0131rlatma de\u011fil, ayn\u0131 zamanda bir dilektir. \u00dcst Notalar: Portakal, portakal \u00e7i\u00e7e\u011fi ve menek\u015fe yapra\u011f\u0131  Orta Notalar: M\u00fcge \u00e7i\u00e7e\u011fi ve s\u00fcmb\u00fclteber  Alt Notalar: Amber, misk ve sedir a\u011fa\u00e7\u0131 \u00dcr\u00fcn Kodu: 33234 15 ml\" \/>\n<meta property=\"og:url\" content=\"https:\/\/puzzleparfum.com\/en\/product\/rayiha-solid\/\" \/>\n<meta property=\"og:site_name\" content=\"Puzzle Perfume\" \/>\n<meta property=\"article:modified_time\" content=\"2026-04-13T13:40:33+00:00\" \/>\n<meta property=\"og:image\" content=\"https:\/\/puzzleparfum.com\/wp-content\/uploads\/2025\/11\/solidrayiha.webp\" \/>\n\t<meta property=\"og:image:width\" content=\"1600\" \/>\n\t<meta property=\"og:image:height\" content=\"1800\" \/>\n\t<meta property=\"og:image:type\" content=\"image\/webp\" \/>\n<meta name=\"twitter:card\" content=\"summary_large_image\" \/>\n<meta name=\"twitter:label1\" content=\"Est. reading time\" \/>\n\t<meta name=\"twitter:data1\" content=\"1 minute\" \/>\n<script type=\"application\/ld+json\" class=\"yoast-schema-graph\">{\"@context\":\"https:\\\/\\\/schema.org\",\"@graph\":[{\"@type\":\"WebPage\",\"@id\":\"https:\\\/\\\/puzzleparfum.com\\\/product\\\/rayiha-solid\\\/\",\"url\":\"https:\\\/\\\/puzzleparfum.com\\\/product\\\/rayiha-solid\\\/\",\"name\":\"Rayiha Solid - Puzzle Perfume\",\"isPartOf\":{\"@id\":\"https:\\\/\\\/puzzleparfum.com\\\/#website\"},\"primaryImageOfPage\":{\"@id\":\"https:\\\/\\\/puzzleparfum.com\\\/product\\\/rayiha-solid\\\/#primaryimage\"},\"image\":{\"@id\":\"https:\\\/\\\/puzzleparfum.com\\\/product\\\/rayiha-solid\\\/#primaryimage\"},\"thumbnailUrl\":\"https:\\\/\\\/puzzleparfum.com\\\/wp-content\\\/uploads\\\/2025\\\/11\\\/solidrayiha.webp\",\"datePublished\":\"2025-11-17T09:06:44+00:00\",\"dateModified\":\"2026-04-13T13:40:33+00:00\",\"breadcrumb\":{\"@id\":\"https:\\\/\\\/puzzleparfum.com\\\/product\\\/rayiha-solid\\\/#breadcrumb\"},\"inLanguage\":\"en-US\",\"potentialAction\":[{\"@type\":\"ReadAction\",\"target\":[\"https:\\\/\\\/puzzleparfum.com\\\/product\\\/rayiha-solid\\\/\"]}]},{\"@type\":\"ImageObject\",\"inLanguage\":\"en-US\",\"@id\":\"https:\\\/\\\/puzzleparfum.com\\\/product\\\/rayiha-solid\\\/#primaryimage\",\"url\":\"https:\\\/\\\/puzzleparfum.com\\\/wp-content\\\/uploads\\\/2025\\\/11\\\/solidrayiha.webp\",\"contentUrl\":\"https:\\\/\\\/puzzleparfum.com\\\/wp-content\\\/uploads\\\/2025\\\/11\\\/solidrayiha.webp\",\"width\":1600,\"height\":1800},{\"@type\":\"BreadcrumbList\",\"@id\":\"https:\\\/\\\/puzzleparfum.com\\\/product\\\/rayiha-solid\\\/#breadcrumb\",\"itemListElement\":[{\"@type\":\"ListItem\",\"position\":1,\"name\":\"Home\",\"item\":\"https:\\\/\\\/puzzleparfum.com\\\/\"},{\"@type\":\"ListItem\",\"position\":2,\"name\":\"\u00dcr\u00fcnler\",\"item\":\"https:\\\/\\\/puzzleparfum.com\\\/shop-2\\\/\"},{\"@type\":\"ListItem\",\"position\":3,\"name\":\"Rayiha Solid\"}]},{\"@type\":\"WebSite\",\"@id\":\"https:\\\/\\\/puzzleparfum.com\\\/#website\",\"url\":\"https:\\\/\\\/puzzleparfum.com\\\/\",\"name\":\"Puzzle Perfume\",\"description\":\"\",\"publisher\":{\"@id\":\"https:\\\/\\\/puzzleparfum.com\\\/#organization\"},\"potentialAction\":[{\"@type\":\"SearchAction\",\"target\":{\"@type\":\"EntryPoint\",\"urlTemplate\":\"https:\\\/\\\/puzzleparfum.com\\\/?s={search_term_string}\"},\"query-input\":{\"@type\":\"PropertyValueSpecification\",\"valueRequired\":true,\"valueName\":\"search_term_string\"}}],\"inLanguage\":\"en-US\"},{\"@type\":\"Organization\",\"@id\":\"https:\\\/\\\/puzzleparfum.com\\\/#organization\",\"name\":\"Puzzle Perfume\",\"url\":\"https:\\\/\\\/puzzleparfum.com\\\/\",\"logo\":{\"@type\":\"ImageObject\",\"inLanguage\":\"en-US\",\"@id\":\"https:\\\/\\\/puzzleparfum.com\\\/#\\\/schema\\\/logo\\\/image\\\/\",\"url\":\"http:\\\/\\\/puzzleparfum.com\\\/wp-content\\\/uploads\\\/2023\\\/02\\\/PPlogo.png\",\"contentUrl\":\"http:\\\/\\\/puzzleparfum.com\\\/wp-content\\\/uploads\\\/2023\\\/02\\\/PPlogo.png\",\"width\":4496,\"height\":1272,\"caption\":\"Puzzle Perfume\"},\"image\":{\"@id\":\"https:\\\/\\\/puzzleparfum.com\\\/#\\\/schema\\\/logo\\\/image\\\/\"},\"sameAs\":[\"https:\\\/\\\/www.instagram.com\\\/puzzleparfum\\\/\"]}]}<\/script>\n<!-- \/ Yoast SEO plugin. -->","yoast_head_json":{"title":"Rayiha Solid - Puzzle Perfume","robots":{"index":"index","follow":"follow","max-snippet":"max-snippet:-1","max-image-preview":"max-image-preview:large","max-video-preview":"max-video-preview:-1"},"canonical":"https:\/\/puzzleparfum.com\/en\/product\/rayiha-solid\/","og_locale":"en_US","og_type":"article","og_title":"Rayiha Solid - Puzzle Perfume","og_description":"Manas\u0131 \u201cge\u00e7mi\u015fin ince esintilerle bug\u00fcne dokunu\u015fu\u201ddur. Zamans\u0131z bir k\u00f6pr\u00fc gibi kalpten kalbe akar. Rezene, tar\u00e7\u0131n ve turun\u00e7 altl\u0131\u011f\u0131 nostaljik, orta notalarda \u015fakay\u0131k, zambak ve g\u00fcl duygusal yo\u011funlu\u011fu simgeler; amber, oud, vanilya ve misk aidiyet ve kal\u0131c\u0131l\u0131\u011f\u0131 derinle\u015ftirir. Alkols\u00fcz, vegan solid jar krem yap\u0131s\u0131yla tenle birle\u015fti\u011finde nostaljik ama g\u00fc\u00e7l\u00fc bir iz b\u0131rak\u0131r. Rayiha, duyularla ruhu dengeleyen bir hat\u0131rlatma de\u011fil, ayn\u0131 zamanda bir dilektir. \u00dcst Notalar: Portakal, portakal \u00e7i\u00e7e\u011fi ve menek\u015fe yapra\u011f\u0131  Orta Notalar: M\u00fcge \u00e7i\u00e7e\u011fi ve s\u00fcmb\u00fclteber  Alt Notalar: Amber, misk ve sedir a\u011fa\u00e7\u0131 \u00dcr\u00fcn Kodu: 33234 15 ml","og_url":"https:\/\/puzzleparfum.com\/en\/product\/rayiha-solid\/","og_site_name":"Puzzle Perfume","article_modified_time":"2026-04-13T13:40:33+00:00","og_image":[{"width":1600,"height":1800,"url":"https:\/\/puzzleparfum.com\/wp-content\/uploads\/2025\/11\/solidrayiha.webp","type":"image\/webp"}],"twitter_card":"summary_large_image","twitter_misc":{"Est. reading time":"1 minute"},"schema":{"@context":"https:\/\/schema.org","@graph":[{"@type":"WebPage","@id":"https:\/\/puzzleparfum.com\/product\/rayiha-solid\/","url":"https:\/\/puzzleparfum.com\/product\/rayiha-solid\/","name":"Rayiha Solid - Puzzle Perfume","isPartOf":{"@id":"https:\/\/puzzleparfum.com\/#website"},"primaryImageOfPage":{"@id":"https:\/\/puzzleparfum.com\/product\/rayiha-solid\/#primaryimage"},"image":{"@id":"https:\/\/puzzleparfum.com\/product\/rayiha-solid\/#primaryimage"},"thumbnailUrl":"https:\/\/puzzleparfum.com\/wp-content\/uploads\/2025\/11\/solidrayiha.webp","datePublished":"2025-11-17T09:06:44+00:00","dateModified":"2026-04-13T13:40:33+00:00","breadcrumb":{"@id":"https:\/\/puzzleparfum.com\/product\/rayiha-solid\/#breadcrumb"},"inLanguage":"en-US","potentialAction":[{"@type":"ReadAction","target":["https:\/\/puzzleparfum.com\/product\/rayiha-solid\/"]}]},{"@type":"ImageObject","inLanguage":"en-US","@id":"https:\/\/puzzleparfum.com\/product\/rayiha-solid\/#primaryimage","url":"https:\/\/puzzleparfum.com\/wp-content\/uploads\/2025\/11\/solidrayiha.webp","contentUrl":"https:\/\/puzzleparfum.com\/wp-content\/uploads\/2025\/11\/solidrayiha.webp","width":1600,"height":1800},{"@type":"BreadcrumbList","@id":"https:\/\/puzzleparfum.com\/product\/rayiha-solid\/#breadcrumb","itemListElement":[{"@type":"ListItem","position":1,"name":"Home","item":"https:\/\/puzzleparfum.com\/"},{"@type":"ListItem","position":2,"name":"\u00dcr\u00fcnler","item":"https:\/\/puzzleparfum.com\/shop-2\/"},{"@type":"ListItem","position":3,"name":"Rayiha Solid"}]},{"@type":"WebSite","@id":"https:\/\/puzzleparfum.com\/#website","url":"https:\/\/puzzleparfum.com\/","name":"Puzzle Perfume","description":"","publisher":{"@id":"https:\/\/puzzleparfum.com\/#organization"},"potentialAction":[{"@type":"SearchAction","target":{"@type":"EntryPoint","urlTemplate":"https:\/\/puzzleparfum.com\/?s={search_term_string}"},"query-input":{"@type":"PropertyValueSpecification","valueRequired":true,"valueName":"search_term_string"}}],"inLanguage":"en-US"},{"@type":"Organization","@id":"https:\/\/puzzleparfum.com\/#organization","name":"Puzzle Perfume","url":"https:\/\/puzzleparfum.com\/","logo":{"@type":"ImageObject","inLanguage":"en-US","@id":"https:\/\/puzzleparfum.com\/#\/schema\/logo\/image\/","url":"http:\/\/puzzleparfum.com\/wp-content\/uploads\/2023\/02\/PPlogo.png","contentUrl":"http:\/\/puzzleparfum.com\/wp-content\/uploads\/2023\/02\/PPlogo.png","width":4496,"height":1272,"caption":"Puzzle Perfume"},"image":{"@id":"https:\/\/puzzleparfum.com\/#\/schema\/logo\/image\/"},"sameAs":["https:\/\/www.instagram.com\/puzzleparfum\/"]}]}},"_links":{"self":[{"href":"https:\/\/puzzleparfum.com\/en\/wp-json\/wp\/v2\/product\/159550","targetHints":{"allow":["GET"]}}],"collection":[{"href":"https:\/\/puzzleparfum.com\/en\/wp-json\/wp\/v2\/product"}],"about":[{"href":"https:\/\/puzzleparfum.com\/en\/wp-json\/wp\/v2\/types\/product"}],"wp:featuredmedia":[{"embeddable":true,"href":"https:\/\/puzzleparfum.com\/en\/wp-json\/wp\/v2\/media\/159551"}],"wp:attachment":[{"href":"https:\/\/puzzleparfum.com\/en\/wp-json\/wp\/v2\/media?parent=159550"}],"wp:term":[{"taxonomy":"product_brand","embeddable":true,"href":"https:\/\/puzzleparfum.com\/en\/wp-json\/wp\/v2\/product_brand?post=159550"},{"taxonomy":"product_cat","embeddable":true,"href":"https:\/\/puzzleparfum.com\/en\/wp-json\/wp\/v2\/product_cat?post=159550"},{"taxonomy":"product_tag","embeddable":true,"href":"https:\/\/puzzleparfum.com\/en\/wp-json\/wp\/v2\/product_tag?post=159550"}],"curies":[{"name":"wp","href":"https:\/\/api.w.org\/{rel}","templated":true}]}}