{"id":159548,"date":"2025-11-17T09:01:23","date_gmt":"2025-11-17T09:01:23","guid":{"rendered":"https:\/\/puzzleparfum.com\/?post_type=product&#038;p=159548"},"modified":"2026-03-10T19:30:02","modified_gmt":"2026-03-10T19:30:02","slug":"daylight-solid","status":"publish","type":"product","link":"https:\/\/puzzleparfum.com\/en\/product\/daylight-solid\/","title":{"rendered":"Daylight Solid"},"content":{"rendered":"","protected":false},"excerpt":{"rendered":"<p class=\"p1\">Meaning \u201csunlight.\u201d It reflects new beginnings or awakening after healing. Top note: lemon; heart notes: rose, clove, tonka bean, orange blossom; base: amber, patchouli, caramel, vanilla, sandalwood. In a creamy vegan, alcohol-free solid jar form, this parfum radiates like morning light: fresh awakening, floral joy, and gentle peace. Daylight is the brilliance you carry as you start your day.<\/p>\n<p>Top Notes: Lemon<\/p>\n<p>Middle Notes: Rose, clove, tonka bean and orange blossom<\/p>\n<p>Base Notes: Amber, patchouli, caramel, vanilla and sandalwood<\/p>\n<p style=\"font-weight: 400;\">Product Code: 33180<\/p>\n<p>15 ml<\/p>","protected":false},"featured_media":159549,"template":"","meta":[],"product_brand":[],"product_cat":[15,231],"product_tag":[],"class_list":{"0":"post-159548","1":"product","2":"type-product","3":"status-publish","4":"has-post-thumbnail","6":"product_cat-all","7":"product_cat-solid","8":"product_shipping_class-free-shipping","10":"first","11":"instock","12":"shipping-taxable","13":"purchasable","14":"product-type-simple"},"yoast_head":"<!-- This site is optimized with the Yoast SEO plugin v27.4 - https:\/\/yoast.com\/product\/yoast-seo-wordpress\/ -->\n<title>Daylight Solid - Puzzle Perfume<\/title>\n<meta name=\"robots\" content=\"index, follow, max-snippet:-1, max-image-preview:large, max-video-preview:-1\" \/>\n<link rel=\"canonical\" href=\"https:\/\/puzzleparfum.com\/en\/product\/daylight-solid\/\" \/>\n<meta property=\"og:locale\" content=\"en_US\" \/>\n<meta property=\"og:type\" content=\"article\" \/>\n<meta property=\"og:title\" content=\"Daylight Solid - Puzzle Perfume\" \/>\n<meta property=\"og:description\" content=\"Manas\u0131 \u201cg\u00fcn\u0131\u015f\u0131\u011f\u0131\u201dd\u0131r. Yeni bir ba\u015flang\u0131c\u0131 ya da iyile\u015fmeden sonraki uyan\u0131\u015f\u0131 temsil eder. Limon \u00fcst notas\u0131; g\u00fcl, karanfil, tonka tohumu ve portakal \u00e7i\u00e7e\u011fi orta notalar\u0131; amber, pa\u00e7uli, karamel, vanilya ve sandal a\u011fac\u0131 alt notalar\u0131 i\u00e7erir. Alkols\u00fcz, vegan krem formundaki solid jar parf\u00fcm, sabah \u0131\u015f\u0131\u011f\u0131 gibi parlar: ferah tazelikle ba\u015flar, \u00e7i\u00e7eksel ne\u015fe ile ilerler, tatl\u0131 bir huzurla sonlan\u0131r. Daylight, g\u00fcne ba\u015flarken ta\u015f\u0131d\u0131\u011f\u0131n\u0131z \u0131\u015f\u0131\u011f\u0131n \u0131\u015f\u0131lt\u0131s\u0131d\u0131r. \u00dcst Notalar: Limon  Orta Notalar: G\u00fcl, karanfil, tonka tohumu ve portakal \u00e7i\u00e7e\u011fi  Alt Notalar: Amber, pa\u00e7uli, karamel, vanilya ve sandala\u011fac\u0131 \u00dcr\u00fcn Kodu: 33180 15 ml\" \/>\n<meta property=\"og:url\" content=\"https:\/\/puzzleparfum.com\/en\/product\/daylight-solid\/\" \/>\n<meta property=\"og:site_name\" content=\"Puzzle Perfume\" \/>\n<meta property=\"article:modified_time\" content=\"2026-03-10T19:30:02+00:00\" \/>\n<meta property=\"og:image\" content=\"https:\/\/puzzleparfum.com\/wp-content\/uploads\/2025\/11\/daylightsolid.webp\" \/>\n\t<meta property=\"og:image:width\" content=\"1600\" \/>\n\t<meta property=\"og:image:height\" content=\"1800\" \/>\n\t<meta property=\"og:image:type\" content=\"image\/webp\" \/>\n<meta name=\"twitter:card\" content=\"summary_large_image\" \/>\n<meta name=\"twitter:label1\" content=\"Est. reading time\" \/>\n\t<meta name=\"twitter:data1\" content=\"1 minute\" \/>\n<script type=\"application\/ld+json\" class=\"yoast-schema-graph\">{\"@context\":\"https:\\\/\\\/schema.org\",\"@graph\":[{\"@type\":\"WebPage\",\"@id\":\"https:\\\/\\\/puzzleparfum.com\\\/product\\\/daylight-solid\\\/\",\"url\":\"https:\\\/\\\/puzzleparfum.com\\\/product\\\/daylight-solid\\\/\",\"name\":\"Daylight Solid - Puzzle Perfume\",\"isPartOf\":{\"@id\":\"https:\\\/\\\/puzzleparfum.com\\\/#website\"},\"primaryImageOfPage\":{\"@id\":\"https:\\\/\\\/puzzleparfum.com\\\/product\\\/daylight-solid\\\/#primaryimage\"},\"image\":{\"@id\":\"https:\\\/\\\/puzzleparfum.com\\\/product\\\/daylight-solid\\\/#primaryimage\"},\"thumbnailUrl\":\"https:\\\/\\\/puzzleparfum.com\\\/wp-content\\\/uploads\\\/2025\\\/11\\\/daylightsolid.webp\",\"datePublished\":\"2025-11-17T09:01:23+00:00\",\"dateModified\":\"2026-03-10T19:30:02+00:00\",\"breadcrumb\":{\"@id\":\"https:\\\/\\\/puzzleparfum.com\\\/product\\\/daylight-solid\\\/#breadcrumb\"},\"inLanguage\":\"en-US\",\"potentialAction\":[{\"@type\":\"ReadAction\",\"target\":[\"https:\\\/\\\/puzzleparfum.com\\\/product\\\/daylight-solid\\\/\"]}]},{\"@type\":\"ImageObject\",\"inLanguage\":\"en-US\",\"@id\":\"https:\\\/\\\/puzzleparfum.com\\\/product\\\/daylight-solid\\\/#primaryimage\",\"url\":\"https:\\\/\\\/puzzleparfum.com\\\/wp-content\\\/uploads\\\/2025\\\/11\\\/daylightsolid.webp\",\"contentUrl\":\"https:\\\/\\\/puzzleparfum.com\\\/wp-content\\\/uploads\\\/2025\\\/11\\\/daylightsolid.webp\",\"width\":1600,\"height\":1800},{\"@type\":\"BreadcrumbList\",\"@id\":\"https:\\\/\\\/puzzleparfum.com\\\/product\\\/daylight-solid\\\/#breadcrumb\",\"itemListElement\":[{\"@type\":\"ListItem\",\"position\":1,\"name\":\"Home\",\"item\":\"https:\\\/\\\/puzzleparfum.com\\\/\"},{\"@type\":\"ListItem\",\"position\":2,\"name\":\"\u00dcr\u00fcnler\",\"item\":\"https:\\\/\\\/puzzleparfum.com\\\/shop-2\\\/\"},{\"@type\":\"ListItem\",\"position\":3,\"name\":\"Daylight Solid\"}]},{\"@type\":\"WebSite\",\"@id\":\"https:\\\/\\\/puzzleparfum.com\\\/#website\",\"url\":\"https:\\\/\\\/puzzleparfum.com\\\/\",\"name\":\"Puzzle Perfume\",\"description\":\"\",\"publisher\":{\"@id\":\"https:\\\/\\\/puzzleparfum.com\\\/#organization\"},\"potentialAction\":[{\"@type\":\"SearchAction\",\"target\":{\"@type\":\"EntryPoint\",\"urlTemplate\":\"https:\\\/\\\/puzzleparfum.com\\\/?s={search_term_string}\"},\"query-input\":{\"@type\":\"PropertyValueSpecification\",\"valueRequired\":true,\"valueName\":\"search_term_string\"}}],\"inLanguage\":\"en-US\"},{\"@type\":\"Organization\",\"@id\":\"https:\\\/\\\/puzzleparfum.com\\\/#organization\",\"name\":\"Puzzle Perfume\",\"url\":\"https:\\\/\\\/puzzleparfum.com\\\/\",\"logo\":{\"@type\":\"ImageObject\",\"inLanguage\":\"en-US\",\"@id\":\"https:\\\/\\\/puzzleparfum.com\\\/#\\\/schema\\\/logo\\\/image\\\/\",\"url\":\"http:\\\/\\\/puzzleparfum.com\\\/wp-content\\\/uploads\\\/2023\\\/02\\\/PPlogo.png\",\"contentUrl\":\"http:\\\/\\\/puzzleparfum.com\\\/wp-content\\\/uploads\\\/2023\\\/02\\\/PPlogo.png\",\"width\":4496,\"height\":1272,\"caption\":\"Puzzle Perfume\"},\"image\":{\"@id\":\"https:\\\/\\\/puzzleparfum.com\\\/#\\\/schema\\\/logo\\\/image\\\/\"},\"sameAs\":[\"https:\\\/\\\/www.instagram.com\\\/puzzleparfum\\\/\"]}]}<\/script>\n<!-- \/ Yoast SEO plugin. -->","yoast_head_json":{"title":"Daylight Solid - Puzzle Perfume","robots":{"index":"index","follow":"follow","max-snippet":"max-snippet:-1","max-image-preview":"max-image-preview:large","max-video-preview":"max-video-preview:-1"},"canonical":"https:\/\/puzzleparfum.com\/en\/product\/daylight-solid\/","og_locale":"en_US","og_type":"article","og_title":"Daylight Solid - Puzzle Perfume","og_description":"Manas\u0131 \u201cg\u00fcn\u0131\u015f\u0131\u011f\u0131\u201dd\u0131r. Yeni bir ba\u015flang\u0131c\u0131 ya da iyile\u015fmeden sonraki uyan\u0131\u015f\u0131 temsil eder. Limon \u00fcst notas\u0131; g\u00fcl, karanfil, tonka tohumu ve portakal \u00e7i\u00e7e\u011fi orta notalar\u0131; amber, pa\u00e7uli, karamel, vanilya ve sandal a\u011fac\u0131 alt notalar\u0131 i\u00e7erir. Alkols\u00fcz, vegan krem formundaki solid jar parf\u00fcm, sabah \u0131\u015f\u0131\u011f\u0131 gibi parlar: ferah tazelikle ba\u015flar, \u00e7i\u00e7eksel ne\u015fe ile ilerler, tatl\u0131 bir huzurla sonlan\u0131r. Daylight, g\u00fcne ba\u015flarken ta\u015f\u0131d\u0131\u011f\u0131n\u0131z \u0131\u015f\u0131\u011f\u0131n \u0131\u015f\u0131lt\u0131s\u0131d\u0131r. \u00dcst Notalar: Limon  Orta Notalar: G\u00fcl, karanfil, tonka tohumu ve portakal \u00e7i\u00e7e\u011fi  Alt Notalar: Amber, pa\u00e7uli, karamel, vanilya ve sandala\u011fac\u0131 \u00dcr\u00fcn Kodu: 33180 15 ml","og_url":"https:\/\/puzzleparfum.com\/en\/product\/daylight-solid\/","og_site_name":"Puzzle Perfume","article_modified_time":"2026-03-10T19:30:02+00:00","og_image":[{"width":1600,"height":1800,"url":"https:\/\/puzzleparfum.com\/wp-content\/uploads\/2025\/11\/daylightsolid.webp","type":"image\/webp"}],"twitter_card":"summary_large_image","twitter_misc":{"Est. reading time":"1 minute"},"schema":{"@context":"https:\/\/schema.org","@graph":[{"@type":"WebPage","@id":"https:\/\/puzzleparfum.com\/product\/daylight-solid\/","url":"https:\/\/puzzleparfum.com\/product\/daylight-solid\/","name":"Daylight Solid - Puzzle Perfume","isPartOf":{"@id":"https:\/\/puzzleparfum.com\/#website"},"primaryImageOfPage":{"@id":"https:\/\/puzzleparfum.com\/product\/daylight-solid\/#primaryimage"},"image":{"@id":"https:\/\/puzzleparfum.com\/product\/daylight-solid\/#primaryimage"},"thumbnailUrl":"https:\/\/puzzleparfum.com\/wp-content\/uploads\/2025\/11\/daylightsolid.webp","datePublished":"2025-11-17T09:01:23+00:00","dateModified":"2026-03-10T19:30:02+00:00","breadcrumb":{"@id":"https:\/\/puzzleparfum.com\/product\/daylight-solid\/#breadcrumb"},"inLanguage":"en-US","potentialAction":[{"@type":"ReadAction","target":["https:\/\/puzzleparfum.com\/product\/daylight-solid\/"]}]},{"@type":"ImageObject","inLanguage":"en-US","@id":"https:\/\/puzzleparfum.com\/product\/daylight-solid\/#primaryimage","url":"https:\/\/puzzleparfum.com\/wp-content\/uploads\/2025\/11\/daylightsolid.webp","contentUrl":"https:\/\/puzzleparfum.com\/wp-content\/uploads\/2025\/11\/daylightsolid.webp","width":1600,"height":1800},{"@type":"BreadcrumbList","@id":"https:\/\/puzzleparfum.com\/product\/daylight-solid\/#breadcrumb","itemListElement":[{"@type":"ListItem","position":1,"name":"Home","item":"https:\/\/puzzleparfum.com\/"},{"@type":"ListItem","position":2,"name":"\u00dcr\u00fcnler","item":"https:\/\/puzzleparfum.com\/shop-2\/"},{"@type":"ListItem","position":3,"name":"Daylight Solid"}]},{"@type":"WebSite","@id":"https:\/\/puzzleparfum.com\/#website","url":"https:\/\/puzzleparfum.com\/","name":"Puzzle Perfume","description":"","publisher":{"@id":"https:\/\/puzzleparfum.com\/#organization"},"potentialAction":[{"@type":"SearchAction","target":{"@type":"EntryPoint","urlTemplate":"https:\/\/puzzleparfum.com\/?s={search_term_string}"},"query-input":{"@type":"PropertyValueSpecification","valueRequired":true,"valueName":"search_term_string"}}],"inLanguage":"en-US"},{"@type":"Organization","@id":"https:\/\/puzzleparfum.com\/#organization","name":"Puzzle Perfume","url":"https:\/\/puzzleparfum.com\/","logo":{"@type":"ImageObject","inLanguage":"en-US","@id":"https:\/\/puzzleparfum.com\/#\/schema\/logo\/image\/","url":"http:\/\/puzzleparfum.com\/wp-content\/uploads\/2023\/02\/PPlogo.png","contentUrl":"http:\/\/puzzleparfum.com\/wp-content\/uploads\/2023\/02\/PPlogo.png","width":4496,"height":1272,"caption":"Puzzle Perfume"},"image":{"@id":"https:\/\/puzzleparfum.com\/#\/schema\/logo\/image\/"},"sameAs":["https:\/\/www.instagram.com\/puzzleparfum\/"]}]}},"_links":{"self":[{"href":"https:\/\/puzzleparfum.com\/en\/wp-json\/wp\/v2\/product\/159548","targetHints":{"allow":["GET"]}}],"collection":[{"href":"https:\/\/puzzleparfum.com\/en\/wp-json\/wp\/v2\/product"}],"about":[{"href":"https:\/\/puzzleparfum.com\/en\/wp-json\/wp\/v2\/types\/product"}],"wp:featuredmedia":[{"embeddable":true,"href":"https:\/\/puzzleparfum.com\/en\/wp-json\/wp\/v2\/media\/159549"}],"wp:attachment":[{"href":"https:\/\/puzzleparfum.com\/en\/wp-json\/wp\/v2\/media?parent=159548"}],"wp:term":[{"taxonomy":"product_brand","embeddable":true,"href":"https:\/\/puzzleparfum.com\/en\/wp-json\/wp\/v2\/product_brand?post=159548"},{"taxonomy":"product_cat","embeddable":true,"href":"https:\/\/puzzleparfum.com\/en\/wp-json\/wp\/v2\/product_cat?post=159548"},{"taxonomy":"product_tag","embeddable":true,"href":"https:\/\/puzzleparfum.com\/en\/wp-json\/wp\/v2\/product_tag?post=159548"}],"curies":[{"name":"wp","href":"https:\/\/api.w.org\/{rel}","templated":true}]}}