{"id":159546,"date":"2025-11-17T08:56:57","date_gmt":"2025-11-17T08:56:57","guid":{"rendered":"https:\/\/puzzleparfum.com\/?post_type=product&#038;p=159546"},"modified":"2026-01-10T21:35:05","modified_gmt":"2026-01-10T21:35:05","slug":"lal-solid","status":"publish","type":"product","link":"https:\/\/puzzleparfum.com\/en\/product\/lal-solid\/","title":{"rendered":"Lal Solid"},"content":{"rendered":"","protected":false},"excerpt":{"rendered":"<p class=\"p1\">Meaning \u201cred precious gemstone.\u201d It reminds of everlasting love. Top notes: clove and nutmeg; heart notes: incense, patchouli, vanilla, rose; base notes: amber, vanilla, musk, sandalwood. This vegan, alcohol-free solid jar parfum warms the skin with passion: a spark at first, a romantic symphony in the middle, and a sense of belonging at the end. Lal is a hidden love story in your heart.<\/p>\n<p>Top Notes: Clove bud and nutmeg<\/p>\n<p>Middle Notes: Olibanum, patchouli and rose<\/p>\n<p>Base Notes: Amber, vanilla, musk and sandalwood<\/p>\n<p style=\"font-weight: 400;\">Product Code: 33203<\/p>\n<p>15 ml<\/p>","protected":false},"featured_media":159547,"template":"","meta":[],"product_brand":[],"product_cat":[15,231],"product_tag":[],"class_list":{"0":"post-159546","1":"product","2":"type-product","3":"status-publish","4":"has-post-thumbnail","6":"product_cat-all","7":"product_cat-solid","8":"product_shipping_class-free-shipping","10":"first","11":"instock","12":"shipping-taxable","13":"purchasable","14":"product-type-simple"},"yoast_head":"<!-- This site is optimized with the Yoast SEO plugin v27.4 - https:\/\/yoast.com\/product\/yoast-seo-wordpress\/ -->\n<title>Lal Solid - Puzzle Perfume<\/title>\n<meta name=\"robots\" content=\"index, follow, max-snippet:-1, max-image-preview:large, max-video-preview:-1\" \/>\n<link rel=\"canonical\" href=\"https:\/\/puzzleparfum.com\/en\/product\/lal-solid\/\" \/>\n<meta property=\"og:locale\" content=\"en_US\" \/>\n<meta property=\"og:type\" content=\"article\" \/>\n<meta property=\"og:title\" content=\"Lal Solid - Puzzle Perfume\" \/>\n<meta property=\"og:description\" content=\"Manas\u0131 \u201ck\u0131rm\u0131z\u0131 parlak de\u011ferli ta\u015f\u201dt\u0131r. Sonsuz a\u015fk\u0131n hat\u0131rlat\u0131c\u0131s\u0131d\u0131r. \u00dcst notalarda karanfil ve muskat; orta notalarda buhur, pa\u00e7uli, vanilya ve g\u00fcl; alt notalarda amber, vanilya, misk ve sandal a\u011fac\u0131 bulunur. Alkols\u00fcz, vegan solid jar formuyla cilde uyguland\u0131\u011f\u0131nda tutkuyla \u0131s\u0131nan bir deneyim sunar: \u00f6nce k\u0131v\u0131lc\u0131m gibi bir ba\u015flang\u0131\u00e7, ortada duygusal bir a\u015fk senfonisi, sonunda aidiyetle tamamlanan bir his. Lal, kalbinizde sakl\u0131 bir sevda hikayesidir. \u00dcst Notalar: Karanfil ve muskat  Orta Notalar: Buhur, pa\u00e7uli ve g\u00fcl  Alt Notalar: Amber, vanilya, misk ve sandala\u011fac\u0131 \u00dcr\u00fcn Kodu: 33203 15 ml\" \/>\n<meta property=\"og:url\" content=\"https:\/\/puzzleparfum.com\/en\/product\/lal-solid\/\" \/>\n<meta property=\"og:site_name\" content=\"Puzzle Perfume\" \/>\n<meta property=\"article:modified_time\" content=\"2026-01-10T21:35:05+00:00\" \/>\n<meta property=\"og:image\" content=\"https:\/\/puzzleparfum.com\/wp-content\/uploads\/2025\/11\/solidlal.webp\" \/>\n\t<meta property=\"og:image:width\" content=\"1600\" \/>\n\t<meta property=\"og:image:height\" content=\"1800\" \/>\n\t<meta property=\"og:image:type\" content=\"image\/webp\" \/>\n<meta name=\"twitter:card\" content=\"summary_large_image\" \/>\n<meta name=\"twitter:label1\" content=\"Est. reading time\" \/>\n\t<meta name=\"twitter:data1\" content=\"1 minute\" \/>\n<script type=\"application\/ld+json\" class=\"yoast-schema-graph\">{\"@context\":\"https:\\\/\\\/schema.org\",\"@graph\":[{\"@type\":\"WebPage\",\"@id\":\"https:\\\/\\\/puzzleparfum.com\\\/product\\\/lal-solid\\\/\",\"url\":\"https:\\\/\\\/puzzleparfum.com\\\/product\\\/lal-solid\\\/\",\"name\":\"Lal Solid - Puzzle Perfume\",\"isPartOf\":{\"@id\":\"https:\\\/\\\/puzzleparfum.com\\\/#website\"},\"primaryImageOfPage\":{\"@id\":\"https:\\\/\\\/puzzleparfum.com\\\/product\\\/lal-solid\\\/#primaryimage\"},\"image\":{\"@id\":\"https:\\\/\\\/puzzleparfum.com\\\/product\\\/lal-solid\\\/#primaryimage\"},\"thumbnailUrl\":\"https:\\\/\\\/puzzleparfum.com\\\/wp-content\\\/uploads\\\/2025\\\/11\\\/solidlal.webp\",\"datePublished\":\"2025-11-17T08:56:57+00:00\",\"dateModified\":\"2026-01-10T21:35:05+00:00\",\"breadcrumb\":{\"@id\":\"https:\\\/\\\/puzzleparfum.com\\\/product\\\/lal-solid\\\/#breadcrumb\"},\"inLanguage\":\"en-US\",\"potentialAction\":[{\"@type\":\"ReadAction\",\"target\":[\"https:\\\/\\\/puzzleparfum.com\\\/product\\\/lal-solid\\\/\"]}]},{\"@type\":\"ImageObject\",\"inLanguage\":\"en-US\",\"@id\":\"https:\\\/\\\/puzzleparfum.com\\\/product\\\/lal-solid\\\/#primaryimage\",\"url\":\"https:\\\/\\\/puzzleparfum.com\\\/wp-content\\\/uploads\\\/2025\\\/11\\\/solidlal.webp\",\"contentUrl\":\"https:\\\/\\\/puzzleparfum.com\\\/wp-content\\\/uploads\\\/2025\\\/11\\\/solidlal.webp\",\"width\":1600,\"height\":1800},{\"@type\":\"BreadcrumbList\",\"@id\":\"https:\\\/\\\/puzzleparfum.com\\\/product\\\/lal-solid\\\/#breadcrumb\",\"itemListElement\":[{\"@type\":\"ListItem\",\"position\":1,\"name\":\"Home\",\"item\":\"https:\\\/\\\/puzzleparfum.com\\\/\"},{\"@type\":\"ListItem\",\"position\":2,\"name\":\"\u00dcr\u00fcnler\",\"item\":\"https:\\\/\\\/puzzleparfum.com\\\/shop-2\\\/\"},{\"@type\":\"ListItem\",\"position\":3,\"name\":\"Lal Solid\"}]},{\"@type\":\"WebSite\",\"@id\":\"https:\\\/\\\/puzzleparfum.com\\\/#website\",\"url\":\"https:\\\/\\\/puzzleparfum.com\\\/\",\"name\":\"Puzzle Perfume\",\"description\":\"\",\"publisher\":{\"@id\":\"https:\\\/\\\/puzzleparfum.com\\\/#organization\"},\"potentialAction\":[{\"@type\":\"SearchAction\",\"target\":{\"@type\":\"EntryPoint\",\"urlTemplate\":\"https:\\\/\\\/puzzleparfum.com\\\/?s={search_term_string}\"},\"query-input\":{\"@type\":\"PropertyValueSpecification\",\"valueRequired\":true,\"valueName\":\"search_term_string\"}}],\"inLanguage\":\"en-US\"},{\"@type\":\"Organization\",\"@id\":\"https:\\\/\\\/puzzleparfum.com\\\/#organization\",\"name\":\"Puzzle Perfume\",\"url\":\"https:\\\/\\\/puzzleparfum.com\\\/\",\"logo\":{\"@type\":\"ImageObject\",\"inLanguage\":\"en-US\",\"@id\":\"https:\\\/\\\/puzzleparfum.com\\\/#\\\/schema\\\/logo\\\/image\\\/\",\"url\":\"http:\\\/\\\/puzzleparfum.com\\\/wp-content\\\/uploads\\\/2023\\\/02\\\/PPlogo.png\",\"contentUrl\":\"http:\\\/\\\/puzzleparfum.com\\\/wp-content\\\/uploads\\\/2023\\\/02\\\/PPlogo.png\",\"width\":4496,\"height\":1272,\"caption\":\"Puzzle Perfume\"},\"image\":{\"@id\":\"https:\\\/\\\/puzzleparfum.com\\\/#\\\/schema\\\/logo\\\/image\\\/\"},\"sameAs\":[\"https:\\\/\\\/www.instagram.com\\\/puzzleparfum\\\/\"]}]}<\/script>\n<!-- \/ Yoast SEO plugin. -->","yoast_head_json":{"title":"Lal Solid - Puzzle Perfume","robots":{"index":"index","follow":"follow","max-snippet":"max-snippet:-1","max-image-preview":"max-image-preview:large","max-video-preview":"max-video-preview:-1"},"canonical":"https:\/\/puzzleparfum.com\/en\/product\/lal-solid\/","og_locale":"en_US","og_type":"article","og_title":"Lal Solid - Puzzle Perfume","og_description":"Manas\u0131 \u201ck\u0131rm\u0131z\u0131 parlak de\u011ferli ta\u015f\u201dt\u0131r. Sonsuz a\u015fk\u0131n hat\u0131rlat\u0131c\u0131s\u0131d\u0131r. \u00dcst notalarda karanfil ve muskat; orta notalarda buhur, pa\u00e7uli, vanilya ve g\u00fcl; alt notalarda amber, vanilya, misk ve sandal a\u011fac\u0131 bulunur. Alkols\u00fcz, vegan solid jar formuyla cilde uyguland\u0131\u011f\u0131nda tutkuyla \u0131s\u0131nan bir deneyim sunar: \u00f6nce k\u0131v\u0131lc\u0131m gibi bir ba\u015flang\u0131\u00e7, ortada duygusal bir a\u015fk senfonisi, sonunda aidiyetle tamamlanan bir his. Lal, kalbinizde sakl\u0131 bir sevda hikayesidir. \u00dcst Notalar: Karanfil ve muskat  Orta Notalar: Buhur, pa\u00e7uli ve g\u00fcl  Alt Notalar: Amber, vanilya, misk ve sandala\u011fac\u0131 \u00dcr\u00fcn Kodu: 33203 15 ml","og_url":"https:\/\/puzzleparfum.com\/en\/product\/lal-solid\/","og_site_name":"Puzzle Perfume","article_modified_time":"2026-01-10T21:35:05+00:00","og_image":[{"width":1600,"height":1800,"url":"https:\/\/puzzleparfum.com\/wp-content\/uploads\/2025\/11\/solidlal.webp","type":"image\/webp"}],"twitter_card":"summary_large_image","twitter_misc":{"Est. reading time":"1 minute"},"schema":{"@context":"https:\/\/schema.org","@graph":[{"@type":"WebPage","@id":"https:\/\/puzzleparfum.com\/product\/lal-solid\/","url":"https:\/\/puzzleparfum.com\/product\/lal-solid\/","name":"Lal Solid - Puzzle Perfume","isPartOf":{"@id":"https:\/\/puzzleparfum.com\/#website"},"primaryImageOfPage":{"@id":"https:\/\/puzzleparfum.com\/product\/lal-solid\/#primaryimage"},"image":{"@id":"https:\/\/puzzleparfum.com\/product\/lal-solid\/#primaryimage"},"thumbnailUrl":"https:\/\/puzzleparfum.com\/wp-content\/uploads\/2025\/11\/solidlal.webp","datePublished":"2025-11-17T08:56:57+00:00","dateModified":"2026-01-10T21:35:05+00:00","breadcrumb":{"@id":"https:\/\/puzzleparfum.com\/product\/lal-solid\/#breadcrumb"},"inLanguage":"en-US","potentialAction":[{"@type":"ReadAction","target":["https:\/\/puzzleparfum.com\/product\/lal-solid\/"]}]},{"@type":"ImageObject","inLanguage":"en-US","@id":"https:\/\/puzzleparfum.com\/product\/lal-solid\/#primaryimage","url":"https:\/\/puzzleparfum.com\/wp-content\/uploads\/2025\/11\/solidlal.webp","contentUrl":"https:\/\/puzzleparfum.com\/wp-content\/uploads\/2025\/11\/solidlal.webp","width":1600,"height":1800},{"@type":"BreadcrumbList","@id":"https:\/\/puzzleparfum.com\/product\/lal-solid\/#breadcrumb","itemListElement":[{"@type":"ListItem","position":1,"name":"Home","item":"https:\/\/puzzleparfum.com\/"},{"@type":"ListItem","position":2,"name":"\u00dcr\u00fcnler","item":"https:\/\/puzzleparfum.com\/shop-2\/"},{"@type":"ListItem","position":3,"name":"Lal Solid"}]},{"@type":"WebSite","@id":"https:\/\/puzzleparfum.com\/#website","url":"https:\/\/puzzleparfum.com\/","name":"Puzzle Perfume","description":"","publisher":{"@id":"https:\/\/puzzleparfum.com\/#organization"},"potentialAction":[{"@type":"SearchAction","target":{"@type":"EntryPoint","urlTemplate":"https:\/\/puzzleparfum.com\/?s={search_term_string}"},"query-input":{"@type":"PropertyValueSpecification","valueRequired":true,"valueName":"search_term_string"}}],"inLanguage":"en-US"},{"@type":"Organization","@id":"https:\/\/puzzleparfum.com\/#organization","name":"Puzzle Perfume","url":"https:\/\/puzzleparfum.com\/","logo":{"@type":"ImageObject","inLanguage":"en-US","@id":"https:\/\/puzzleparfum.com\/#\/schema\/logo\/image\/","url":"http:\/\/puzzleparfum.com\/wp-content\/uploads\/2023\/02\/PPlogo.png","contentUrl":"http:\/\/puzzleparfum.com\/wp-content\/uploads\/2023\/02\/PPlogo.png","width":4496,"height":1272,"caption":"Puzzle Perfume"},"image":{"@id":"https:\/\/puzzleparfum.com\/#\/schema\/logo\/image\/"},"sameAs":["https:\/\/www.instagram.com\/puzzleparfum\/"]}]}},"_links":{"self":[{"href":"https:\/\/puzzleparfum.com\/en\/wp-json\/wp\/v2\/product\/159546","targetHints":{"allow":["GET"]}}],"collection":[{"href":"https:\/\/puzzleparfum.com\/en\/wp-json\/wp\/v2\/product"}],"about":[{"href":"https:\/\/puzzleparfum.com\/en\/wp-json\/wp\/v2\/types\/product"}],"wp:featuredmedia":[{"embeddable":true,"href":"https:\/\/puzzleparfum.com\/en\/wp-json\/wp\/v2\/media\/159547"}],"wp:attachment":[{"href":"https:\/\/puzzleparfum.com\/en\/wp-json\/wp\/v2\/media?parent=159546"}],"wp:term":[{"taxonomy":"product_brand","embeddable":true,"href":"https:\/\/puzzleparfum.com\/en\/wp-json\/wp\/v2\/product_brand?post=159546"},{"taxonomy":"product_cat","embeddable":true,"href":"https:\/\/puzzleparfum.com\/en\/wp-json\/wp\/v2\/product_cat?post=159546"},{"taxonomy":"product_tag","embeddable":true,"href":"https:\/\/puzzleparfum.com\/en\/wp-json\/wp\/v2\/product_tag?post=159546"}],"curies":[{"name":"wp","href":"https:\/\/api.w.org\/{rel}","templated":true}]}}