{"id":159544,"date":"2025-11-17T08:54:30","date_gmt":"2025-11-17T08:54:30","guid":{"rendered":"https:\/\/puzzleparfum.com\/?post_type=product&#038;p=159544"},"modified":"2026-01-10T21:38:47","modified_gmt":"2026-01-10T21:38:47","slug":"fibonacci-solid","status":"publish","type":"product","link":"https:\/\/puzzleparfum.com\/en\/product\/fibonacci-solid\/","title":{"rendered":"Fibonacci Solid"},"content":{"rendered":"","protected":false},"excerpt":{"rendered":"<p class=\"p1\">Named after the \u201cgolden ratio,\u201d symbol of universal harmony and balance. Opens with bergamot, clove, nutmeg, and saffron; heart notes of violet, jasmine, and black orchid; base notes of amber, vanilla, musk, and sandalwood form a sweet woody harmony. In its solid jar form, it merges with the skin as a creamy texture: spicy freshness, floral richness, and a harmonious finish. Fibonacci carries the universe\u2019s rhythm on your skin.<\/p>\n<p>Top Notes: Bergamot, clove bud, cinnamon, nutmeg and safroon<\/p>\n<p>Middle Notes: Violet, jasmine and black orchid<\/p>\n<p>Base Notes: Amber, vanilla, oud and patchouli<\/p>\n<p style=\"font-weight: 400;\">Product Code: 33197<\/p>\n<p>15 ml<\/p>","protected":false},"featured_media":159545,"template":"","meta":[],"product_brand":[],"product_cat":[15,231],"product_tag":[],"class_list":{"0":"post-159544","1":"product","2":"type-product","3":"status-publish","4":"has-post-thumbnail","6":"product_cat-all","7":"product_cat-solid","8":"product_shipping_class-free-shipping","10":"first","11":"instock","12":"shipping-taxable","13":"purchasable","14":"product-type-simple"},"yoast_head":"<!-- This site is optimized with the Yoast SEO plugin v27.4 - https:\/\/yoast.com\/product\/yoast-seo-wordpress\/ -->\n<title>Fibonacci Solid - Puzzle Perfume<\/title>\n<meta name=\"robots\" content=\"index, follow, max-snippet:-1, max-image-preview:large, max-video-preview:-1\" \/>\n<link rel=\"canonical\" href=\"https:\/\/puzzleparfum.com\/en\/product\/fibonacci-solid\/\" \/>\n<meta property=\"og:locale\" content=\"en_US\" \/>\n<meta property=\"og:type\" content=\"article\" \/>\n<meta property=\"og:title\" content=\"Fibonacci Solid - Puzzle Perfume\" \/>\n<meta property=\"og:description\" content=\"Manas\u0131 \u201calt\u0131n oran\u201dd\u0131r evrenin \u00f6l\u00e7\u00fcs\u00fc, denge ve uyum simgesidir. \u00dcst notalarda bergamot, karanfil, muskat ve safran; orta notalarda menek\u015fe, yasemin ve siyah orkide; alt notalarda amber, vanilya, misk ve sandal a\u011fac\u0131 kombinasyonuyle tatl\u0131 odunsu bir etki yarat\u0131r. Alkols\u00fcz, vegan solid jar formunda cilde temasla krem dokusunu b\u00fct\u00fcnle\u015ftirir. Baharatl\u0131 tazelikle a\u00e7\u0131l\u0131r, \u00e7i\u00e7eksi zenginlikle ilerler ve alt\u0131n oran gibi dengeli bir uyumla sona erer. Fibonacci, teninizde evrenin ritmini ta\u015f\u0131r. \u00dcst Notalar: Bergamot, karanfil, tar\u00e7\u0131n, muskat ve safran  Orta Notalar: Menek\u015fe, yasemin ve siyah orkide  Alt Notalar: Amber, vanilya, ud ve pa\u00e7uli \u00dcr\u00fcn Kodu: 33197 15 ml\" \/>\n<meta property=\"og:url\" content=\"https:\/\/puzzleparfum.com\/en\/product\/fibonacci-solid\/\" \/>\n<meta property=\"og:site_name\" content=\"Puzzle Perfume\" \/>\n<meta property=\"article:modified_time\" content=\"2026-01-10T21:38:47+00:00\" \/>\n<meta property=\"og:image\" content=\"https:\/\/puzzleparfum.com\/wp-content\/uploads\/2025\/11\/solidfibonacci.webp\" \/>\n\t<meta property=\"og:image:width\" content=\"1600\" \/>\n\t<meta property=\"og:image:height\" content=\"1800\" \/>\n\t<meta property=\"og:image:type\" content=\"image\/webp\" \/>\n<meta name=\"twitter:card\" content=\"summary_large_image\" \/>\n<meta name=\"twitter:label1\" content=\"Est. reading time\" \/>\n\t<meta name=\"twitter:data1\" content=\"1 minute\" \/>\n<script type=\"application\/ld+json\" class=\"yoast-schema-graph\">{\"@context\":\"https:\\\/\\\/schema.org\",\"@graph\":[{\"@type\":\"WebPage\",\"@id\":\"https:\\\/\\\/puzzleparfum.com\\\/product\\\/fibonacci-solid\\\/\",\"url\":\"https:\\\/\\\/puzzleparfum.com\\\/product\\\/fibonacci-solid\\\/\",\"name\":\"Fibonacci Solid - Puzzle Perfume\",\"isPartOf\":{\"@id\":\"https:\\\/\\\/puzzleparfum.com\\\/#website\"},\"primaryImageOfPage\":{\"@id\":\"https:\\\/\\\/puzzleparfum.com\\\/product\\\/fibonacci-solid\\\/#primaryimage\"},\"image\":{\"@id\":\"https:\\\/\\\/puzzleparfum.com\\\/product\\\/fibonacci-solid\\\/#primaryimage\"},\"thumbnailUrl\":\"https:\\\/\\\/puzzleparfum.com\\\/wp-content\\\/uploads\\\/2025\\\/11\\\/solidfibonacci.webp\",\"datePublished\":\"2025-11-17T08:54:30+00:00\",\"dateModified\":\"2026-01-10T21:38:47+00:00\",\"breadcrumb\":{\"@id\":\"https:\\\/\\\/puzzleparfum.com\\\/product\\\/fibonacci-solid\\\/#breadcrumb\"},\"inLanguage\":\"en-US\",\"potentialAction\":[{\"@type\":\"ReadAction\",\"target\":[\"https:\\\/\\\/puzzleparfum.com\\\/product\\\/fibonacci-solid\\\/\"]}]},{\"@type\":\"ImageObject\",\"inLanguage\":\"en-US\",\"@id\":\"https:\\\/\\\/puzzleparfum.com\\\/product\\\/fibonacci-solid\\\/#primaryimage\",\"url\":\"https:\\\/\\\/puzzleparfum.com\\\/wp-content\\\/uploads\\\/2025\\\/11\\\/solidfibonacci.webp\",\"contentUrl\":\"https:\\\/\\\/puzzleparfum.com\\\/wp-content\\\/uploads\\\/2025\\\/11\\\/solidfibonacci.webp\",\"width\":1600,\"height\":1800},{\"@type\":\"BreadcrumbList\",\"@id\":\"https:\\\/\\\/puzzleparfum.com\\\/product\\\/fibonacci-solid\\\/#breadcrumb\",\"itemListElement\":[{\"@type\":\"ListItem\",\"position\":1,\"name\":\"Home\",\"item\":\"https:\\\/\\\/puzzleparfum.com\\\/\"},{\"@type\":\"ListItem\",\"position\":2,\"name\":\"\u00dcr\u00fcnler\",\"item\":\"https:\\\/\\\/puzzleparfum.com\\\/shop-2\\\/\"},{\"@type\":\"ListItem\",\"position\":3,\"name\":\"Fibonacci Solid\"}]},{\"@type\":\"WebSite\",\"@id\":\"https:\\\/\\\/puzzleparfum.com\\\/#website\",\"url\":\"https:\\\/\\\/puzzleparfum.com\\\/\",\"name\":\"Puzzle Perfume\",\"description\":\"\",\"publisher\":{\"@id\":\"https:\\\/\\\/puzzleparfum.com\\\/#organization\"},\"potentialAction\":[{\"@type\":\"SearchAction\",\"target\":{\"@type\":\"EntryPoint\",\"urlTemplate\":\"https:\\\/\\\/puzzleparfum.com\\\/?s={search_term_string}\"},\"query-input\":{\"@type\":\"PropertyValueSpecification\",\"valueRequired\":true,\"valueName\":\"search_term_string\"}}],\"inLanguage\":\"en-US\"},{\"@type\":\"Organization\",\"@id\":\"https:\\\/\\\/puzzleparfum.com\\\/#organization\",\"name\":\"Puzzle Perfume\",\"url\":\"https:\\\/\\\/puzzleparfum.com\\\/\",\"logo\":{\"@type\":\"ImageObject\",\"inLanguage\":\"en-US\",\"@id\":\"https:\\\/\\\/puzzleparfum.com\\\/#\\\/schema\\\/logo\\\/image\\\/\",\"url\":\"http:\\\/\\\/puzzleparfum.com\\\/wp-content\\\/uploads\\\/2023\\\/02\\\/PPlogo.png\",\"contentUrl\":\"http:\\\/\\\/puzzleparfum.com\\\/wp-content\\\/uploads\\\/2023\\\/02\\\/PPlogo.png\",\"width\":4496,\"height\":1272,\"caption\":\"Puzzle Perfume\"},\"image\":{\"@id\":\"https:\\\/\\\/puzzleparfum.com\\\/#\\\/schema\\\/logo\\\/image\\\/\"},\"sameAs\":[\"https:\\\/\\\/www.instagram.com\\\/puzzleparfum\\\/\"]}]}<\/script>\n<!-- \/ Yoast SEO plugin. -->","yoast_head_json":{"title":"Fibonacci Solid - Puzzle Perfume","robots":{"index":"index","follow":"follow","max-snippet":"max-snippet:-1","max-image-preview":"max-image-preview:large","max-video-preview":"max-video-preview:-1"},"canonical":"https:\/\/puzzleparfum.com\/en\/product\/fibonacci-solid\/","og_locale":"en_US","og_type":"article","og_title":"Fibonacci Solid - Puzzle Perfume","og_description":"Manas\u0131 \u201calt\u0131n oran\u201dd\u0131r evrenin \u00f6l\u00e7\u00fcs\u00fc, denge ve uyum simgesidir. \u00dcst notalarda bergamot, karanfil, muskat ve safran; orta notalarda menek\u015fe, yasemin ve siyah orkide; alt notalarda amber, vanilya, misk ve sandal a\u011fac\u0131 kombinasyonuyle tatl\u0131 odunsu bir etki yarat\u0131r. Alkols\u00fcz, vegan solid jar formunda cilde temasla krem dokusunu b\u00fct\u00fcnle\u015ftirir. Baharatl\u0131 tazelikle a\u00e7\u0131l\u0131r, \u00e7i\u00e7eksi zenginlikle ilerler ve alt\u0131n oran gibi dengeli bir uyumla sona erer. Fibonacci, teninizde evrenin ritmini ta\u015f\u0131r. \u00dcst Notalar: Bergamot, karanfil, tar\u00e7\u0131n, muskat ve safran  Orta Notalar: Menek\u015fe, yasemin ve siyah orkide  Alt Notalar: Amber, vanilya, ud ve pa\u00e7uli \u00dcr\u00fcn Kodu: 33197 15 ml","og_url":"https:\/\/puzzleparfum.com\/en\/product\/fibonacci-solid\/","og_site_name":"Puzzle Perfume","article_modified_time":"2026-01-10T21:38:47+00:00","og_image":[{"width":1600,"height":1800,"url":"https:\/\/puzzleparfum.com\/wp-content\/uploads\/2025\/11\/solidfibonacci.webp","type":"image\/webp"}],"twitter_card":"summary_large_image","twitter_misc":{"Est. reading time":"1 minute"},"schema":{"@context":"https:\/\/schema.org","@graph":[{"@type":"WebPage","@id":"https:\/\/puzzleparfum.com\/product\/fibonacci-solid\/","url":"https:\/\/puzzleparfum.com\/product\/fibonacci-solid\/","name":"Fibonacci Solid - Puzzle Perfume","isPartOf":{"@id":"https:\/\/puzzleparfum.com\/#website"},"primaryImageOfPage":{"@id":"https:\/\/puzzleparfum.com\/product\/fibonacci-solid\/#primaryimage"},"image":{"@id":"https:\/\/puzzleparfum.com\/product\/fibonacci-solid\/#primaryimage"},"thumbnailUrl":"https:\/\/puzzleparfum.com\/wp-content\/uploads\/2025\/11\/solidfibonacci.webp","datePublished":"2025-11-17T08:54:30+00:00","dateModified":"2026-01-10T21:38:47+00:00","breadcrumb":{"@id":"https:\/\/puzzleparfum.com\/product\/fibonacci-solid\/#breadcrumb"},"inLanguage":"en-US","potentialAction":[{"@type":"ReadAction","target":["https:\/\/puzzleparfum.com\/product\/fibonacci-solid\/"]}]},{"@type":"ImageObject","inLanguage":"en-US","@id":"https:\/\/puzzleparfum.com\/product\/fibonacci-solid\/#primaryimage","url":"https:\/\/puzzleparfum.com\/wp-content\/uploads\/2025\/11\/solidfibonacci.webp","contentUrl":"https:\/\/puzzleparfum.com\/wp-content\/uploads\/2025\/11\/solidfibonacci.webp","width":1600,"height":1800},{"@type":"BreadcrumbList","@id":"https:\/\/puzzleparfum.com\/product\/fibonacci-solid\/#breadcrumb","itemListElement":[{"@type":"ListItem","position":1,"name":"Home","item":"https:\/\/puzzleparfum.com\/"},{"@type":"ListItem","position":2,"name":"\u00dcr\u00fcnler","item":"https:\/\/puzzleparfum.com\/shop-2\/"},{"@type":"ListItem","position":3,"name":"Fibonacci Solid"}]},{"@type":"WebSite","@id":"https:\/\/puzzleparfum.com\/#website","url":"https:\/\/puzzleparfum.com\/","name":"Puzzle Perfume","description":"","publisher":{"@id":"https:\/\/puzzleparfum.com\/#organization"},"potentialAction":[{"@type":"SearchAction","target":{"@type":"EntryPoint","urlTemplate":"https:\/\/puzzleparfum.com\/?s={search_term_string}"},"query-input":{"@type":"PropertyValueSpecification","valueRequired":true,"valueName":"search_term_string"}}],"inLanguage":"en-US"},{"@type":"Organization","@id":"https:\/\/puzzleparfum.com\/#organization","name":"Puzzle Perfume","url":"https:\/\/puzzleparfum.com\/","logo":{"@type":"ImageObject","inLanguage":"en-US","@id":"https:\/\/puzzleparfum.com\/#\/schema\/logo\/image\/","url":"http:\/\/puzzleparfum.com\/wp-content\/uploads\/2023\/02\/PPlogo.png","contentUrl":"http:\/\/puzzleparfum.com\/wp-content\/uploads\/2023\/02\/PPlogo.png","width":4496,"height":1272,"caption":"Puzzle Perfume"},"image":{"@id":"https:\/\/puzzleparfum.com\/#\/schema\/logo\/image\/"},"sameAs":["https:\/\/www.instagram.com\/puzzleparfum\/"]}]}},"_links":{"self":[{"href":"https:\/\/puzzleparfum.com\/en\/wp-json\/wp\/v2\/product\/159544","targetHints":{"allow":["GET"]}}],"collection":[{"href":"https:\/\/puzzleparfum.com\/en\/wp-json\/wp\/v2\/product"}],"about":[{"href":"https:\/\/puzzleparfum.com\/en\/wp-json\/wp\/v2\/types\/product"}],"wp:featuredmedia":[{"embeddable":true,"href":"https:\/\/puzzleparfum.com\/en\/wp-json\/wp\/v2\/media\/159545"}],"wp:attachment":[{"href":"https:\/\/puzzleparfum.com\/en\/wp-json\/wp\/v2\/media?parent=159544"}],"wp:term":[{"taxonomy":"product_brand","embeddable":true,"href":"https:\/\/puzzleparfum.com\/en\/wp-json\/wp\/v2\/product_brand?post=159544"},{"taxonomy":"product_cat","embeddable":true,"href":"https:\/\/puzzleparfum.com\/en\/wp-json\/wp\/v2\/product_cat?post=159544"},{"taxonomy":"product_tag","embeddable":true,"href":"https:\/\/puzzleparfum.com\/en\/wp-json\/wp\/v2\/product_tag?post=159544"}],"curies":[{"name":"wp","href":"https:\/\/api.w.org\/{rel}","templated":true}]}}