{"id":159542,"date":"2025-11-17T08:49:48","date_gmt":"2025-11-17T08:49:48","guid":{"rendered":"https:\/\/puzzleparfum.com\/?post_type=product&#038;p=159542"},"modified":"2026-01-10T21:37:21","modified_gmt":"2026-01-10T21:37:21","slug":"sarcastic-solid","status":"publish","type":"product","link":"https:\/\/puzzleparfum.com\/en\/product\/sarcastic-solid\/","title":{"rendered":"Sarcastic Solid"},"content":{"rendered":"","protected":false},"excerpt":{"rendered":"<p>Meaning \u201csarcasm.\u201d To some it may seem frivolous, but for me it\u2019s a clever attitude an expression of unique character. Middle notes: tobacco, incense, iris root; base notes: vetiver and cedarwood, creating a distinct signature. The alcohol-free, vegan solid jar parfum has a refreshing creamy texture that reveals intelligence, smoky elegance, and stable depth. Sarcastic is the silent statement of someone with style.<\/p>\n<p>Top Notes: Angelica and nutmeg<\/p>\n<p>Middle Notes: Incense, tobacco and orris root<\/p>\n<p>Base Notes: vetiver and cedar<\/p>\n<p style=\"font-weight: 400;\">Product Code: 33166<\/p>\n<p>15 ml<\/p>","protected":false},"featured_media":159543,"template":"","meta":[],"product_brand":[],"product_cat":[15,231],"product_tag":[],"class_list":{"0":"post-159542","1":"product","2":"type-product","3":"status-publish","4":"has-post-thumbnail","6":"product_cat-all","7":"product_cat-solid","8":"product_shipping_class-free-shipping","10":"first","11":"instock","12":"shipping-taxable","13":"purchasable","14":"product-type-simple"},"yoast_head":"<!-- This site is optimized with the Yoast SEO plugin v27.4 - https:\/\/yoast.com\/product\/yoast-seo-wordpress\/ -->\n<title>Sarcastic Solid - Puzzle Perfume<\/title>\n<meta name=\"robots\" content=\"index, follow, max-snippet:-1, max-image-preview:large, max-video-preview:-1\" \/>\n<link rel=\"canonical\" href=\"https:\/\/puzzleparfum.com\/en\/product\/sarcastic-solid\/\" \/>\n<meta property=\"og:locale\" content=\"en_US\" \/>\n<meta property=\"og:type\" content=\"article\" \/>\n<meta property=\"og:title\" content=\"Sarcastic Solid - Puzzle Perfume\" \/>\n<meta property=\"og:description\" content=\"Manas\u0131 \u201calayc\u0131l\u0131k\u201dt\u0131r. Kimilerine g\u00f6re \u015f\u0131mar\u0131kl\u0131k olarak alg\u0131lansa da benim i\u00e7in zekice yap\u0131lan bir tav\u0131rd\u0131r; benzersiz karakteri temsil eder. \u00dcst notalarda melek otu ve muskat; orta notalarda t\u00fcts\u00fc, t\u00fct\u00fcn ve s\u00fcsen k\u00f6k\u00fcyle dumanl\u0131 \u00e7i\u00e7eksi bir karakter; alt notalarda vetiver ve sedir a\u011fac\u0131 \u00f6zg\u00fcn bir imza olu\u015fturur. Alkols\u00fcz, vegan solid jar parf\u00fcm; ferah krem dokusuyla zek\u00e2 k\u0131v\u0131lc\u0131\u011f\u0131, dumans\u0131 zarafet ve g\u00fcvenli derinlik hissi sunar. Sarcastic, stil sahibi ki\u015filerin sessiz ama etkileyici ifadesidir.  \u00dcst Notalar: Melek otu, ve muskat  Orta Notalar: T\u00fcts\u00fc, t\u00fct\u00fcn ve s\u00fcsen k\u00f6k\u00fc  Alt Notalar: Vetiver ve sedir a\u011fac\u0131 \u00dcr\u00fcn Kodu: 33166 15 ml\" \/>\n<meta property=\"og:url\" content=\"https:\/\/puzzleparfum.com\/en\/product\/sarcastic-solid\/\" \/>\n<meta property=\"og:site_name\" content=\"Puzzle Perfume\" \/>\n<meta property=\"article:modified_time\" content=\"2026-01-10T21:37:21+00:00\" \/>\n<meta property=\"og:image\" content=\"https:\/\/puzzleparfum.com\/wp-content\/uploads\/2025\/11\/solidsarcastic.webp\" \/>\n\t<meta property=\"og:image:width\" content=\"1600\" \/>\n\t<meta property=\"og:image:height\" content=\"1800\" \/>\n\t<meta property=\"og:image:type\" content=\"image\/webp\" \/>\n<meta name=\"twitter:card\" content=\"summary_large_image\" \/>\n<meta name=\"twitter:label1\" content=\"Est. reading time\" \/>\n\t<meta name=\"twitter:data1\" content=\"1 minute\" \/>\n<script type=\"application\/ld+json\" class=\"yoast-schema-graph\">{\"@context\":\"https:\\\/\\\/schema.org\",\"@graph\":[{\"@type\":\"WebPage\",\"@id\":\"https:\\\/\\\/puzzleparfum.com\\\/product\\\/sarcastic-solid\\\/\",\"url\":\"https:\\\/\\\/puzzleparfum.com\\\/product\\\/sarcastic-solid\\\/\",\"name\":\"Sarcastic Solid - Puzzle Perfume\",\"isPartOf\":{\"@id\":\"https:\\\/\\\/puzzleparfum.com\\\/#website\"},\"primaryImageOfPage\":{\"@id\":\"https:\\\/\\\/puzzleparfum.com\\\/product\\\/sarcastic-solid\\\/#primaryimage\"},\"image\":{\"@id\":\"https:\\\/\\\/puzzleparfum.com\\\/product\\\/sarcastic-solid\\\/#primaryimage\"},\"thumbnailUrl\":\"https:\\\/\\\/puzzleparfum.com\\\/wp-content\\\/uploads\\\/2025\\\/11\\\/solidsarcastic.webp\",\"datePublished\":\"2025-11-17T08:49:48+00:00\",\"dateModified\":\"2026-01-10T21:37:21+00:00\",\"breadcrumb\":{\"@id\":\"https:\\\/\\\/puzzleparfum.com\\\/product\\\/sarcastic-solid\\\/#breadcrumb\"},\"inLanguage\":\"en-US\",\"potentialAction\":[{\"@type\":\"ReadAction\",\"target\":[\"https:\\\/\\\/puzzleparfum.com\\\/product\\\/sarcastic-solid\\\/\"]}]},{\"@type\":\"ImageObject\",\"inLanguage\":\"en-US\",\"@id\":\"https:\\\/\\\/puzzleparfum.com\\\/product\\\/sarcastic-solid\\\/#primaryimage\",\"url\":\"https:\\\/\\\/puzzleparfum.com\\\/wp-content\\\/uploads\\\/2025\\\/11\\\/solidsarcastic.webp\",\"contentUrl\":\"https:\\\/\\\/puzzleparfum.com\\\/wp-content\\\/uploads\\\/2025\\\/11\\\/solidsarcastic.webp\",\"width\":1600,\"height\":1800},{\"@type\":\"BreadcrumbList\",\"@id\":\"https:\\\/\\\/puzzleparfum.com\\\/product\\\/sarcastic-solid\\\/#breadcrumb\",\"itemListElement\":[{\"@type\":\"ListItem\",\"position\":1,\"name\":\"Home\",\"item\":\"https:\\\/\\\/puzzleparfum.com\\\/\"},{\"@type\":\"ListItem\",\"position\":2,\"name\":\"\u00dcr\u00fcnler\",\"item\":\"https:\\\/\\\/puzzleparfum.com\\\/shop-2\\\/\"},{\"@type\":\"ListItem\",\"position\":3,\"name\":\"Sarcastic Solid\"}]},{\"@type\":\"WebSite\",\"@id\":\"https:\\\/\\\/puzzleparfum.com\\\/#website\",\"url\":\"https:\\\/\\\/puzzleparfum.com\\\/\",\"name\":\"Puzzle Perfume\",\"description\":\"\",\"publisher\":{\"@id\":\"https:\\\/\\\/puzzleparfum.com\\\/#organization\"},\"potentialAction\":[{\"@type\":\"SearchAction\",\"target\":{\"@type\":\"EntryPoint\",\"urlTemplate\":\"https:\\\/\\\/puzzleparfum.com\\\/?s={search_term_string}\"},\"query-input\":{\"@type\":\"PropertyValueSpecification\",\"valueRequired\":true,\"valueName\":\"search_term_string\"}}],\"inLanguage\":\"en-US\"},{\"@type\":\"Organization\",\"@id\":\"https:\\\/\\\/puzzleparfum.com\\\/#organization\",\"name\":\"Puzzle Perfume\",\"url\":\"https:\\\/\\\/puzzleparfum.com\\\/\",\"logo\":{\"@type\":\"ImageObject\",\"inLanguage\":\"en-US\",\"@id\":\"https:\\\/\\\/puzzleparfum.com\\\/#\\\/schema\\\/logo\\\/image\\\/\",\"url\":\"http:\\\/\\\/puzzleparfum.com\\\/wp-content\\\/uploads\\\/2023\\\/02\\\/PPlogo.png\",\"contentUrl\":\"http:\\\/\\\/puzzleparfum.com\\\/wp-content\\\/uploads\\\/2023\\\/02\\\/PPlogo.png\",\"width\":4496,\"height\":1272,\"caption\":\"Puzzle Perfume\"},\"image\":{\"@id\":\"https:\\\/\\\/puzzleparfum.com\\\/#\\\/schema\\\/logo\\\/image\\\/\"},\"sameAs\":[\"https:\\\/\\\/www.instagram.com\\\/puzzleparfum\\\/\"]}]}<\/script>\n<!-- \/ Yoast SEO plugin. -->","yoast_head_json":{"title":"Sarcastic Solid - Puzzle Perfume","robots":{"index":"index","follow":"follow","max-snippet":"max-snippet:-1","max-image-preview":"max-image-preview:large","max-video-preview":"max-video-preview:-1"},"canonical":"https:\/\/puzzleparfum.com\/en\/product\/sarcastic-solid\/","og_locale":"en_US","og_type":"article","og_title":"Sarcastic Solid - Puzzle Perfume","og_description":"Manas\u0131 \u201calayc\u0131l\u0131k\u201dt\u0131r. Kimilerine g\u00f6re \u015f\u0131mar\u0131kl\u0131k olarak alg\u0131lansa da benim i\u00e7in zekice yap\u0131lan bir tav\u0131rd\u0131r; benzersiz karakteri temsil eder. \u00dcst notalarda melek otu ve muskat; orta notalarda t\u00fcts\u00fc, t\u00fct\u00fcn ve s\u00fcsen k\u00f6k\u00fcyle dumanl\u0131 \u00e7i\u00e7eksi bir karakter; alt notalarda vetiver ve sedir a\u011fac\u0131 \u00f6zg\u00fcn bir imza olu\u015fturur. Alkols\u00fcz, vegan solid jar parf\u00fcm; ferah krem dokusuyla zek\u00e2 k\u0131v\u0131lc\u0131\u011f\u0131, dumans\u0131 zarafet ve g\u00fcvenli derinlik hissi sunar. Sarcastic, stil sahibi ki\u015filerin sessiz ama etkileyici ifadesidir.  \u00dcst Notalar: Melek otu, ve muskat  Orta Notalar: T\u00fcts\u00fc, t\u00fct\u00fcn ve s\u00fcsen k\u00f6k\u00fc  Alt Notalar: Vetiver ve sedir a\u011fac\u0131 \u00dcr\u00fcn Kodu: 33166 15 ml","og_url":"https:\/\/puzzleparfum.com\/en\/product\/sarcastic-solid\/","og_site_name":"Puzzle Perfume","article_modified_time":"2026-01-10T21:37:21+00:00","og_image":[{"width":1600,"height":1800,"url":"https:\/\/puzzleparfum.com\/wp-content\/uploads\/2025\/11\/solidsarcastic.webp","type":"image\/webp"}],"twitter_card":"summary_large_image","twitter_misc":{"Est. reading time":"1 minute"},"schema":{"@context":"https:\/\/schema.org","@graph":[{"@type":"WebPage","@id":"https:\/\/puzzleparfum.com\/product\/sarcastic-solid\/","url":"https:\/\/puzzleparfum.com\/product\/sarcastic-solid\/","name":"Sarcastic Solid - Puzzle Perfume","isPartOf":{"@id":"https:\/\/puzzleparfum.com\/#website"},"primaryImageOfPage":{"@id":"https:\/\/puzzleparfum.com\/product\/sarcastic-solid\/#primaryimage"},"image":{"@id":"https:\/\/puzzleparfum.com\/product\/sarcastic-solid\/#primaryimage"},"thumbnailUrl":"https:\/\/puzzleparfum.com\/wp-content\/uploads\/2025\/11\/solidsarcastic.webp","datePublished":"2025-11-17T08:49:48+00:00","dateModified":"2026-01-10T21:37:21+00:00","breadcrumb":{"@id":"https:\/\/puzzleparfum.com\/product\/sarcastic-solid\/#breadcrumb"},"inLanguage":"en-US","potentialAction":[{"@type":"ReadAction","target":["https:\/\/puzzleparfum.com\/product\/sarcastic-solid\/"]}]},{"@type":"ImageObject","inLanguage":"en-US","@id":"https:\/\/puzzleparfum.com\/product\/sarcastic-solid\/#primaryimage","url":"https:\/\/puzzleparfum.com\/wp-content\/uploads\/2025\/11\/solidsarcastic.webp","contentUrl":"https:\/\/puzzleparfum.com\/wp-content\/uploads\/2025\/11\/solidsarcastic.webp","width":1600,"height":1800},{"@type":"BreadcrumbList","@id":"https:\/\/puzzleparfum.com\/product\/sarcastic-solid\/#breadcrumb","itemListElement":[{"@type":"ListItem","position":1,"name":"Home","item":"https:\/\/puzzleparfum.com\/"},{"@type":"ListItem","position":2,"name":"\u00dcr\u00fcnler","item":"https:\/\/puzzleparfum.com\/shop-2\/"},{"@type":"ListItem","position":3,"name":"Sarcastic Solid"}]},{"@type":"WebSite","@id":"https:\/\/puzzleparfum.com\/#website","url":"https:\/\/puzzleparfum.com\/","name":"Puzzle Perfume","description":"","publisher":{"@id":"https:\/\/puzzleparfum.com\/#organization"},"potentialAction":[{"@type":"SearchAction","target":{"@type":"EntryPoint","urlTemplate":"https:\/\/puzzleparfum.com\/?s={search_term_string}"},"query-input":{"@type":"PropertyValueSpecification","valueRequired":true,"valueName":"search_term_string"}}],"inLanguage":"en-US"},{"@type":"Organization","@id":"https:\/\/puzzleparfum.com\/#organization","name":"Puzzle Perfume","url":"https:\/\/puzzleparfum.com\/","logo":{"@type":"ImageObject","inLanguage":"en-US","@id":"https:\/\/puzzleparfum.com\/#\/schema\/logo\/image\/","url":"http:\/\/puzzleparfum.com\/wp-content\/uploads\/2023\/02\/PPlogo.png","contentUrl":"http:\/\/puzzleparfum.com\/wp-content\/uploads\/2023\/02\/PPlogo.png","width":4496,"height":1272,"caption":"Puzzle Perfume"},"image":{"@id":"https:\/\/puzzleparfum.com\/#\/schema\/logo\/image\/"},"sameAs":["https:\/\/www.instagram.com\/puzzleparfum\/"]}]}},"_links":{"self":[{"href":"https:\/\/puzzleparfum.com\/en\/wp-json\/wp\/v2\/product\/159542","targetHints":{"allow":["GET"]}}],"collection":[{"href":"https:\/\/puzzleparfum.com\/en\/wp-json\/wp\/v2\/product"}],"about":[{"href":"https:\/\/puzzleparfum.com\/en\/wp-json\/wp\/v2\/types\/product"}],"wp:featuredmedia":[{"embeddable":true,"href":"https:\/\/puzzleparfum.com\/en\/wp-json\/wp\/v2\/media\/159543"}],"wp:attachment":[{"href":"https:\/\/puzzleparfum.com\/en\/wp-json\/wp\/v2\/media?parent=159542"}],"wp:term":[{"taxonomy":"product_brand","embeddable":true,"href":"https:\/\/puzzleparfum.com\/en\/wp-json\/wp\/v2\/product_brand?post=159542"},{"taxonomy":"product_cat","embeddable":true,"href":"https:\/\/puzzleparfum.com\/en\/wp-json\/wp\/v2\/product_cat?post=159542"},{"taxonomy":"product_tag","embeddable":true,"href":"https:\/\/puzzleparfum.com\/en\/wp-json\/wp\/v2\/product_tag?post=159542"}],"curies":[{"name":"wp","href":"https:\/\/api.w.org\/{rel}","templated":true}]}}