{"id":159503,"date":"2025-11-16T20:40:44","date_gmt":"2025-11-16T20:40:44","guid":{"rendered":"https:\/\/puzzleparfum.com\/?post_type=product&#038;p=159503"},"modified":"2026-02-27T00:00:15","modified_gmt":"2026-02-27T00:00:15","slug":"puzzle-nagamani","status":"publish","type":"product","link":"https:\/\/puzzleparfum.com\/en\/product\/puzzle-nagamani\/","title":{"rendered":"Puzzle Nagamani"},"content":{"rendered":"","protected":false},"excerpt":{"rendered":"<p>Its meaning is the sacred stone of the serpent; a symbol of wisdom and awakening that appears to those who possess pure energy. For me, Nagamani is an inner gem shining at the crossroads of darkness and light, body and soul.\u2028Top notes of bergamot, lemon, and orange blossom create a purifying beginning. Heart notes of lily of the valley and rose represent spiritual ascension and serenity. Base notes of amber, guaiac wood, and musk balance energy and awaken a sense of wholeness. It first offers a refreshing purification, leaves inner tranquility in the heart, and seals the feeling of completeness in the base.\u2028Nagamani is an olfactory ritual opening the path to inner awakening.<\/p>\n<p><b>You are already whole. Awakening is within.<\/b><b><\/b><\/p>\n<p>&nbsp;<\/p>\n<p style=\"font-weight: 400;\">Top Notes: Bergamot, Lemon, Orange Blossom<\/p>\n<p style=\"font-weight: 400;\">Middle Notes: Lily of the Valley, Rose<\/p>\n<p style=\"font-weight: 400;\">Base Notes: Amber, Guaiac Wood, Musk<\/p>\n<p style=\"font-weight: 400;\">Product Code: 33135<\/p>\n<p>90 ml e 3.04 fl.oz.<\/p>","protected":false},"featured_media":159504,"template":"","meta":[],"product_brand":[],"product_cat":[15,84,226,229],"product_tag":[],"class_list":{"0":"post-159503","1":"product","2":"type-product","3":"status-publish","4":"has-post-thumbnail","6":"product_cat-all","7":"product_cat-parfum-discovery","8":"product_cat-parfum","9":"product_cat-derun","10":"product_shipping_class-free-shipping","12":"first","13":"instock","14":"shipping-taxable","15":"purchasable","16":"product-type-simple"},"yoast_head":"<!-- This site is optimized with the Yoast SEO plugin v27.4 - https:\/\/yoast.com\/product\/yoast-seo-wordpress\/ -->\n<title>Puzzle Nagamani - Puzzle Perfume<\/title>\n<meta name=\"robots\" content=\"index, follow, max-snippet:-1, max-image-preview:large, max-video-preview:-1\" \/>\n<link rel=\"canonical\" href=\"https:\/\/puzzleparfum.com\/en\/product\/puzzle-nagamani\/\" \/>\n<meta property=\"og:locale\" content=\"en_US\" \/>\n<meta property=\"og:type\" content=\"article\" \/>\n<meta property=\"og:title\" content=\"Puzzle Nagamani - Puzzle Perfume\" \/>\n<meta property=\"og:description\" content=\"Manas\u0131, y\u0131lan\u0131n kutsal ta\u015f\u0131d\u0131r; saf enerjiye sahip olanlar\u0131n kar\u015f\u0131s\u0131na \u00e7\u0131kan, bilgelik ve uyan\u0131\u015f sembol\u00fcd\u00fcr. Benim i\u00e7in Nagamani, karanl\u0131kla ayd\u0131nl\u0131\u011f\u0131n, bedenle ruhun kesi\u015fti\u011fi yerde parlayan i\u00e7sel bir cevherdir. \u00dcst notalar\u0131nda bergamot, limon ve portakal \u00e7i\u00e7e\u011fiyle ar\u0131nd\u0131r\u0131c\u0131 bir ba\u015flang\u0131\u00e7 yapar. Orta notalarda m\u00fcge \u00e7i\u00e7e\u011fi ve g\u00fcl, ruhsal y\u00fckseli\u015fi ve huzuru temsil eder. Alt notalarda amber, gvayak a\u011fac\u0131 ve misk, enerjiyi dengeleyerek b\u00fct\u00fcnl\u00fck hissi uyand\u0131r\u0131r; ilk anda tazeleyici bir ar\u0131nma sunar, ortada i\u00e7sel s\u00fck\u00fbnet b\u0131rak\u0131r, alt notalarda ise tamamlanm\u0131\u015fl\u0131k duygusunu m\u00fch\u00fcrler. Nagamani, i\u00e7sel uyan\u0131\u015fa a\u00e7\u0131lan kokusal bir rit\u00fceldir.  Sen zaten b\u00fct\u00fcns\u00fcn. Uyan\u0131\u015f i\u00e7eridedir  &nbsp; \u00dcst Notalar: Bergamot, limon ve portakal \u00e7i\u00e7e\u011fi Orta Notalar: M\u00fcge \u00e7i\u00e7e\u011fi ve g\u00fcl Alt Notalar: Amber, gvayak a\u011fac\u0131 ve misk \u00dcr\u00fcn Kodu: 33135 90 ml e 3.04 fl.oz.\" \/>\n<meta property=\"og:url\" content=\"https:\/\/puzzleparfum.com\/en\/product\/puzzle-nagamani\/\" \/>\n<meta property=\"og:site_name\" content=\"Puzzle Perfume\" \/>\n<meta property=\"article:modified_time\" content=\"2026-02-27T00:00:15+00:00\" \/>\n<meta property=\"og:image\" content=\"https:\/\/puzzleparfum.com\/wp-content\/uploads\/2025\/11\/nagamani.webp\" \/>\n\t<meta property=\"og:image:width\" content=\"1600\" \/>\n\t<meta property=\"og:image:height\" content=\"1823\" \/>\n\t<meta property=\"og:image:type\" content=\"image\/webp\" \/>\n<meta name=\"twitter:card\" content=\"summary_large_image\" \/>\n<meta name=\"twitter:label1\" content=\"Est. reading time\" \/>\n\t<meta name=\"twitter:data1\" content=\"1 minute\" \/>\n<script type=\"application\/ld+json\" class=\"yoast-schema-graph\">{\"@context\":\"https:\\\/\\\/schema.org\",\"@graph\":[{\"@type\":\"WebPage\",\"@id\":\"https:\\\/\\\/puzzleparfum.com\\\/product\\\/puzzle-nagamani\\\/\",\"url\":\"https:\\\/\\\/puzzleparfum.com\\\/product\\\/puzzle-nagamani\\\/\",\"name\":\"Puzzle Nagamani - Puzzle Perfume\",\"isPartOf\":{\"@id\":\"https:\\\/\\\/puzzleparfum.com\\\/#website\"},\"primaryImageOfPage\":{\"@id\":\"https:\\\/\\\/puzzleparfum.com\\\/product\\\/puzzle-nagamani\\\/#primaryimage\"},\"image\":{\"@id\":\"https:\\\/\\\/puzzleparfum.com\\\/product\\\/puzzle-nagamani\\\/#primaryimage\"},\"thumbnailUrl\":\"https:\\\/\\\/puzzleparfum.com\\\/wp-content\\\/uploads\\\/2025\\\/11\\\/nagamani.webp\",\"datePublished\":\"2025-11-16T20:40:44+00:00\",\"dateModified\":\"2026-02-27T00:00:15+00:00\",\"breadcrumb\":{\"@id\":\"https:\\\/\\\/puzzleparfum.com\\\/product\\\/puzzle-nagamani\\\/#breadcrumb\"},\"inLanguage\":\"en-US\",\"potentialAction\":[{\"@type\":\"ReadAction\",\"target\":[\"https:\\\/\\\/puzzleparfum.com\\\/product\\\/puzzle-nagamani\\\/\"]}]},{\"@type\":\"ImageObject\",\"inLanguage\":\"en-US\",\"@id\":\"https:\\\/\\\/puzzleparfum.com\\\/product\\\/puzzle-nagamani\\\/#primaryimage\",\"url\":\"https:\\\/\\\/puzzleparfum.com\\\/wp-content\\\/uploads\\\/2025\\\/11\\\/nagamani.webp\",\"contentUrl\":\"https:\\\/\\\/puzzleparfum.com\\\/wp-content\\\/uploads\\\/2025\\\/11\\\/nagamani.webp\",\"width\":1600,\"height\":1823},{\"@type\":\"BreadcrumbList\",\"@id\":\"https:\\\/\\\/puzzleparfum.com\\\/product\\\/puzzle-nagamani\\\/#breadcrumb\",\"itemListElement\":[{\"@type\":\"ListItem\",\"position\":1,\"name\":\"Home\",\"item\":\"https:\\\/\\\/puzzleparfum.com\\\/\"},{\"@type\":\"ListItem\",\"position\":2,\"name\":\"\u00dcr\u00fcnler\",\"item\":\"https:\\\/\\\/puzzleparfum.com\\\/shop-2\\\/\"},{\"@type\":\"ListItem\",\"position\":3,\"name\":\"Puzzle Nagamani\"}]},{\"@type\":\"WebSite\",\"@id\":\"https:\\\/\\\/puzzleparfum.com\\\/#website\",\"url\":\"https:\\\/\\\/puzzleparfum.com\\\/\",\"name\":\"Puzzle Perfume\",\"description\":\"\",\"publisher\":{\"@id\":\"https:\\\/\\\/puzzleparfum.com\\\/#organization\"},\"potentialAction\":[{\"@type\":\"SearchAction\",\"target\":{\"@type\":\"EntryPoint\",\"urlTemplate\":\"https:\\\/\\\/puzzleparfum.com\\\/?s={search_term_string}\"},\"query-input\":{\"@type\":\"PropertyValueSpecification\",\"valueRequired\":true,\"valueName\":\"search_term_string\"}}],\"inLanguage\":\"en-US\"},{\"@type\":\"Organization\",\"@id\":\"https:\\\/\\\/puzzleparfum.com\\\/#organization\",\"name\":\"Puzzle Perfume\",\"url\":\"https:\\\/\\\/puzzleparfum.com\\\/\",\"logo\":{\"@type\":\"ImageObject\",\"inLanguage\":\"en-US\",\"@id\":\"https:\\\/\\\/puzzleparfum.com\\\/#\\\/schema\\\/logo\\\/image\\\/\",\"url\":\"http:\\\/\\\/puzzleparfum.com\\\/wp-content\\\/uploads\\\/2023\\\/02\\\/PPlogo.png\",\"contentUrl\":\"http:\\\/\\\/puzzleparfum.com\\\/wp-content\\\/uploads\\\/2023\\\/02\\\/PPlogo.png\",\"width\":4496,\"height\":1272,\"caption\":\"Puzzle Perfume\"},\"image\":{\"@id\":\"https:\\\/\\\/puzzleparfum.com\\\/#\\\/schema\\\/logo\\\/image\\\/\"},\"sameAs\":[\"https:\\\/\\\/www.instagram.com\\\/puzzleparfum\\\/\"]}]}<\/script>\n<!-- \/ Yoast SEO plugin. -->","yoast_head_json":{"title":"Puzzle Nagamani - Puzzle Perfume","robots":{"index":"index","follow":"follow","max-snippet":"max-snippet:-1","max-image-preview":"max-image-preview:large","max-video-preview":"max-video-preview:-1"},"canonical":"https:\/\/puzzleparfum.com\/en\/product\/puzzle-nagamani\/","og_locale":"en_US","og_type":"article","og_title":"Puzzle Nagamani - Puzzle Perfume","og_description":"Manas\u0131, y\u0131lan\u0131n kutsal ta\u015f\u0131d\u0131r; saf enerjiye sahip olanlar\u0131n kar\u015f\u0131s\u0131na \u00e7\u0131kan, bilgelik ve uyan\u0131\u015f sembol\u00fcd\u00fcr. Benim i\u00e7in Nagamani, karanl\u0131kla ayd\u0131nl\u0131\u011f\u0131n, bedenle ruhun kesi\u015fti\u011fi yerde parlayan i\u00e7sel bir cevherdir. \u00dcst notalar\u0131nda bergamot, limon ve portakal \u00e7i\u00e7e\u011fiyle ar\u0131nd\u0131r\u0131c\u0131 bir ba\u015flang\u0131\u00e7 yapar. Orta notalarda m\u00fcge \u00e7i\u00e7e\u011fi ve g\u00fcl, ruhsal y\u00fckseli\u015fi ve huzuru temsil eder. Alt notalarda amber, gvayak a\u011fac\u0131 ve misk, enerjiyi dengeleyerek b\u00fct\u00fcnl\u00fck hissi uyand\u0131r\u0131r; ilk anda tazeleyici bir ar\u0131nma sunar, ortada i\u00e7sel s\u00fck\u00fbnet b\u0131rak\u0131r, alt notalarda ise tamamlanm\u0131\u015fl\u0131k duygusunu m\u00fch\u00fcrler. Nagamani, i\u00e7sel uyan\u0131\u015fa a\u00e7\u0131lan kokusal bir rit\u00fceldir.  Sen zaten b\u00fct\u00fcns\u00fcn. Uyan\u0131\u015f i\u00e7eridedir  &nbsp; \u00dcst Notalar: Bergamot, limon ve portakal \u00e7i\u00e7e\u011fi Orta Notalar: M\u00fcge \u00e7i\u00e7e\u011fi ve g\u00fcl Alt Notalar: Amber, gvayak a\u011fac\u0131 ve misk \u00dcr\u00fcn Kodu: 33135 90 ml e 3.04 fl.oz.","og_url":"https:\/\/puzzleparfum.com\/en\/product\/puzzle-nagamani\/","og_site_name":"Puzzle Perfume","article_modified_time":"2026-02-27T00:00:15+00:00","og_image":[{"width":1600,"height":1823,"url":"https:\/\/puzzleparfum.com\/wp-content\/uploads\/2025\/11\/nagamani.webp","type":"image\/webp"}],"twitter_card":"summary_large_image","twitter_misc":{"Est. reading time":"1 minute"},"schema":{"@context":"https:\/\/schema.org","@graph":[{"@type":"WebPage","@id":"https:\/\/puzzleparfum.com\/product\/puzzle-nagamani\/","url":"https:\/\/puzzleparfum.com\/product\/puzzle-nagamani\/","name":"Puzzle Nagamani - Puzzle Perfume","isPartOf":{"@id":"https:\/\/puzzleparfum.com\/#website"},"primaryImageOfPage":{"@id":"https:\/\/puzzleparfum.com\/product\/puzzle-nagamani\/#primaryimage"},"image":{"@id":"https:\/\/puzzleparfum.com\/product\/puzzle-nagamani\/#primaryimage"},"thumbnailUrl":"https:\/\/puzzleparfum.com\/wp-content\/uploads\/2025\/11\/nagamani.webp","datePublished":"2025-11-16T20:40:44+00:00","dateModified":"2026-02-27T00:00:15+00:00","breadcrumb":{"@id":"https:\/\/puzzleparfum.com\/product\/puzzle-nagamani\/#breadcrumb"},"inLanguage":"en-US","potentialAction":[{"@type":"ReadAction","target":["https:\/\/puzzleparfum.com\/product\/puzzle-nagamani\/"]}]},{"@type":"ImageObject","inLanguage":"en-US","@id":"https:\/\/puzzleparfum.com\/product\/puzzle-nagamani\/#primaryimage","url":"https:\/\/puzzleparfum.com\/wp-content\/uploads\/2025\/11\/nagamani.webp","contentUrl":"https:\/\/puzzleparfum.com\/wp-content\/uploads\/2025\/11\/nagamani.webp","width":1600,"height":1823},{"@type":"BreadcrumbList","@id":"https:\/\/puzzleparfum.com\/product\/puzzle-nagamani\/#breadcrumb","itemListElement":[{"@type":"ListItem","position":1,"name":"Home","item":"https:\/\/puzzleparfum.com\/"},{"@type":"ListItem","position":2,"name":"\u00dcr\u00fcnler","item":"https:\/\/puzzleparfum.com\/shop-2\/"},{"@type":"ListItem","position":3,"name":"Puzzle Nagamani"}]},{"@type":"WebSite","@id":"https:\/\/puzzleparfum.com\/#website","url":"https:\/\/puzzleparfum.com\/","name":"Puzzle Perfume","description":"","publisher":{"@id":"https:\/\/puzzleparfum.com\/#organization"},"potentialAction":[{"@type":"SearchAction","target":{"@type":"EntryPoint","urlTemplate":"https:\/\/puzzleparfum.com\/?s={search_term_string}"},"query-input":{"@type":"PropertyValueSpecification","valueRequired":true,"valueName":"search_term_string"}}],"inLanguage":"en-US"},{"@type":"Organization","@id":"https:\/\/puzzleparfum.com\/#organization","name":"Puzzle Perfume","url":"https:\/\/puzzleparfum.com\/","logo":{"@type":"ImageObject","inLanguage":"en-US","@id":"https:\/\/puzzleparfum.com\/#\/schema\/logo\/image\/","url":"http:\/\/puzzleparfum.com\/wp-content\/uploads\/2023\/02\/PPlogo.png","contentUrl":"http:\/\/puzzleparfum.com\/wp-content\/uploads\/2023\/02\/PPlogo.png","width":4496,"height":1272,"caption":"Puzzle Perfume"},"image":{"@id":"https:\/\/puzzleparfum.com\/#\/schema\/logo\/image\/"},"sameAs":["https:\/\/www.instagram.com\/puzzleparfum\/"]}]}},"_links":{"self":[{"href":"https:\/\/puzzleparfum.com\/en\/wp-json\/wp\/v2\/product\/159503","targetHints":{"allow":["GET"]}}],"collection":[{"href":"https:\/\/puzzleparfum.com\/en\/wp-json\/wp\/v2\/product"}],"about":[{"href":"https:\/\/puzzleparfum.com\/en\/wp-json\/wp\/v2\/types\/product"}],"wp:featuredmedia":[{"embeddable":true,"href":"https:\/\/puzzleparfum.com\/en\/wp-json\/wp\/v2\/media\/159504"}],"wp:attachment":[{"href":"https:\/\/puzzleparfum.com\/en\/wp-json\/wp\/v2\/media?parent=159503"}],"wp:term":[{"taxonomy":"product_brand","embeddable":true,"href":"https:\/\/puzzleparfum.com\/en\/wp-json\/wp\/v2\/product_brand?post=159503"},{"taxonomy":"product_cat","embeddable":true,"href":"https:\/\/puzzleparfum.com\/en\/wp-json\/wp\/v2\/product_cat?post=159503"},{"taxonomy":"product_tag","embeddable":true,"href":"https:\/\/puzzleparfum.com\/en\/wp-json\/wp\/v2\/product_tag?post=159503"}],"curies":[{"name":"wp","href":"https:\/\/api.w.org\/{rel}","templated":true}]}}