{"id":159501,"date":"2025-11-16T20:35:23","date_gmt":"2025-11-16T20:35:23","guid":{"rendered":"https:\/\/puzzleparfum.com\/?post_type=product&#038;p=159501"},"modified":"2026-01-10T21:00:10","modified_gmt":"2026-01-10T21:00:10","slug":"puzzle-gece","status":"publish","type":"product","link":"https:\/\/puzzleparfum.com\/en\/product\/puzzle-gece\/","title":{"rendered":"Puzzle Gece"},"content":{"rendered":"","protected":false},"excerpt":{"rendered":"<p>Its meaning is the moments when the quietest echoes of the soul are heard, when time stands still. For me, Gece is not ordinary darkness; it is a mysterious gate opening to an inner journey.\u2028Top notes of bergamot, eucalyptus, and pepper create a mystical opening. Heart notes of lilac, lily of the valley, and rose express the balance of darkness and light. Base notes of cedarwood, musk, and vanilla awaken an ancient memory with their depth. It begins with a spicy spark, leaves a floral passage in the middle, and finally descends into the depths of the soul with a lasting trace of wisdom. Gece is the olfactory ritual of inner exploration and enlightenment.<\/p>\n<p><b>Without understanding the night, you cannot reach the light.<\/b><\/p>\n<p>&nbsp;<\/p>\n<p style=\"font-weight: 400;\">Top Notes: Bergamot, Eucalyptus, Pepper<\/p>\n<p style=\"font-weight: 400;\">Middle Notes: Heart Notes: Lilac, Lily of the Valley, Rose<\/p>\n<p style=\"font-weight: 400;\">Base Notes: Cedarwood, Musk, Vanilla<\/p>\n<p style=\"font-weight: 400;\">Product Code: 33128<\/p>\n<p>90 ml e 3.04 fl.oz.<\/p>","protected":false},"featured_media":159502,"template":"","meta":[],"product_brand":[],"product_cat":[15,84,226,229],"product_tag":[],"class_list":{"0":"post-159501","1":"product","2":"type-product","3":"status-publish","4":"has-post-thumbnail","6":"product_cat-all","7":"product_cat-parfum-discovery","8":"product_cat-parfum","9":"product_cat-derun","10":"product_shipping_class-free-shipping","12":"first","13":"instock","14":"shipping-taxable","15":"purchasable","16":"product-type-simple"},"yoast_head":"<!-- This site is optimized with the Yoast SEO plugin v27.4 - https:\/\/yoast.com\/product\/yoast-seo-wordpress\/ -->\n<title>Puzzle Gece - Puzzle Perfume<\/title>\n<meta name=\"robots\" content=\"index, follow, max-snippet:-1, max-image-preview:large, max-video-preview:-1\" \/>\n<link rel=\"canonical\" href=\"https:\/\/puzzleparfum.com\/en\/product\/puzzle-gece\/\" \/>\n<meta property=\"og:locale\" content=\"en_US\" \/>\n<meta property=\"og:type\" content=\"article\" \/>\n<meta property=\"og:title\" content=\"Puzzle Gece - Puzzle Perfume\" \/>\n<meta property=\"og:description\" content=\"Manas\u0131, ruhun en sessiz yank\u0131lar\u0131n\u0131n duyuldu\u011fu, zaman\u0131n durdu\u011fu anlar\u0131n ad\u0131d\u0131r. Benim i\u00e7in Gece, s\u0131radan bir karanl\u0131k de\u011fil; i\u00e7sel yolculu\u011fa a\u00e7\u0131lan gizemli bir kap\u0131d\u0131r. \u00dcst notalarda bergamot, okalipt\u00fcs ve biberle mistik bir ba\u015flang\u0131\u00e7 yapar. Orta notalarda leylak, m\u00fcge \u00e7i\u00e7e\u011fi ve g\u00fcl, karanl\u0131k ile ayd\u0131nl\u0131\u011f\u0131n dengesini hissettirir. Alt notalarda sedir a\u011fac\u0131, misk ve vanilya derinli\u011fiyle kadim bir hat\u0131ray\u0131 uyand\u0131r\u0131r. ilk anda baharatl\u0131 bir k\u0131v\u0131lc\u0131m a\u00e7\u0131l\u0131r, ortada \u00e7i\u00e7eksi bir ge\u00e7it b\u0131rak\u0131r, sonunda ise kal\u0131c\u0131 bir bilgelik iziyle ruhun derinliklerine iner. Gece, i\u00e7sel ke\u015fif ve ayd\u0131nlanma yolculu\u011funun kokusal rit\u00fcelidir.  Geceyi anlamadan, ayd\u0131nl\u0131\u011fa ula\u015famazs\u0131n.  &nbsp; \u00dcst Notalar: Bergamot, okalipt\u00fcs ve biber Orta Notalar: Leylak, m\u00fcge \u00e7i\u00e7e\u011fi ve g\u00fcl Alt Notalar: Sedir a\u011fac\u0131, misk ve vanilya \u00dcr\u00fcn Kodu: 33128 90 ml e 3.04 fl.oz.\" \/>\n<meta property=\"og:url\" content=\"https:\/\/puzzleparfum.com\/en\/product\/puzzle-gece\/\" \/>\n<meta property=\"og:site_name\" content=\"Puzzle Perfume\" \/>\n<meta property=\"article:modified_time\" content=\"2026-01-10T21:00:10+00:00\" \/>\n<meta property=\"og:image\" content=\"https:\/\/puzzleparfum.com\/wp-content\/uploads\/2025\/11\/gece.webp\" \/>\n\t<meta property=\"og:image:width\" content=\"1600\" \/>\n\t<meta property=\"og:image:height\" content=\"1823\" \/>\n\t<meta property=\"og:image:type\" content=\"image\/webp\" \/>\n<meta name=\"twitter:card\" content=\"summary_large_image\" \/>\n<meta name=\"twitter:label1\" content=\"Est. reading time\" \/>\n\t<meta name=\"twitter:data1\" content=\"1 minute\" \/>\n<script type=\"application\/ld+json\" class=\"yoast-schema-graph\">{\"@context\":\"https:\\\/\\\/schema.org\",\"@graph\":[{\"@type\":\"WebPage\",\"@id\":\"https:\\\/\\\/puzzleparfum.com\\\/product\\\/puzzle-gece\\\/\",\"url\":\"https:\\\/\\\/puzzleparfum.com\\\/product\\\/puzzle-gece\\\/\",\"name\":\"Puzzle Gece - Puzzle Perfume\",\"isPartOf\":{\"@id\":\"https:\\\/\\\/puzzleparfum.com\\\/#website\"},\"primaryImageOfPage\":{\"@id\":\"https:\\\/\\\/puzzleparfum.com\\\/product\\\/puzzle-gece\\\/#primaryimage\"},\"image\":{\"@id\":\"https:\\\/\\\/puzzleparfum.com\\\/product\\\/puzzle-gece\\\/#primaryimage\"},\"thumbnailUrl\":\"https:\\\/\\\/puzzleparfum.com\\\/wp-content\\\/uploads\\\/2025\\\/11\\\/gece.webp\",\"datePublished\":\"2025-11-16T20:35:23+00:00\",\"dateModified\":\"2026-01-10T21:00:10+00:00\",\"breadcrumb\":{\"@id\":\"https:\\\/\\\/puzzleparfum.com\\\/product\\\/puzzle-gece\\\/#breadcrumb\"},\"inLanguage\":\"en-US\",\"potentialAction\":[{\"@type\":\"ReadAction\",\"target\":[\"https:\\\/\\\/puzzleparfum.com\\\/product\\\/puzzle-gece\\\/\"]}]},{\"@type\":\"ImageObject\",\"inLanguage\":\"en-US\",\"@id\":\"https:\\\/\\\/puzzleparfum.com\\\/product\\\/puzzle-gece\\\/#primaryimage\",\"url\":\"https:\\\/\\\/puzzleparfum.com\\\/wp-content\\\/uploads\\\/2025\\\/11\\\/gece.webp\",\"contentUrl\":\"https:\\\/\\\/puzzleparfum.com\\\/wp-content\\\/uploads\\\/2025\\\/11\\\/gece.webp\",\"width\":1600,\"height\":1823},{\"@type\":\"BreadcrumbList\",\"@id\":\"https:\\\/\\\/puzzleparfum.com\\\/product\\\/puzzle-gece\\\/#breadcrumb\",\"itemListElement\":[{\"@type\":\"ListItem\",\"position\":1,\"name\":\"Home\",\"item\":\"https:\\\/\\\/puzzleparfum.com\\\/\"},{\"@type\":\"ListItem\",\"position\":2,\"name\":\"\u00dcr\u00fcnler\",\"item\":\"https:\\\/\\\/puzzleparfum.com\\\/shop-2\\\/\"},{\"@type\":\"ListItem\",\"position\":3,\"name\":\"Puzzle Gece\"}]},{\"@type\":\"WebSite\",\"@id\":\"https:\\\/\\\/puzzleparfum.com\\\/#website\",\"url\":\"https:\\\/\\\/puzzleparfum.com\\\/\",\"name\":\"Puzzle Perfume\",\"description\":\"\",\"publisher\":{\"@id\":\"https:\\\/\\\/puzzleparfum.com\\\/#organization\"},\"potentialAction\":[{\"@type\":\"SearchAction\",\"target\":{\"@type\":\"EntryPoint\",\"urlTemplate\":\"https:\\\/\\\/puzzleparfum.com\\\/?s={search_term_string}\"},\"query-input\":{\"@type\":\"PropertyValueSpecification\",\"valueRequired\":true,\"valueName\":\"search_term_string\"}}],\"inLanguage\":\"en-US\"},{\"@type\":\"Organization\",\"@id\":\"https:\\\/\\\/puzzleparfum.com\\\/#organization\",\"name\":\"Puzzle Perfume\",\"url\":\"https:\\\/\\\/puzzleparfum.com\\\/\",\"logo\":{\"@type\":\"ImageObject\",\"inLanguage\":\"en-US\",\"@id\":\"https:\\\/\\\/puzzleparfum.com\\\/#\\\/schema\\\/logo\\\/image\\\/\",\"url\":\"http:\\\/\\\/puzzleparfum.com\\\/wp-content\\\/uploads\\\/2023\\\/02\\\/PPlogo.png\",\"contentUrl\":\"http:\\\/\\\/puzzleparfum.com\\\/wp-content\\\/uploads\\\/2023\\\/02\\\/PPlogo.png\",\"width\":4496,\"height\":1272,\"caption\":\"Puzzle Perfume\"},\"image\":{\"@id\":\"https:\\\/\\\/puzzleparfum.com\\\/#\\\/schema\\\/logo\\\/image\\\/\"},\"sameAs\":[\"https:\\\/\\\/www.instagram.com\\\/puzzleparfum\\\/\"]}]}<\/script>\n<!-- \/ Yoast SEO plugin. -->","yoast_head_json":{"title":"Puzzle Gece - Puzzle Perfume","robots":{"index":"index","follow":"follow","max-snippet":"max-snippet:-1","max-image-preview":"max-image-preview:large","max-video-preview":"max-video-preview:-1"},"canonical":"https:\/\/puzzleparfum.com\/en\/product\/puzzle-gece\/","og_locale":"en_US","og_type":"article","og_title":"Puzzle Gece - Puzzle Perfume","og_description":"Manas\u0131, ruhun en sessiz yank\u0131lar\u0131n\u0131n duyuldu\u011fu, zaman\u0131n durdu\u011fu anlar\u0131n ad\u0131d\u0131r. Benim i\u00e7in Gece, s\u0131radan bir karanl\u0131k de\u011fil; i\u00e7sel yolculu\u011fa a\u00e7\u0131lan gizemli bir kap\u0131d\u0131r. \u00dcst notalarda bergamot, okalipt\u00fcs ve biberle mistik bir ba\u015flang\u0131\u00e7 yapar. Orta notalarda leylak, m\u00fcge \u00e7i\u00e7e\u011fi ve g\u00fcl, karanl\u0131k ile ayd\u0131nl\u0131\u011f\u0131n dengesini hissettirir. Alt notalarda sedir a\u011fac\u0131, misk ve vanilya derinli\u011fiyle kadim bir hat\u0131ray\u0131 uyand\u0131r\u0131r. ilk anda baharatl\u0131 bir k\u0131v\u0131lc\u0131m a\u00e7\u0131l\u0131r, ortada \u00e7i\u00e7eksi bir ge\u00e7it b\u0131rak\u0131r, sonunda ise kal\u0131c\u0131 bir bilgelik iziyle ruhun derinliklerine iner. Gece, i\u00e7sel ke\u015fif ve ayd\u0131nlanma yolculu\u011funun kokusal rit\u00fcelidir.  Geceyi anlamadan, ayd\u0131nl\u0131\u011fa ula\u015famazs\u0131n.  &nbsp; \u00dcst Notalar: Bergamot, okalipt\u00fcs ve biber Orta Notalar: Leylak, m\u00fcge \u00e7i\u00e7e\u011fi ve g\u00fcl Alt Notalar: Sedir a\u011fac\u0131, misk ve vanilya \u00dcr\u00fcn Kodu: 33128 90 ml e 3.04 fl.oz.","og_url":"https:\/\/puzzleparfum.com\/en\/product\/puzzle-gece\/","og_site_name":"Puzzle Perfume","article_modified_time":"2026-01-10T21:00:10+00:00","og_image":[{"width":1600,"height":1823,"url":"https:\/\/puzzleparfum.com\/wp-content\/uploads\/2025\/11\/gece.webp","type":"image\/webp"}],"twitter_card":"summary_large_image","twitter_misc":{"Est. reading time":"1 minute"},"schema":{"@context":"https:\/\/schema.org","@graph":[{"@type":"WebPage","@id":"https:\/\/puzzleparfum.com\/product\/puzzle-gece\/","url":"https:\/\/puzzleparfum.com\/product\/puzzle-gece\/","name":"Puzzle Gece - Puzzle Perfume","isPartOf":{"@id":"https:\/\/puzzleparfum.com\/#website"},"primaryImageOfPage":{"@id":"https:\/\/puzzleparfum.com\/product\/puzzle-gece\/#primaryimage"},"image":{"@id":"https:\/\/puzzleparfum.com\/product\/puzzle-gece\/#primaryimage"},"thumbnailUrl":"https:\/\/puzzleparfum.com\/wp-content\/uploads\/2025\/11\/gece.webp","datePublished":"2025-11-16T20:35:23+00:00","dateModified":"2026-01-10T21:00:10+00:00","breadcrumb":{"@id":"https:\/\/puzzleparfum.com\/product\/puzzle-gece\/#breadcrumb"},"inLanguage":"en-US","potentialAction":[{"@type":"ReadAction","target":["https:\/\/puzzleparfum.com\/product\/puzzle-gece\/"]}]},{"@type":"ImageObject","inLanguage":"en-US","@id":"https:\/\/puzzleparfum.com\/product\/puzzle-gece\/#primaryimage","url":"https:\/\/puzzleparfum.com\/wp-content\/uploads\/2025\/11\/gece.webp","contentUrl":"https:\/\/puzzleparfum.com\/wp-content\/uploads\/2025\/11\/gece.webp","width":1600,"height":1823},{"@type":"BreadcrumbList","@id":"https:\/\/puzzleparfum.com\/product\/puzzle-gece\/#breadcrumb","itemListElement":[{"@type":"ListItem","position":1,"name":"Home","item":"https:\/\/puzzleparfum.com\/"},{"@type":"ListItem","position":2,"name":"\u00dcr\u00fcnler","item":"https:\/\/puzzleparfum.com\/shop-2\/"},{"@type":"ListItem","position":3,"name":"Puzzle Gece"}]},{"@type":"WebSite","@id":"https:\/\/puzzleparfum.com\/#website","url":"https:\/\/puzzleparfum.com\/","name":"Puzzle Perfume","description":"","publisher":{"@id":"https:\/\/puzzleparfum.com\/#organization"},"potentialAction":[{"@type":"SearchAction","target":{"@type":"EntryPoint","urlTemplate":"https:\/\/puzzleparfum.com\/?s={search_term_string}"},"query-input":{"@type":"PropertyValueSpecification","valueRequired":true,"valueName":"search_term_string"}}],"inLanguage":"en-US"},{"@type":"Organization","@id":"https:\/\/puzzleparfum.com\/#organization","name":"Puzzle Perfume","url":"https:\/\/puzzleparfum.com\/","logo":{"@type":"ImageObject","inLanguage":"en-US","@id":"https:\/\/puzzleparfum.com\/#\/schema\/logo\/image\/","url":"http:\/\/puzzleparfum.com\/wp-content\/uploads\/2023\/02\/PPlogo.png","contentUrl":"http:\/\/puzzleparfum.com\/wp-content\/uploads\/2023\/02\/PPlogo.png","width":4496,"height":1272,"caption":"Puzzle Perfume"},"image":{"@id":"https:\/\/puzzleparfum.com\/#\/schema\/logo\/image\/"},"sameAs":["https:\/\/www.instagram.com\/puzzleparfum\/"]}]}},"_links":{"self":[{"href":"https:\/\/puzzleparfum.com\/en\/wp-json\/wp\/v2\/product\/159501","targetHints":{"allow":["GET"]}}],"collection":[{"href":"https:\/\/puzzleparfum.com\/en\/wp-json\/wp\/v2\/product"}],"about":[{"href":"https:\/\/puzzleparfum.com\/en\/wp-json\/wp\/v2\/types\/product"}],"wp:featuredmedia":[{"embeddable":true,"href":"https:\/\/puzzleparfum.com\/en\/wp-json\/wp\/v2\/media\/159502"}],"wp:attachment":[{"href":"https:\/\/puzzleparfum.com\/en\/wp-json\/wp\/v2\/media?parent=159501"}],"wp:term":[{"taxonomy":"product_brand","embeddable":true,"href":"https:\/\/puzzleparfum.com\/en\/wp-json\/wp\/v2\/product_brand?post=159501"},{"taxonomy":"product_cat","embeddable":true,"href":"https:\/\/puzzleparfum.com\/en\/wp-json\/wp\/v2\/product_cat?post=159501"},{"taxonomy":"product_tag","embeddable":true,"href":"https:\/\/puzzleparfum.com\/en\/wp-json\/wp\/v2\/product_tag?post=159501"}],"curies":[{"name":"wp","href":"https:\/\/api.w.org\/{rel}","templated":true}]}}