{"id":159497,"date":"2025-11-16T20:19:51","date_gmt":"2025-11-16T20:19:51","guid":{"rendered":"https:\/\/puzzleparfum.com\/?post_type=product&#038;p=159497"},"modified":"2026-04-13T13:40:33","modified_gmt":"2026-04-13T13:40:33","slug":"puzzle-rayiha","status":"publish","type":"product","link":"https:\/\/puzzleparfum.com\/en\/product\/puzzle-rayiha\/","title":{"rendered":"Puzzle Rayiha"},"content":{"rendered":"","protected":false},"excerpt":{"rendered":"<p>Its meaning is the touch of the past on today with a delicate breeze. For me, Rayiha is the belief that scent is an invisible bridge from heart to heart. It is the revival of a memory hidden in time, brought back to life in the soul.<\/p>\n<p>Top notes of orange, orange blossom, and violet leaf offer nostalgic warmth. Heart notes of lily of the valley and tuberose reflect emotional depth with elegance. Base notes of amber, musk, and cedarwood seal a sense of belonging. It opens with a nostalgic tone, leaves emotional intensity in the heart, and finally becomes a memory hidden within the soul.<\/p>\n<p><b>Some scents are unforgettable, because they are not just fragrances, but wishes.<\/b><\/p>\n<p>&nbsp;<\/p>\n<p style=\"font-weight: 400;\">Top Notes: Orange, Orange Blossom, Violet Leaf<\/p>\n<p style=\"font-weight: 400;\">Middle Notes: Lily of the Valley, Tuberose<\/p>\n<p style=\"font-weight: 400;\">Base Notes: Amber, Musk, Cedarwood<\/p>\n<p style=\"font-weight: 400;\">Product Code: 33142<\/p>\n<p>90 ml e 3.04 fl.oz.<\/p>","protected":false},"featured_media":159500,"template":"","meta":[],"product_brand":[],"product_cat":[15,84,226,229],"product_tag":[],"class_list":{"0":"post-159497","1":"product","2":"type-product","3":"status-publish","4":"has-post-thumbnail","6":"product_cat-all","7":"product_cat-parfum-discovery","8":"product_cat-parfum","9":"product_cat-derun","10":"product_shipping_class-free-shipping","12":"first","13":"instock","14":"shipping-taxable","15":"purchasable","16":"product-type-simple"},"yoast_head":"<!-- This site is optimized with the Yoast SEO plugin v27.4 - https:\/\/yoast.com\/product\/yoast-seo-wordpress\/ -->\n<title>Puzzle Rayiha - Puzzle Perfume<\/title>\n<meta name=\"robots\" content=\"index, follow, max-snippet:-1, max-image-preview:large, max-video-preview:-1\" \/>\n<link rel=\"canonical\" href=\"https:\/\/puzzleparfum.com\/en\/product\/puzzle-rayiha\/\" \/>\n<meta property=\"og:locale\" content=\"en_US\" \/>\n<meta property=\"og:type\" content=\"article\" \/>\n<meta property=\"og:title\" content=\"Puzzle Rayiha - Puzzle Perfume\" \/>\n<meta property=\"og:description\" content=\"Manas\u0131, ge\u00e7mi\u015fin ince bir esintiyle bug\u00fcne dokunu\u015fudur. Benim i\u00e7in Rayiha, kokunun kalpten kalbe ge\u00e7en g\u00f6r\u00fcnmez bir k\u00f6pr\u00fc oldu\u011funa inanc\u0131md\u0131r. Zaman\u0131n i\u00e7inde sakl\u0131 bir hat\u0131ran\u0131n ruhta yeniden canlan\u0131\u015f\u0131d\u0131r.  \u00dcst notalarda portakal, portakal \u00e7i\u00e7e\u011fi ve menek\u015fe yapra\u011f\u0131yla nostaljik bir s\u0131cakl\u0131k sunar. Orta notalarda m\u00fcge \u00e7i\u00e7e\u011fi ve s\u00fcmb\u00fclteber zarafetle duygusal derinli\u011fi yans\u0131t\u0131rken, alt notalarda amber, misk ve sedir a\u011fac\u0131 aidiyet hissini m\u00fch\u00fcrler. Ba\u015flang\u0131\u00e7ta nostaljik bir t\u0131n\u0131yla a\u00e7\u0131l\u0131r, ortada duygusal bir yo\u011funluk b\u0131rak\u0131r, sonunda ise kalpte sakl\u0131 bir hat\u0131raya d\u00f6n\u00fc\u015f\u00fcr.  Baz\u0131 kokular unutulmaz, \u00e7\u00fcnk\u00fc onlar sadece koku de\u011fil, dilektir.  &nbsp; \u00dcst Notalar: Portakal, portakal \u00e7i\u00e7e\u011fi ve menek\u015fe yapra\u011f\u0131 Orta Notalar: M\u00fcge \u00e7i\u00e7e\u011fi ve s\u00fcmb\u00fclteber Alt Notalar: Amber, misk ve sedir a\u011fa\u00e7\u0131 \u00dcr\u00fcn Kodu: 33142 90 ml e 3.04 fl.oz.\" \/>\n<meta property=\"og:url\" content=\"https:\/\/puzzleparfum.com\/en\/product\/puzzle-rayiha\/\" \/>\n<meta property=\"og:site_name\" content=\"Puzzle Perfume\" \/>\n<meta property=\"article:modified_time\" content=\"2026-04-13T13:40:33+00:00\" \/>\n<meta property=\"og:image\" content=\"https:\/\/puzzleparfum.com\/wp-content\/uploads\/2025\/11\/rayihaon.webp\" \/>\n\t<meta property=\"og:image:width\" content=\"1600\" \/>\n\t<meta property=\"og:image:height\" content=\"1823\" \/>\n\t<meta property=\"og:image:type\" content=\"image\/webp\" \/>\n<meta name=\"twitter:card\" content=\"summary_large_image\" \/>\n<meta name=\"twitter:label1\" content=\"Est. reading time\" \/>\n\t<meta name=\"twitter:data1\" content=\"1 minute\" \/>\n<script type=\"application\/ld+json\" class=\"yoast-schema-graph\">{\"@context\":\"https:\\\/\\\/schema.org\",\"@graph\":[{\"@type\":\"WebPage\",\"@id\":\"https:\\\/\\\/puzzleparfum.com\\\/product\\\/puzzle-rayiha\\\/\",\"url\":\"https:\\\/\\\/puzzleparfum.com\\\/product\\\/puzzle-rayiha\\\/\",\"name\":\"Puzzle Rayiha - Puzzle Perfume\",\"isPartOf\":{\"@id\":\"https:\\\/\\\/puzzleparfum.com\\\/#website\"},\"primaryImageOfPage\":{\"@id\":\"https:\\\/\\\/puzzleparfum.com\\\/product\\\/puzzle-rayiha\\\/#primaryimage\"},\"image\":{\"@id\":\"https:\\\/\\\/puzzleparfum.com\\\/product\\\/puzzle-rayiha\\\/#primaryimage\"},\"thumbnailUrl\":\"https:\\\/\\\/puzzleparfum.com\\\/wp-content\\\/uploads\\\/2025\\\/11\\\/rayihaon.webp\",\"datePublished\":\"2025-11-16T20:19:51+00:00\",\"dateModified\":\"2026-04-13T13:40:33+00:00\",\"breadcrumb\":{\"@id\":\"https:\\\/\\\/puzzleparfum.com\\\/product\\\/puzzle-rayiha\\\/#breadcrumb\"},\"inLanguage\":\"en-US\",\"potentialAction\":[{\"@type\":\"ReadAction\",\"target\":[\"https:\\\/\\\/puzzleparfum.com\\\/product\\\/puzzle-rayiha\\\/\"]}]},{\"@type\":\"ImageObject\",\"inLanguage\":\"en-US\",\"@id\":\"https:\\\/\\\/puzzleparfum.com\\\/product\\\/puzzle-rayiha\\\/#primaryimage\",\"url\":\"https:\\\/\\\/puzzleparfum.com\\\/wp-content\\\/uploads\\\/2025\\\/11\\\/rayihaon.webp\",\"contentUrl\":\"https:\\\/\\\/puzzleparfum.com\\\/wp-content\\\/uploads\\\/2025\\\/11\\\/rayihaon.webp\",\"width\":1600,\"height\":1823},{\"@type\":\"BreadcrumbList\",\"@id\":\"https:\\\/\\\/puzzleparfum.com\\\/product\\\/puzzle-rayiha\\\/#breadcrumb\",\"itemListElement\":[{\"@type\":\"ListItem\",\"position\":1,\"name\":\"Home\",\"item\":\"https:\\\/\\\/puzzleparfum.com\\\/\"},{\"@type\":\"ListItem\",\"position\":2,\"name\":\"\u00dcr\u00fcnler\",\"item\":\"https:\\\/\\\/puzzleparfum.com\\\/shop-2\\\/\"},{\"@type\":\"ListItem\",\"position\":3,\"name\":\"Puzzle Rayiha\"}]},{\"@type\":\"WebSite\",\"@id\":\"https:\\\/\\\/puzzleparfum.com\\\/#website\",\"url\":\"https:\\\/\\\/puzzleparfum.com\\\/\",\"name\":\"Puzzle Perfume\",\"description\":\"\",\"publisher\":{\"@id\":\"https:\\\/\\\/puzzleparfum.com\\\/#organization\"},\"potentialAction\":[{\"@type\":\"SearchAction\",\"target\":{\"@type\":\"EntryPoint\",\"urlTemplate\":\"https:\\\/\\\/puzzleparfum.com\\\/?s={search_term_string}\"},\"query-input\":{\"@type\":\"PropertyValueSpecification\",\"valueRequired\":true,\"valueName\":\"search_term_string\"}}],\"inLanguage\":\"en-US\"},{\"@type\":\"Organization\",\"@id\":\"https:\\\/\\\/puzzleparfum.com\\\/#organization\",\"name\":\"Puzzle Perfume\",\"url\":\"https:\\\/\\\/puzzleparfum.com\\\/\",\"logo\":{\"@type\":\"ImageObject\",\"inLanguage\":\"en-US\",\"@id\":\"https:\\\/\\\/puzzleparfum.com\\\/#\\\/schema\\\/logo\\\/image\\\/\",\"url\":\"http:\\\/\\\/puzzleparfum.com\\\/wp-content\\\/uploads\\\/2023\\\/02\\\/PPlogo.png\",\"contentUrl\":\"http:\\\/\\\/puzzleparfum.com\\\/wp-content\\\/uploads\\\/2023\\\/02\\\/PPlogo.png\",\"width\":4496,\"height\":1272,\"caption\":\"Puzzle Perfume\"},\"image\":{\"@id\":\"https:\\\/\\\/puzzleparfum.com\\\/#\\\/schema\\\/logo\\\/image\\\/\"},\"sameAs\":[\"https:\\\/\\\/www.instagram.com\\\/puzzleparfum\\\/\"]}]}<\/script>\n<!-- \/ Yoast SEO plugin. -->","yoast_head_json":{"title":"Puzzle Rayiha - Puzzle Perfume","robots":{"index":"index","follow":"follow","max-snippet":"max-snippet:-1","max-image-preview":"max-image-preview:large","max-video-preview":"max-video-preview:-1"},"canonical":"https:\/\/puzzleparfum.com\/en\/product\/puzzle-rayiha\/","og_locale":"en_US","og_type":"article","og_title":"Puzzle Rayiha - Puzzle Perfume","og_description":"Manas\u0131, ge\u00e7mi\u015fin ince bir esintiyle bug\u00fcne dokunu\u015fudur. Benim i\u00e7in Rayiha, kokunun kalpten kalbe ge\u00e7en g\u00f6r\u00fcnmez bir k\u00f6pr\u00fc oldu\u011funa inanc\u0131md\u0131r. Zaman\u0131n i\u00e7inde sakl\u0131 bir hat\u0131ran\u0131n ruhta yeniden canlan\u0131\u015f\u0131d\u0131r.  \u00dcst notalarda portakal, portakal \u00e7i\u00e7e\u011fi ve menek\u015fe yapra\u011f\u0131yla nostaljik bir s\u0131cakl\u0131k sunar. Orta notalarda m\u00fcge \u00e7i\u00e7e\u011fi ve s\u00fcmb\u00fclteber zarafetle duygusal derinli\u011fi yans\u0131t\u0131rken, alt notalarda amber, misk ve sedir a\u011fac\u0131 aidiyet hissini m\u00fch\u00fcrler. Ba\u015flang\u0131\u00e7ta nostaljik bir t\u0131n\u0131yla a\u00e7\u0131l\u0131r, ortada duygusal bir yo\u011funluk b\u0131rak\u0131r, sonunda ise kalpte sakl\u0131 bir hat\u0131raya d\u00f6n\u00fc\u015f\u00fcr.  Baz\u0131 kokular unutulmaz, \u00e7\u00fcnk\u00fc onlar sadece koku de\u011fil, dilektir.  &nbsp; \u00dcst Notalar: Portakal, portakal \u00e7i\u00e7e\u011fi ve menek\u015fe yapra\u011f\u0131 Orta Notalar: M\u00fcge \u00e7i\u00e7e\u011fi ve s\u00fcmb\u00fclteber Alt Notalar: Amber, misk ve sedir a\u011fa\u00e7\u0131 \u00dcr\u00fcn Kodu: 33142 90 ml e 3.04 fl.oz.","og_url":"https:\/\/puzzleparfum.com\/en\/product\/puzzle-rayiha\/","og_site_name":"Puzzle Perfume","article_modified_time":"2026-04-13T13:40:33+00:00","og_image":[{"width":1600,"height":1823,"url":"https:\/\/puzzleparfum.com\/wp-content\/uploads\/2025\/11\/rayihaon.webp","type":"image\/webp"}],"twitter_card":"summary_large_image","twitter_misc":{"Est. reading time":"1 minute"},"schema":{"@context":"https:\/\/schema.org","@graph":[{"@type":"WebPage","@id":"https:\/\/puzzleparfum.com\/product\/puzzle-rayiha\/","url":"https:\/\/puzzleparfum.com\/product\/puzzle-rayiha\/","name":"Puzzle Rayiha - Puzzle Perfume","isPartOf":{"@id":"https:\/\/puzzleparfum.com\/#website"},"primaryImageOfPage":{"@id":"https:\/\/puzzleparfum.com\/product\/puzzle-rayiha\/#primaryimage"},"image":{"@id":"https:\/\/puzzleparfum.com\/product\/puzzle-rayiha\/#primaryimage"},"thumbnailUrl":"https:\/\/puzzleparfum.com\/wp-content\/uploads\/2025\/11\/rayihaon.webp","datePublished":"2025-11-16T20:19:51+00:00","dateModified":"2026-04-13T13:40:33+00:00","breadcrumb":{"@id":"https:\/\/puzzleparfum.com\/product\/puzzle-rayiha\/#breadcrumb"},"inLanguage":"en-US","potentialAction":[{"@type":"ReadAction","target":["https:\/\/puzzleparfum.com\/product\/puzzle-rayiha\/"]}]},{"@type":"ImageObject","inLanguage":"en-US","@id":"https:\/\/puzzleparfum.com\/product\/puzzle-rayiha\/#primaryimage","url":"https:\/\/puzzleparfum.com\/wp-content\/uploads\/2025\/11\/rayihaon.webp","contentUrl":"https:\/\/puzzleparfum.com\/wp-content\/uploads\/2025\/11\/rayihaon.webp","width":1600,"height":1823},{"@type":"BreadcrumbList","@id":"https:\/\/puzzleparfum.com\/product\/puzzle-rayiha\/#breadcrumb","itemListElement":[{"@type":"ListItem","position":1,"name":"Home","item":"https:\/\/puzzleparfum.com\/"},{"@type":"ListItem","position":2,"name":"\u00dcr\u00fcnler","item":"https:\/\/puzzleparfum.com\/shop-2\/"},{"@type":"ListItem","position":3,"name":"Puzzle Rayiha"}]},{"@type":"WebSite","@id":"https:\/\/puzzleparfum.com\/#website","url":"https:\/\/puzzleparfum.com\/","name":"Puzzle Perfume","description":"","publisher":{"@id":"https:\/\/puzzleparfum.com\/#organization"},"potentialAction":[{"@type":"SearchAction","target":{"@type":"EntryPoint","urlTemplate":"https:\/\/puzzleparfum.com\/?s={search_term_string}"},"query-input":{"@type":"PropertyValueSpecification","valueRequired":true,"valueName":"search_term_string"}}],"inLanguage":"en-US"},{"@type":"Organization","@id":"https:\/\/puzzleparfum.com\/#organization","name":"Puzzle Perfume","url":"https:\/\/puzzleparfum.com\/","logo":{"@type":"ImageObject","inLanguage":"en-US","@id":"https:\/\/puzzleparfum.com\/#\/schema\/logo\/image\/","url":"http:\/\/puzzleparfum.com\/wp-content\/uploads\/2023\/02\/PPlogo.png","contentUrl":"http:\/\/puzzleparfum.com\/wp-content\/uploads\/2023\/02\/PPlogo.png","width":4496,"height":1272,"caption":"Puzzle Perfume"},"image":{"@id":"https:\/\/puzzleparfum.com\/#\/schema\/logo\/image\/"},"sameAs":["https:\/\/www.instagram.com\/puzzleparfum\/"]}]}},"_links":{"self":[{"href":"https:\/\/puzzleparfum.com\/en\/wp-json\/wp\/v2\/product\/159497","targetHints":{"allow":["GET"]}}],"collection":[{"href":"https:\/\/puzzleparfum.com\/en\/wp-json\/wp\/v2\/product"}],"about":[{"href":"https:\/\/puzzleparfum.com\/en\/wp-json\/wp\/v2\/types\/product"}],"wp:featuredmedia":[{"embeddable":true,"href":"https:\/\/puzzleparfum.com\/en\/wp-json\/wp\/v2\/media\/159500"}],"wp:attachment":[{"href":"https:\/\/puzzleparfum.com\/en\/wp-json\/wp\/v2\/media?parent=159497"}],"wp:term":[{"taxonomy":"product_brand","embeddable":true,"href":"https:\/\/puzzleparfum.com\/en\/wp-json\/wp\/v2\/product_brand?post=159497"},{"taxonomy":"product_cat","embeddable":true,"href":"https:\/\/puzzleparfum.com\/en\/wp-json\/wp\/v2\/product_cat?post=159497"},{"taxonomy":"product_tag","embeddable":true,"href":"https:\/\/puzzleparfum.com\/en\/wp-json\/wp\/v2\/product_tag?post=159497"}],"curies":[{"name":"wp","href":"https:\/\/api.w.org\/{rel}","templated":true}]}}