{"id":3095,"date":"2023-02-27T13:47:30","date_gmt":"2023-02-27T13:47:30","guid":{"rendered":"https:\/\/puzzleperfume.com\/?page_id=3095"},"modified":"2025-11-02T11:13:32","modified_gmt":"2025-11-02T11:13:32","slug":"cengiz-yatagan","status":"publish","type":"page","link":"https:\/\/puzzleparfum.com\/en\/cengiz-yatagan\/","title":{"rendered":"Tahir Cengiz Yata\u011fan"},"content":{"rendered":"<div class=\"wpb-content-wrapper\"><div data-parent=\"true\" class=\"vc_row has-bg need-focus style-color-jevc-bg row-container\" id=\"row-unique-0\"><div class=\"row unequal no-top-padding no-bottom-padding no-h-padding full-width row-parent\" data-height-ratio=\"full\"><div class=\"wpb_row row-inner\"><div class=\"wpb_column pos-top pos-center align_left column_parent col-lg-12 single-internal-gutter\"><div class=\"uncol style-spec style-dark unexpand\"  ><div class=\"uncoltable\"><div class=\"uncell no-block-padding\" ><div class=\"uncont\" ><div class=\"vc_row row-internal row-container\"><div class=\"row unequal col-no-gutter row-child\"><div class=\"wpb_row row-inner\"><div class=\"wpb_column pos-top pos-center align_left column_child col-lg-6 single-internal-gutter\"><div class=\"uncol style-light unexpand animate_when_almost_visible alpha-anim\" data-delay=\"200\" data-speed=\"2000\"><div class=\"uncoltable\" style=\"min-height: 300px;\"><div class=\"uncell no-block-padding\" ><div class=\"uncont\" ><div class=\"uncode-single-media mobile-hidden text-center\"><div class=\"single-wrapper\" style=\"max-width: 100%;\"><div class=\"tmb tmb-light  img-round img-round-std tmb-media-first tmb-media-last tmb-content-overlay tmb-no-bg\"><div class=\"t-inside\"><div class=\"t-entry-visual\"><div class=\"t-entry-visual-tc\"><div class=\"uncode-single-media-wrapper img-round img-round-std\"><img decoding=\"async\" class=\"wp-image-3176\" src=\"https:\/\/puzzleparfum.com\/wp-content\/uploads\/2023\/03\/Untitled-2.png\" width=\"579\" height=\"884\" alt=\"\" srcset=\"https:\/\/puzzleparfum.com\/wp-content\/uploads\/2023\/03\/Untitled-2.png 579w, https:\/\/puzzleparfum.com\/wp-content\/uploads\/2023\/03\/Untitled-2-196x300.png 196w\" sizes=\"(max-width: 579px) 100vw, 579px\" \/><\/div>\n\t\t\t\t\t<\/div>\n\t\t\t\t<\/div><\/div><\/div><\/div><\/div><div class=\"uncode-single-media desktop-hidden tablet-hidden text-center\"><div class=\"single-wrapper\" style=\"max-width: 100%;\"><div class=\"tmb tmb-light  img-round img-round-std tmb-media-first tmb-media-last tmb-content-overlay tmb-no-bg\"><div class=\"t-inside\"><div class=\"t-entry-visual\"><div class=\"t-entry-visual-tc\"><div class=\"uncode-single-media-wrapper img-round img-round-std\"><img decoding=\"async\" class=\"wp-image-3180\" src=\"https:\/\/puzzleparfum.com\/wp-content\/uploads\/2023\/03\/Untitled-3.png\" width=\"1920\" height=\"1034\" alt=\"\" srcset=\"https:\/\/puzzleparfum.com\/wp-content\/uploads\/2023\/03\/Untitled-3.png 1920w, https:\/\/puzzleparfum.com\/wp-content\/uploads\/2023\/03\/Untitled-3-920x495.png 920w, https:\/\/puzzleparfum.com\/wp-content\/uploads\/2023\/03\/Untitled-3-300x162.png 300w, https:\/\/puzzleparfum.com\/wp-content\/uploads\/2023\/03\/Untitled-3-1024x551.png 1024w, https:\/\/puzzleparfum.com\/wp-content\/uploads\/2023\/03\/Untitled-3-768x414.png 768w, https:\/\/puzzleparfum.com\/wp-content\/uploads\/2023\/03\/Untitled-3-1536x827.png 1536w, https:\/\/puzzleparfum.com\/wp-content\/uploads\/2023\/03\/Untitled-3-uai-720x388.png 720w, https:\/\/puzzleparfum.com\/wp-content\/uploads\/2023\/03\/Untitled-3-uai-1032x556.png 1032w\" sizes=\"(max-width: 1920px) 100vw, 1920px\" \/><\/div>\n\t\t\t\t\t<\/div>\n\t\t\t\t<\/div><\/div><\/div><\/div><\/div><\/div><\/div><\/div><\/div><\/div><div class=\"wpb_column pos-middle pos-center align_left column_child col-lg-6 single-internal-gutter\"><div class=\"uncol style-spec style-dark\" ><div class=\"uncoltable\"><div class=\"uncell double-block-padding\" ><div class=\"uncont\" style=\" max-width:77%;\" ><div class=\"vc_custom_heading_wrap\"><div class=\"heading-text el-text alpha-anim animate_when_almost_visible\" data-delay=\"200\" data-speed=\"2000\"><h1 class=\"text-accent-color\" ><i><span>Tahir Cengiz Yata\u011fan<\/span><\/i><\/h1><div class=\"text-small text-top-reduced\"><p>Artist<\/p>\n<\/div><\/div><div class=\"clear\"><\/div><\/div><div class=\"uncode_text_column text-accent-color alpha-anim animate_when_almost_visible\" data-delay=\"200\" data-speed=\"2000\"><p>Cengiz Yata\u011fan, who is preparing to exhibit his works in international art institutions, began his art production in 2012 and continues his work in his studio located in Beyo\u011flu, which we can consider as the art center of Istanbul.<\/p>\n<\/div><div class=\"uncode_text_column text-accent-color alpha-anim animate_when_almost_visible\" data-delay=\"200\" data-speed=\"2000\"><p>In previous years, his personal works executed on canvas with acrylic paintings, as well as the group exhibitions he participated in, consist of abstract works that do not refer to the objective reality like a traditional understanding, where each piece is dependent on a whole and the whole is dependent on its parts, like an organism. Yata\u011fan always presents us with a discovery in his creative practice. The paintings he created on metal plates represent a period that conveys the concepts of emptiness and completion.<\/p>\n<p>Yata\u011fan's recent works, on the other hand, form a maximum depth painting topography on canvas by combining different materials and epoxy using a technique he devised himself. In his artworks, the artist has integrated materials with his own style to such an extent that he presents vertical and horizontal compositions to the viewer that evoke a sense of touch, giving the feeling that they have spontaneously emerged without human touch.<\/p>\n<div class=\"wpb_text_column wpb_content_element wpb_animate_when_almost_visible wpb_fadeIn fadeIn wpb_start_animation animated\">\n<div class=\"wpb_wrapper\">\n<p>The artist's paintings, which he forms homogeneously from paint and colors, visualize the interrelation of nature and his own concepts, akin to volcanic geological formations. These surfaces immerse the viewer into the vastness of nature; like the repetition of nature but with nothing resembling each other. The transition from human fingerprints to tree trunks, from marble veins to the delicacy of a leaf takes place. Yata\u011fan, who brings together sharpness and fleeting softness, draws a roadmap to the level of spiritual evolution in Rumi's Sufi philosophy, from cultural heritage to his unique painting style in the process of finding. A series of abstract images ensures evolutionary coherence. This process leaves us face to face with ourselves by questioning the first breath we take from life, our exchanges in the process of life, and the life cycle between the past and the future. Cengiz Yata\u011fan establishes a rare deep relationship between spirituality and plastic arts. Yata\u011fan's paintings create a field of spiritual energy.<\/p>\n<\/div>\n<\/div>\n<p>\n<\/div><\/div><\/div><\/div><\/div><\/div><\/div><\/div><\/div><\/div><\/div><\/div><\/div><\/div><script id=\"script-row-unique-0\" data-row=\"script-row-unique-0\" type=\"text\/javascript\" class=\"vc_controls\">UNCODE.initRow(document.getElementById(\"row-unique-0\"));<\/script><\/div><\/div><\/div>\n<\/div>","protected":false},"excerpt":{"rendered":"Tahir Cengiz Yata\u011fanSanat\u00e7\u0131 \u00c7al\u0131\u015fmalar\u0131n\u0131 uluslararas\u0131 sanat kurumlar\u0131nda sergilemeye haz\u0131rlanan Cengiz Yata\u011fan, 2012 y\u0131l\u0131nda sanat \u00fcretimine ba\u015flam\u0131\u015f \u0130stanbul\u2019un sanat merkezi sayabilece\u011fimiz [...]","protected":false},"author":1,"featured_media":0,"parent":0,"menu_order":0,"comment_status":"closed","ping_status":"closed","template":"","meta":{"footnotes":""},"class_list":["post-3095","page","type-page","status-publish","hentry"],"yoast_head":"<!-- This site is optimized with the Yoast SEO plugin v27.3 - https:\/\/yoast.com\/product\/yoast-seo-wordpress\/ -->\n<title>Tahir Cengiz Yata\u011fan - Puzzle Perfume<\/title>\n<meta name=\"robots\" content=\"index, follow, max-snippet:-1, max-image-preview:large, max-video-preview:-1\" \/>\n<link rel=\"canonical\" href=\"https:\/\/puzzleparfum.com\/en\/cengiz-yatagan\/\" \/>\n<meta property=\"og:locale\" content=\"en_US\" \/>\n<meta property=\"og:type\" content=\"article\" \/>\n<meta property=\"og:title\" content=\"Tahir Cengiz Yata\u011fan - Puzzle Perfume\" \/>\n<meta property=\"og:url\" content=\"https:\/\/puzzleparfum.com\/en\/cengiz-yatagan\/\" \/>\n<meta property=\"og:site_name\" content=\"Puzzle Perfume\" \/>\n<meta property=\"article:modified_time\" content=\"2025-11-02T11:13:32+00:00\" \/>\n<meta name=\"twitter:card\" content=\"summary_large_image\" \/>\n<meta name=\"twitter:label1\" content=\"Est. reading time\" \/>\n\t<meta name=\"twitter:data1\" content=\"2 minutes\" \/>\n<script type=\"application\/ld+json\" class=\"yoast-schema-graph\">{\"@context\":\"https:\\\/\\\/schema.org\",\"@graph\":[{\"@type\":\"WebPage\",\"@id\":\"https:\\\/\\\/puzzleparfum.com\\\/cengiz-yatagan\\\/\",\"url\":\"https:\\\/\\\/puzzleparfum.com\\\/cengiz-yatagan\\\/\",\"name\":\"Tahir Cengiz Yata\u011fan - Puzzle Perfume\",\"isPartOf\":{\"@id\":\"https:\\\/\\\/puzzleparfum.com\\\/#website\"},\"datePublished\":\"2023-02-27T13:47:30+00:00\",\"dateModified\":\"2025-11-02T11:13:32+00:00\",\"breadcrumb\":{\"@id\":\"https:\\\/\\\/puzzleparfum.com\\\/cengiz-yatagan\\\/#breadcrumb\"},\"inLanguage\":\"en-US\",\"potentialAction\":[{\"@type\":\"ReadAction\",\"target\":[\"https:\\\/\\\/puzzleparfum.com\\\/cengiz-yatagan\\\/\"]}]},{\"@type\":\"BreadcrumbList\",\"@id\":\"https:\\\/\\\/puzzleparfum.com\\\/cengiz-yatagan\\\/#breadcrumb\",\"itemListElement\":[{\"@type\":\"ListItem\",\"position\":1,\"name\":\"Home\",\"item\":\"https:\\\/\\\/puzzleparfum.com\\\/\"},{\"@type\":\"ListItem\",\"position\":2,\"name\":\"Tahir Cengiz Yata\u011fan\"}]},{\"@type\":\"WebSite\",\"@id\":\"https:\\\/\\\/puzzleparfum.com\\\/#website\",\"url\":\"https:\\\/\\\/puzzleparfum.com\\\/\",\"name\":\"Puzzle Perfume\",\"description\":\"\",\"publisher\":{\"@id\":\"https:\\\/\\\/puzzleparfum.com\\\/#organization\"},\"potentialAction\":[{\"@type\":\"SearchAction\",\"target\":{\"@type\":\"EntryPoint\",\"urlTemplate\":\"https:\\\/\\\/puzzleparfum.com\\\/?s={search_term_string}\"},\"query-input\":{\"@type\":\"PropertyValueSpecification\",\"valueRequired\":true,\"valueName\":\"search_term_string\"}}],\"inLanguage\":\"en-US\"},{\"@type\":\"Organization\",\"@id\":\"https:\\\/\\\/puzzleparfum.com\\\/#organization\",\"name\":\"Puzzle Perfume\",\"url\":\"https:\\\/\\\/puzzleparfum.com\\\/\",\"logo\":{\"@type\":\"ImageObject\",\"inLanguage\":\"en-US\",\"@id\":\"https:\\\/\\\/puzzleparfum.com\\\/#\\\/schema\\\/logo\\\/image\\\/\",\"url\":\"http:\\\/\\\/puzzleparfum.com\\\/wp-content\\\/uploads\\\/2023\\\/02\\\/PPlogo.png\",\"contentUrl\":\"http:\\\/\\\/puzzleparfum.com\\\/wp-content\\\/uploads\\\/2023\\\/02\\\/PPlogo.png\",\"width\":4496,\"height\":1272,\"caption\":\"Puzzle Perfume\"},\"image\":{\"@id\":\"https:\\\/\\\/puzzleparfum.com\\\/#\\\/schema\\\/logo\\\/image\\\/\"},\"sameAs\":[\"https:\\\/\\\/www.instagram.com\\\/puzzleparfum\\\/\"]}]}<\/script>\n<!-- \/ Yoast SEO plugin. -->","yoast_head_json":{"title":"Tahir Cengiz Yata\u011fan - Puzzle Perfume","robots":{"index":"index","follow":"follow","max-snippet":"max-snippet:-1","max-image-preview":"max-image-preview:large","max-video-preview":"max-video-preview:-1"},"canonical":"https:\/\/puzzleparfum.com\/en\/cengiz-yatagan\/","og_locale":"en_US","og_type":"article","og_title":"Tahir Cengiz Yata\u011fan - Puzzle Perfume","og_url":"https:\/\/puzzleparfum.com\/en\/cengiz-yatagan\/","og_site_name":"Puzzle Perfume","article_modified_time":"2025-11-02T11:13:32+00:00","twitter_card":"summary_large_image","twitter_misc":{"Est. reading time":"2 minutes"},"schema":{"@context":"https:\/\/schema.org","@graph":[{"@type":"WebPage","@id":"https:\/\/puzzleparfum.com\/cengiz-yatagan\/","url":"https:\/\/puzzleparfum.com\/cengiz-yatagan\/","name":"Tahir Cengiz Yata\u011fan - Puzzle Perfume","isPartOf":{"@id":"https:\/\/puzzleparfum.com\/#website"},"datePublished":"2023-02-27T13:47:30+00:00","dateModified":"2025-11-02T11:13:32+00:00","breadcrumb":{"@id":"https:\/\/puzzleparfum.com\/cengiz-yatagan\/#breadcrumb"},"inLanguage":"en-US","potentialAction":[{"@type":"ReadAction","target":["https:\/\/puzzleparfum.com\/cengiz-yatagan\/"]}]},{"@type":"BreadcrumbList","@id":"https:\/\/puzzleparfum.com\/cengiz-yatagan\/#breadcrumb","itemListElement":[{"@type":"ListItem","position":1,"name":"Home","item":"https:\/\/puzzleparfum.com\/"},{"@type":"ListItem","position":2,"name":"Tahir Cengiz Yata\u011fan"}]},{"@type":"WebSite","@id":"https:\/\/puzzleparfum.com\/#website","url":"https:\/\/puzzleparfum.com\/","name":"Puzzle Perfume","description":"","publisher":{"@id":"https:\/\/puzzleparfum.com\/#organization"},"potentialAction":[{"@type":"SearchAction","target":{"@type":"EntryPoint","urlTemplate":"https:\/\/puzzleparfum.com\/?s={search_term_string}"},"query-input":{"@type":"PropertyValueSpecification","valueRequired":true,"valueName":"search_term_string"}}],"inLanguage":"en-US"},{"@type":"Organization","@id":"https:\/\/puzzleparfum.com\/#organization","name":"Puzzle Perfume","url":"https:\/\/puzzleparfum.com\/","logo":{"@type":"ImageObject","inLanguage":"en-US","@id":"https:\/\/puzzleparfum.com\/#\/schema\/logo\/image\/","url":"http:\/\/puzzleparfum.com\/wp-content\/uploads\/2023\/02\/PPlogo.png","contentUrl":"http:\/\/puzzleparfum.com\/wp-content\/uploads\/2023\/02\/PPlogo.png","width":4496,"height":1272,"caption":"Puzzle Perfume"},"image":{"@id":"https:\/\/puzzleparfum.com\/#\/schema\/logo\/image\/"},"sameAs":["https:\/\/www.instagram.com\/puzzleparfum\/"]}]}},"_links":{"self":[{"href":"https:\/\/puzzleparfum.com\/en\/wp-json\/wp\/v2\/pages\/3095","targetHints":{"allow":["GET"]}}],"collection":[{"href":"https:\/\/puzzleparfum.com\/en\/wp-json\/wp\/v2\/pages"}],"about":[{"href":"https:\/\/puzzleparfum.com\/en\/wp-json\/wp\/v2\/types\/page"}],"author":[{"embeddable":true,"href":"https:\/\/puzzleparfum.com\/en\/wp-json\/wp\/v2\/users\/1"}],"replies":[{"embeddable":true,"href":"https:\/\/puzzleparfum.com\/en\/wp-json\/wp\/v2\/comments?post=3095"}],"version-history":[{"count":48,"href":"https:\/\/puzzleparfum.com\/en\/wp-json\/wp\/v2\/pages\/3095\/revisions"}],"predecessor-version":[{"id":159295,"href":"https:\/\/puzzleparfum.com\/en\/wp-json\/wp\/v2\/pages\/3095\/revisions\/159295"}],"wp:attachment":[{"href":"https:\/\/puzzleparfum.com\/en\/wp-json\/wp\/v2\/media?parent=3095"}],"curies":[{"name":"wp","href":"https:\/\/api.w.org\/{rel}","templated":true}]}}